{"id":24953,"date":"2026-02-07T17:48:57","date_gmt":"2026-02-07T15:48:57","guid":{"rendered":"https:\/\/dev.garden.ee\/?post_type=product&#038;p=24953"},"modified":"2026-02-10T11:54:49","modified_gmt":"2026-02-10T09:54:49","slug":"mentor-rose","status":"publish","type":"product","link":"https:\/\/dev.garden.ee\/en\/product\/mentor-rose\/","title":{"rendered":"Mentor\u00ae-Rose"},"content":{"rendered":"<input class=\"fooboxshare_post_id\" type=\"hidden\" value=\"24953\"\/>","protected":false},"excerpt":{"rendered":"<p>Rikkalikult kasvav, laia p\u00f5\u00f5sastikuga Floribunda, mille elegantse kujuga \u00f5iepungad avanevad kergelt kahekordsete keskmise suurusega (6-7cm) \u00f5iteks, mis kutsuvad \u00f5ietolmu koguma igasuguseid putukaid. Suurep\u00e4rane haigus- ja ilmastikukindlus r\u00f5hutab selle stiilse roosi loomulikku, kuid siiski \u00f5ilsat iseloomu.<\/p>\n<p>Auhinnatud rahvusvahelistel roosiv\u00f5istlustel; ADR.<\/p>","protected":false},"featured_media":24958,"template":"","meta":[],"product_brand":[],"product_cat":[9637,9702,6934,9550,4416,4402,22],"product_tag":[9418],"class_list":{"0":"post-24953","1":"product","2":"type-product","3":"status-publish","4":"has-post-thumbnail","6":"product_cat-istutuskast","7":"product_cat-linnaaed","8":"product_cat-mesilassobralik-aed","9":"product_cat-rodu-ja-terrass","10":"product_cat-roosiaed","11":"product_cat-roosid","12":"product_cat-taimed","13":"product_tag-adr-roos","14":"pa_adr-jah","15":"pa_aretus-w-kordes-sohne","16":"pa_avalikustamisaasta-saksamaa-2022","17":"pa_haiguskindlus-vaga-hea","18":"pa_kasvukorgus-70-90-cm","19":"pa_laius-50-cm","20":"pa_lisainfo-mesilaste-lemmik","21":"pa_lisainfo-sobilik-istutuskasti-jaoks","22":"pa_lohn-orn","23":"pa_oie-suurus-keskmine","24":"pa_oie-varv-kreemjas","25":"pa_oie-varv-valge","26":"pa_oietuup-pooltaidisois","27":"pa_oitsemine-korduvalt-oitsev","28":"pa_sort-floribund-ehk-paljuoieline-roos","29":"pa_taimede-arvestus-ruutmeetri-3-4","30":"pa_talvekindlus-vaga-hea","31":"pa_variatsioon-potis-2l-kevadel","32":"pa_variatsioon-potis-4-6l","34":"first","35":"outofstock","36":"purchasable","37":"product-type-variable"},"acf":[],"_links":{"self":[{"href":"https:\/\/dev.garden.ee\/en\/wp-json\/wp\/v2\/product\/24953","targetHints":{"allow":["GET"]}}],"collection":[{"href":"https:\/\/dev.garden.ee\/en\/wp-json\/wp\/v2\/product"}],"about":[{"href":"https:\/\/dev.garden.ee\/en\/wp-json\/wp\/v2\/types\/product"}],"wp:featuredmedia":[{"embeddable":true,"href":"https:\/\/dev.garden.ee\/en\/wp-json\/wp\/v2\/media\/24958"}],"wp:attachment":[{"href":"https:\/\/dev.garden.ee\/en\/wp-json\/wp\/v2\/media?parent=24953"}],"wp:term":[{"taxonomy":"product_brand","embeddable":true,"href":"https:\/\/dev.garden.ee\/en\/wp-json\/wp\/v2\/product_brand?post=24953"},{"taxonomy":"product_cat","embeddable":true,"href":"https:\/\/dev.garden.ee\/en\/wp-json\/wp\/v2\/product_cat?post=24953"},{"taxonomy":"product_tag","embeddable":true,"href":"https:\/\/dev.garden.ee\/en\/wp-json\/wp\/v2\/product_tag?post=24953"}],"curies":[{"name":"wp","href":"https:\/\/api.w.org\/{rel}","templated":true}]}}