{"id":24948,"date":"2026-02-07T16:02:25","date_gmt":"2026-02-07T14:02:25","guid":{"rendered":"https:\/\/dev.garden.ee\/?post_type=product&#038;p=24948"},"modified":"2026-02-07T16:16:15","modified_gmt":"2026-02-07T14:16:15","slug":"meine-rose","status":"publish","type":"product","link":"https:\/\/dev.garden.ee\/en\/product\/meine-rose\/","title":{"rendered":"Meine Rose"},"content":{"rendered":"<input class=\"fooboxshare_post_id\" type=\"hidden\" value=\"24948\"\/>","protected":false},"excerpt":{"rendered":"<p>P\u00fcstise kasvuga, h\u00e4sti kasvav ja tervislik teeh\u00fcbriid, mille tiheda t\u00e4idisega elegantsed kreemjad roosad \u00f5ied ilmuvad alati v\u00e4ikeste vihmavarjulistes vormides ja omandavad \u00f5itsedes vanade rooside stiilis nostalgilise vormi. Pooll\u00e4ikivad tumerohelised lehed lisavad sellele v\u00f5lu. Robustsus koos meeldivalt v\u00fcrtsika l\u00f5hnaga muudab selle sordi kindlasti teie aia menukaimaks roosiks.<\/p>","protected":false},"featured_media":24951,"template":"","meta":[],"product_brand":[],"product_cat":[4413,4416,4402,22],"product_tag":[9418],"class_list":{"0":"post-24948","1":"product","2":"type-product","3":"status-publish","4":"has-post-thumbnail","6":"product_cat-loikelilleaed","7":"product_cat-roosiaed","8":"product_cat-roosid","9":"product_cat-taimed","10":"product_tag-adr-roos","11":"pa_adr-9781","12":"pa_aretus-w-kordes-sohne","13":"pa_avalikustamisaasta-saksamaa-2021","14":"pa_haiguskindlus-vaga-hea","15":"pa_kasvukorgus-100-cm","16":"pa_kollektsioon-eleganza","17":"pa_laius-60-cm","18":"pa_lisainfo-sobib-loikelilleks","19":"pa_lohn-keskmine","20":"pa_lohn-vurtsikas","21":"pa_oie-suurus-suur","22":"pa_oie-varv-roosa","23":"pa_oietuup-taidisois","24":"pa_oitsemine-korduvalt-oitsev","25":"pa_sort-teehubriidroos","26":"pa_taimede-arvestus-ruutmeetri-9218","27":"pa_talvekindlus-hea","28":"pa_variatsioon-potis-2l-kevadel","29":"pa_variatsioon-potis-4-6l","31":"first","32":"outofstock","33":"purchasable","34":"product-type-variable"},"acf":[],"_links":{"self":[{"href":"https:\/\/dev.garden.ee\/en\/wp-json\/wp\/v2\/product\/24948","targetHints":{"allow":["GET"]}}],"collection":[{"href":"https:\/\/dev.garden.ee\/en\/wp-json\/wp\/v2\/product"}],"about":[{"href":"https:\/\/dev.garden.ee\/en\/wp-json\/wp\/v2\/types\/product"}],"wp:featuredmedia":[{"embeddable":true,"href":"https:\/\/dev.garden.ee\/en\/wp-json\/wp\/v2\/media\/24951"}],"wp:attachment":[{"href":"https:\/\/dev.garden.ee\/en\/wp-json\/wp\/v2\/media?parent=24948"}],"wp:term":[{"taxonomy":"product_brand","embeddable":true,"href":"https:\/\/dev.garden.ee\/en\/wp-json\/wp\/v2\/product_brand?post=24948"},{"taxonomy":"product_cat","embeddable":true,"href":"https:\/\/dev.garden.ee\/en\/wp-json\/wp\/v2\/product_cat?post=24948"},{"taxonomy":"product_tag","embeddable":true,"href":"https:\/\/dev.garden.ee\/en\/wp-json\/wp\/v2\/product_tag?post=24948"}],"curies":[{"name":"wp","href":"https:\/\/api.w.org\/{rel}","templated":true}]}}