{"id":24941,"date":"2026-02-07T14:50:16","date_gmt":"2026-02-07T12:50:16","guid":{"rendered":"https:\/\/dev.garden.ee\/?post_type=product&#038;p=24941"},"modified":"2026-02-07T15:06:26","modified_gmt":"2026-02-07T13:06:26","slug":"mauritia-uus","status":"publish","type":"product","link":"https:\/\/dev.garden.ee\/en\/product\/mauritia-uus\/","title":{"rendered":"Mauritia\u00ae UUS!"},"content":{"rendered":"<input class=\"fooboxshare_post_id\" type=\"hidden\" value=\"24941\"\/>","protected":false},"excerpt":{"rendered":"<p>Virsikukarva roosad kroonlehed keerduvad ja p\u00f6\u00f6rlevad \u00fcmber \u00f5ie keskosa, meenutades vanu roose. Suurel (10-12cm) \u00f5iel on v\u00e4ga joovastav ja magus aroom. Kasvukuju p\u00f5\u00f5sasjas, p\u00fcstine ja kompaktne. J\u00e4\u00e4b mulje, et Mauritia\u00ae on sajandeid s\u00e4ilinud ammu unustatud aedades. N\u00fc\u00fcd vallutab see meie s\u00fcdameid oma nostalgilise v\u00e4limusega.<\/p>\n<p>Sobib kasutamiseks segaroosipeenardes, pottides ja vannides, l\u00f5hnaaedades, romantilistes aedades koos p\u00fcsikutega, v\u00e4ikestes r\u00fchmades, l\u00f5ikelilledena.<\/p>\n<p>Mauritia\u00ae ristiti Europa-Parkis 2022 ristiema Mauritia Macki 60. s\u00fcnnip\u00e4eva puhul.<\/p>\n<p>Auhinnad: Best Rose 2023 Kradec Kralov\u00e9 (Czech Republic); Grand Prix de la Ville du Roeulx (Belgium 2022); Best rose of Paris (France 2022); Fragrance award &amp; Bronce Medal Baden-Baden (Germany 2022); Certificate de Merite, Nyon (Switzerland 2022); Award for Most perfumed variety Barcelona (Spain); International Contest of New Roses (2022); Silver Medal TH &amp; Rose of the year, Villa Abbondanzi, Bologna (Italy 2022); Gold Medal Warsaw (Poland).<\/p>\n<p><span style=\"color: #ff0000;\">ETTETELLIMINE, V\u00c4LJASTAMINE APRILLI TEISEST POOLEST<\/span><\/p>","protected":false},"featured_media":24946,"template":"","meta":[],"product_brand":[],"product_cat":[9637,4414,4413,4416,4402,22],"product_tag":[9780],"class_list":{"0":"post-24941","1":"product","2":"type-product","3":"status-publish","4":"has-post-thumbnail","6":"product_cat-istutuskast","7":"product_cat-lohnaaed","8":"product_cat-loikelilleaed","9":"product_cat-roosiaed","10":"product_cat-roosid","11":"product_cat-taimed","12":"product_tag-uus","13":"pa_aretus-rosen-tantau","14":"pa_avalikustamisaasta-saksamaa-2021","15":"pa_haiguskindlus-vaga-hea","16":"pa_kasvukorgus-80-120-cm","17":"pa_laius-45-50-cm","18":"pa_lisainfo-sobilik-istutuskasti-jaoks","19":"pa_lisainfo-sobib-lohnaaeda","20":"pa_lisainfo-sobib-loikelilleks","21":"pa_lohn-tugev","22":"pa_lohn-intensiivne","23":"pa_lohn-magus","24":"pa_oie-suurus-suur","25":"pa_oie-varv-roosakas","26":"pa_oietuup-taidisois","27":"pa_oitsemine-korduvalt-oitsev","28":"pa_sort-nostalgiline-teehubriidroos","29":"pa_taimede-arvestus-ruutmeetri-4-5","30":"pa_talvekindlus-vaga-hea","31":"pa_variatsioon-potis-2l-kevadel","32":"pa_variatsioon-potis-4-6l","34":"first","35":"outofstock","36":"purchasable","37":"product-type-variable"},"acf":[],"_links":{"self":[{"href":"https:\/\/dev.garden.ee\/en\/wp-json\/wp\/v2\/product\/24941","targetHints":{"allow":["GET"]}}],"collection":[{"href":"https:\/\/dev.garden.ee\/en\/wp-json\/wp\/v2\/product"}],"about":[{"href":"https:\/\/dev.garden.ee\/en\/wp-json\/wp\/v2\/types\/product"}],"wp:featuredmedia":[{"embeddable":true,"href":"https:\/\/dev.garden.ee\/en\/wp-json\/wp\/v2\/media\/24946"}],"wp:attachment":[{"href":"https:\/\/dev.garden.ee\/en\/wp-json\/wp\/v2\/media?parent=24941"}],"wp:term":[{"taxonomy":"product_brand","embeddable":true,"href":"https:\/\/dev.garden.ee\/en\/wp-json\/wp\/v2\/product_brand?post=24941"},{"taxonomy":"product_cat","embeddable":true,"href":"https:\/\/dev.garden.ee\/en\/wp-json\/wp\/v2\/product_cat?post=24941"},{"taxonomy":"product_tag","embeddable":true,"href":"https:\/\/dev.garden.ee\/en\/wp-json\/wp\/v2\/product_tag?post=24941"}],"curies":[{"name":"wp","href":"https:\/\/api.w.org\/{rel}","templated":true}]}}