{"id":24935,"date":"2026-02-07T14:26:39","date_gmt":"2026-02-07T12:26:39","guid":{"rendered":"https:\/\/dev.garden.ee\/?post_type=product&#038;p=24935"},"modified":"2026-02-07T14:48:05","modified_gmt":"2026-02-07T12:48:05","slug":"mary-delany-uus","status":"publish","type":"product","link":"https:\/\/dev.garden.ee\/en\/product\/mary-delany-uus\/","title":{"rendered":"Mary Delany UUS!"},"content":{"rendered":"<input class=\"fooboxshare_post_id\" type=\"hidden\" value=\"24935\"\/>","protected":false},"excerpt":{"rendered":"<p>\u00d5rnalt kaunis ja \u00fcsna ebatavaline ronitaim, millel on ilusad teravad \u00f5iepungad, mis avanevad keskmise suurusega, l\u00f5dvalt t\u00e4idlasteks, heleroosadeks \u00f5iteks. Pika hooaja jooksul kasvavad suured avatud \u00f5isikud, \u00f5ied on kinnitunud peenikestele tumedatele vartele ja avanevad j\u00e4rk-j\u00e4rgult, paljastades kuldsed tolmukad. Sellel on kerge kuni keskmine vana roosi l\u00f5hn puuviljaliste nootidega. Taim on tervislik ja peaaegu okasteta, suhteliselt v\u00e4ikeste tumeroheliste lehtedega.<\/p>\n<p>Sobib kasutamiseks k\u00f5rge seina v\u00f5i tara k\u00fcljes, sammastel, v\u00f5redel, kaartel, obeliskil.<\/p>\n<p><span style=\"color: #ff0000;\">ETTETELLIMINE, V\u00c4LJASTAMINE APRILLI KESKPAIGAST<\/span><\/p>","protected":false},"featured_media":24938,"template":"","meta":[],"product_brand":[],"product_cat":[4397,4416,4402,22],"product_tag":[9780],"class_list":{"0":"post-24935","1":"product","2":"type-product","3":"status-publish","4":"has-post-thumbnail","6":"product_cat-ronitaimed","7":"product_cat-roosiaed","8":"product_cat-roosid","9":"product_cat-taimed","10":"product_tag-uus","11":"pa_aretus-david-austin","12":"pa_avalikustamisaasta-uhendkuningriik-2002","13":"pa_haiguskindlus-vaga-hea","14":"pa_kasvukorgus-ule-300-cm","15":"pa_laius-1-m","16":"pa_lisainfo-ronitaim","17":"pa_lisainfo-sobib-osalise-varjuga-kasvualale","18":"pa_lohn-keskmine","19":"pa_lohn-puuviljane","20":"pa_lohn-vana-roos","21":"pa_oie-suurus-keskmine","22":"pa_oie-varv-roosa","23":"pa_oietuup-taidisois","24":"pa_oitsemine-korduvalt-oitsev","25":"pa_sort-roniroos","26":"pa_taimede-arvestus-ruutmeetri-9220","27":"pa_talvekindlus-vaga-hea","28":"pa_variatsioon-paljasjuurne-ainult-kevadel","29":"pa_variatsioon-potis-4-6l","30":"pa_variatsioon-potis-4-6l-suvel-ja-sugisel","32":"first","33":"outofstock","34":"purchasable","35":"product-type-variable"},"acf":[],"_links":{"self":[{"href":"https:\/\/dev.garden.ee\/en\/wp-json\/wp\/v2\/product\/24935","targetHints":{"allow":["GET"]}}],"collection":[{"href":"https:\/\/dev.garden.ee\/en\/wp-json\/wp\/v2\/product"}],"about":[{"href":"https:\/\/dev.garden.ee\/en\/wp-json\/wp\/v2\/types\/product"}],"wp:featuredmedia":[{"embeddable":true,"href":"https:\/\/dev.garden.ee\/en\/wp-json\/wp\/v2\/media\/24938"}],"wp:attachment":[{"href":"https:\/\/dev.garden.ee\/en\/wp-json\/wp\/v2\/media?parent=24935"}],"wp:term":[{"taxonomy":"product_brand","embeddable":true,"href":"https:\/\/dev.garden.ee\/en\/wp-json\/wp\/v2\/product_brand?post=24935"},{"taxonomy":"product_cat","embeddable":true,"href":"https:\/\/dev.garden.ee\/en\/wp-json\/wp\/v2\/product_cat?post=24935"},{"taxonomy":"product_tag","embeddable":true,"href":"https:\/\/dev.garden.ee\/en\/wp-json\/wp\/v2\/product_tag?post=24935"}],"curies":[{"name":"wp","href":"https:\/\/api.w.org\/{rel}","templated":true}]}}