{"id":24929,"date":"2026-02-07T14:13:26","date_gmt":"2026-02-07T12:13:26","guid":{"rendered":"https:\/\/dev.garden.ee\/?post_type=product&#038;p=24929"},"modified":"2026-02-07T14:25:47","modified_gmt":"2026-02-07T12:25:47","slug":"marzipan-uudis","status":"publish","type":"product","link":"https:\/\/dev.garden.ee\/en\/product\/marzipan-uudis\/","title":{"rendered":"Marzipan\u00ae UUDIS!"},"content":{"rendered":"<input class=\"fooboxshare_post_id\" type=\"hidden\" value=\"24929\"\/>","protected":false},"excerpt":{"rendered":"<p>V\u00e4ga t\u00e4idlaste suurte \u00f5itega (8-10cm), mis avanevad romantilise kujuga tassidesse. \u00d5rn, v\u00fcrtsikas l\u00f5hn koos hea haiguskindlusega muudab selle roosi sensuaalseks aianduskogemuseks. P\u00fcstise kasvukujuga. Sobib h\u00e4sti l\u00f5ikelilleks.<\/p>","protected":false},"featured_media":24932,"template":"","meta":[],"product_brand":[],"product_cat":[4416,4402,22],"product_tag":[9776],"class_list":{"0":"post-24929","1":"product","2":"type-product","3":"status-publish","4":"has-post-thumbnail","6":"product_cat-roosiaed","7":"product_cat-roosid","8":"product_cat-taimed","9":"product_tag-uudissort","10":"pa_aretus-w-kordes-sohne","11":"pa_avalikustamisaasta-saksamaa-2024","12":"pa_haiguskindlus-vaga-hea","13":"pa_kasvukorgus-80-cm","14":"pa_kollektsioon-antique","15":"pa_kollektsioon-eleganza","16":"pa_laius-40-cm","17":"pa_lisainfo-sobib-loikelilleks","18":"pa_lohn-orn","19":"pa_lohn-vurtsikas","20":"pa_oie-suurus-suur","21":"pa_oie-varv-aprikoos","22":"pa_oietuup-taidisois","23":"pa_oitsemine-korduvalt-oitsev","24":"pa_sort-teehubriidroos","25":"pa_taimede-arvestus-ruutmeetri-9218","26":"pa_talvekindlus-vaga-hea","27":"pa_variatsioon-potis-2l-kevadel","28":"pa_variatsioon-potis-4-6l","30":"first","31":"outofstock","32":"purchasable","33":"product-type-variable"},"acf":[],"_links":{"self":[{"href":"https:\/\/dev.garden.ee\/en\/wp-json\/wp\/v2\/product\/24929","targetHints":{"allow":["GET"]}}],"collection":[{"href":"https:\/\/dev.garden.ee\/en\/wp-json\/wp\/v2\/product"}],"about":[{"href":"https:\/\/dev.garden.ee\/en\/wp-json\/wp\/v2\/types\/product"}],"wp:featuredmedia":[{"embeddable":true,"href":"https:\/\/dev.garden.ee\/en\/wp-json\/wp\/v2\/media\/24932"}],"wp:attachment":[{"href":"https:\/\/dev.garden.ee\/en\/wp-json\/wp\/v2\/media?parent=24929"}],"wp:term":[{"taxonomy":"product_brand","embeddable":true,"href":"https:\/\/dev.garden.ee\/en\/wp-json\/wp\/v2\/product_brand?post=24929"},{"taxonomy":"product_cat","embeddable":true,"href":"https:\/\/dev.garden.ee\/en\/wp-json\/wp\/v2\/product_cat?post=24929"},{"taxonomy":"product_tag","embeddable":true,"href":"https:\/\/dev.garden.ee\/en\/wp-json\/wp\/v2\/product_tag?post=24929"}],"curies":[{"name":"wp","href":"https:\/\/api.w.org\/{rel}","templated":true}]}}