{"id":24918,"date":"2026-02-07T12:45:51","date_gmt":"2026-02-07T10:45:51","guid":{"rendered":"https:\/\/dev.garden.ee\/?post_type=product&#038;p=24918"},"modified":"2026-02-07T13:09:32","modified_gmt":"2026-02-07T11:09:32","slug":"manhattan-blue-uudis","status":"publish","type":"product","link":"https:\/\/dev.garden.ee\/en\/product\/manhattan-blue-uudis\/","title":{"rendered":"Manhattan Blue\u00ae UUDIS!"},"content":{"rendered":"<input class=\"fooboxshare_post_id\" type=\"hidden\" value=\"24918\"\/>","protected":false},"excerpt":{"rendered":"<div class=\"n4sEPd\">\n<div class=\"QFw9Te BLojaf\"><\/div>\n<\/div>\n<div class=\"QcsUad BDJ8fb BLojaf sMVRZe hCXDsb wneUed\">\n<div class=\"usGWQd\">\n<div class=\"KkbLmb\">\n<p class=\"lRu31\" dir=\"ltr\"><span class=\"HwtZe\" lang=\"et\"><span class=\"jCAhz ChMk0b\"><span class=\"ryNqvb\">Arvukad v\u00e4ikesed \u00f5ied (2-4cm) n\u00e4evad \u201esinise tunni\u201c ajal videvikus v\u00e4lja nagu sinine \u00f5iekardin.<\/span><\/span> <span class=\"jCAhz ChMk0b\"><span class=\"ryNqvb\">Selle eduka uudsusega on Tantau laiendanud ronitaimede valikut veel \u00fche p\u00f5neva sordiga.<\/span><\/span><\/span><\/p>\n<p class=\"lRu31\" dir=\"ltr\"><span class=\"HwtZe\" lang=\"et\"><span class=\"jCAhz\"><span class=\"ryNqvb\">J\u00f5ulise p<span class=\"jCAhz ChMk0b\">\u00fcstise, tiheda ja kaarja kasvuga <\/span>sort. <\/span><\/span><\/span><span class=\"HwtZe\" lang=\"et\"><span class=\"jCAhz ChMk0b\"><span class=\"ryNqvb\"><span class=\"jCAhz\">Seda roosakasvioletse \u00f5itsemisega ronitaime saab kaunilt kasvatada roosikaarte kohal ja aedade \u00e4\u00e4rtes, muutes istumisalad ja pergolad lummavateks paikadeks. <\/span>Sobib kasutamiseks veel v\u00f5redel, puudel, paviljonidel, maja esiseinal, looduslikes aedades.<\/span><\/span><\/span><\/p>\n<p dir=\"ltr\"><span class=\"HwtZe\" lang=\"et\"><span class=\"jCAhz ChMk0b\"><span class=\"ryNqvb\">Rikkalikult \u00f5itseva roniroosi &#8216;Perennial Blue&#8217; j\u00e4reltulija, mis on olnud klassika juba aastaid.<\/span><\/span><\/span><\/p>\n<\/div>\n<\/div>\n<\/div>\n<p><span style=\"color: #ff0000;\">ETTETELLIMINE, V\u00c4LJASTAMINE APRILLI TEISEST POOLEST<\/span><\/p>","protected":false},"featured_media":24922,"template":"","meta":[],"product_brand":[],"product_cat":[9650,6934,4397,4416,4402,22],"product_tag":[9776],"class_list":{"0":"post-24918","1":"product","2":"type-product","3":"status-publish","4":"has-post-thumbnail","6":"product_cat-looduslik-aed","7":"product_cat-mesilassobralik-aed","8":"product_cat-ronitaimed","9":"product_cat-roosiaed","10":"product_cat-roosid","11":"product_cat-taimed","12":"product_tag-uudissort","13":"pa_aretus-rosen-tantau","14":"pa_avalikustamisaasta-saksamaa-2024","15":"pa_haiguskindlus-vaga-hea","16":"pa_kasvukorgus-250-350-cm","17":"pa_laius-80-cm","18":"pa_lisainfo-mesilaste-lemmik","19":"pa_lisainfo-ronitaim","20":"pa_lohn-orn","21":"pa_oie-suurus-vaike","22":"pa_oie-varv-violetne","23":"pa_oietuup-taidisois","24":"pa_oitsemine-korduvalt-oitsev","25":"pa_sort-roniroos","26":"pa_taimede-arvestus-ruutmeetri-9216","27":"pa_talvekindlus-vaga-hea","28":"pa_variatsioon-potis-2l-kevadel","29":"pa_variatsioon-potis-4-6l","31":"first","32":"outofstock","33":"purchasable","34":"product-type-variable"},"acf":[],"_links":{"self":[{"href":"https:\/\/dev.garden.ee\/en\/wp-json\/wp\/v2\/product\/24918","targetHints":{"allow":["GET"]}}],"collection":[{"href":"https:\/\/dev.garden.ee\/en\/wp-json\/wp\/v2\/product"}],"about":[{"href":"https:\/\/dev.garden.ee\/en\/wp-json\/wp\/v2\/types\/product"}],"wp:featuredmedia":[{"embeddable":true,"href":"https:\/\/dev.garden.ee\/en\/wp-json\/wp\/v2\/media\/24922"}],"wp:attachment":[{"href":"https:\/\/dev.garden.ee\/en\/wp-json\/wp\/v2\/media?parent=24918"}],"wp:term":[{"taxonomy":"product_brand","embeddable":true,"href":"https:\/\/dev.garden.ee\/en\/wp-json\/wp\/v2\/product_brand?post=24918"},{"taxonomy":"product_cat","embeddable":true,"href":"https:\/\/dev.garden.ee\/en\/wp-json\/wp\/v2\/product_cat?post=24918"},{"taxonomy":"product_tag","embeddable":true,"href":"https:\/\/dev.garden.ee\/en\/wp-json\/wp\/v2\/product_tag?post=24918"}],"curies":[{"name":"wp","href":"https:\/\/api.w.org\/{rel}","templated":true}]}}