{"id":24912,"date":"2026-02-07T12:04:31","date_gmt":"2026-02-07T10:04:31","guid":{"rendered":"https:\/\/dev.garden.ee\/?post_type=product&#038;p=24912"},"modified":"2026-02-07T12:18:08","modified_gmt":"2026-02-07T10:18:08","slug":"malvern-hills","status":"publish","type":"product","link":"https:\/\/dev.garden.ee\/en\/product\/malvern-hills\/","title":{"rendered":"Malvern Hills"},"content":{"rendered":"<input class=\"fooboxshare_post_id\" type=\"hidden\" value=\"24912\"\/>","protected":false},"excerpt":{"rendered":"<p>Korduvalt \u00f5itsev roniroos, millel on t\u00e4iesti t\u00e4idetud, pehmed kollased \u00f5ied, mis on kogunenud keskmistesse kuni suurtesse kobaratesse. \u00d5iel on kerge kuni keskmine muskuslik l\u00f5hn. Taim on v\u00e4ga terve, tugeva ja saleda kasvuga, atraktiivse l\u00e4ikiva lehestikuga ning v\u00e4heste okastega. Sobib v\u00e4ga k\u00f5rgetele seintele ja suurtele kaartele. Talub ka osalist varju ning kannab ka talviseks p\u00f5nevuks vilju.<\/p>\n<p>Selle nimi on antud David Austini aretuse l\u00e4hedal asuva kauni m\u00e4estiku j\u00e4rgi, mis on m\u00e4\u00e4ratud kui &#8220;Area of Outstanding Natural Beauty&#8221; ehk erakordselt looduskauni piirkonnana. Malverni k\u00fcnkad olid helilooja Sir Edward Elgari koduks; W.H. Auden kirjutas seal elades paljud oma armastatuimad luuletused ja J.R.R. Tolkien jalutas sageli selle k\u00fcngastel.<\/p>","protected":false},"featured_media":24917,"template":"","meta":[],"product_brand":[],"product_cat":[4397,4416,4402,22],"product_tag":[],"class_list":{"0":"post-24912","1":"product","2":"type-product","3":"status-publish","4":"has-post-thumbnail","6":"product_cat-ronitaimed","7":"product_cat-roosiaed","8":"product_cat-roosid","9":"product_cat-taimed","10":"pa_aretus-david-austin","11":"pa_avalikustamisaasta-uhendkuningriik-2000","12":"pa_haiguskindlus-vaga-hea","13":"pa_kasvukorgus-ule-300-cm","14":"pa_lisainfo-dekoratiivsed-viljad","15":"pa_lisainfo-ronitaim","16":"pa_lisainfo-sobib-osalise-varjuga-kasvualale","17":"pa_lisainfo-talvine-ponevus","18":"pa_lohn-keskmine","19":"pa_lohn-orn","20":"pa_lohn-muskuselaadne","21":"pa_oie-suurus-vaike","22":"pa_oie-varv-kollane","23":"pa_oie-varv-pehme","24":"pa_oietuup-taidisois","25":"pa_oitsemine-korduvalt-oitsev","26":"pa_sort-rambler","27":"pa_taimede-arvestus-ruutmeetri-9220","28":"pa_talvekindlus-vaga-hea","29":"pa_variatsioon-paljasjuurne-ainult-kevadel","30":"pa_variatsioon-potis-4-6l","31":"pa_variatsioon-potis-4-6l-suvel-ja-sugisel","33":"first","34":"outofstock","35":"purchasable","36":"product-type-variable"},"acf":[],"_links":{"self":[{"href":"https:\/\/dev.garden.ee\/en\/wp-json\/wp\/v2\/product\/24912","targetHints":{"allow":["GET"]}}],"collection":[{"href":"https:\/\/dev.garden.ee\/en\/wp-json\/wp\/v2\/product"}],"about":[{"href":"https:\/\/dev.garden.ee\/en\/wp-json\/wp\/v2\/types\/product"}],"wp:featuredmedia":[{"embeddable":true,"href":"https:\/\/dev.garden.ee\/en\/wp-json\/wp\/v2\/media\/24917"}],"wp:attachment":[{"href":"https:\/\/dev.garden.ee\/en\/wp-json\/wp\/v2\/media?parent=24912"}],"wp:term":[{"taxonomy":"product_brand","embeddable":true,"href":"https:\/\/dev.garden.ee\/en\/wp-json\/wp\/v2\/product_brand?post=24912"},{"taxonomy":"product_cat","embeddable":true,"href":"https:\/\/dev.garden.ee\/en\/wp-json\/wp\/v2\/product_cat?post=24912"},{"taxonomy":"product_tag","embeddable":true,"href":"https:\/\/dev.garden.ee\/en\/wp-json\/wp\/v2\/product_tag?post=24912"}],"curies":[{"name":"wp","href":"https:\/\/api.w.org\/{rel}","templated":true}]}}