{"id":24907,"date":"2026-02-07T11:50:54","date_gmt":"2026-02-07T09:50:54","guid":{"rendered":"https:\/\/dev.garden.ee\/?post_type=product&#038;p=24907"},"modified":"2026-02-07T12:03:56","modified_gmt":"2026-02-07T10:03:56","slug":"maestro","status":"publish","type":"product","link":"https:\/\/dev.garden.ee\/en\/product\/maestro\/","title":{"rendered":"Maestro UUDIS!"},"content":{"rendered":"<input class=\"fooboxshare_post_id\" type=\"hidden\" value=\"24907\"\/>","protected":false},"excerpt":{"rendered":"<p>Milline roos v\u00f5iks olla maailmakuulsale staardirigendile ristivanemaks v\u00e4\u00e4rilisem kui karmiinpunane, majesteetlik roniroos? New Yorgi Metropolitan Opera kunstiline juht Yannick N\u00e9zet-S\u00e9guin ristis oma lemmikroosi tseremoonial Baden-Badenis 2025. aasta suvel. Nostalgiliselt t\u00e4idetud kroonlehtede arvukad keskkohad meenutasid talle tema orkestri muusikuid. \u00d5ied ise 8-10cm. Lehestik l\u00e4ikiv ja terve ning see \u00f5itseb j\u00f5uliselt ka Yannick N\u00e9zet-S\u00e9guini kodumaa Kanada karmis kliimas.<\/p>\n<p>V\u00f5ib kasutada v\u00f5redel ja kaartel, sirmidel, paviljonil, maja ees, pergolatel.<\/p>\n<p><span style=\"color: #ff0000;\">ETTETELLIMINE, V\u00c4LJASTAMINE APRILLI TEISEST POOLEST<\/span><\/p>","protected":false},"featured_media":24910,"template":"","meta":[],"product_brand":[],"product_cat":[4397,4416,4402,22],"product_tag":[],"class_list":{"0":"post-24907","1":"product","2":"type-product","3":"status-publish","4":"has-post-thumbnail","6":"product_cat-ronitaimed","7":"product_cat-roosiaed","8":"product_cat-roosid","9":"product_cat-taimed","10":"pa_aretus-rosen-tantau","11":"pa_haiguskindlus-vaga-hea","12":"pa_kasvukorgus-250-350-cm","13":"pa_laius-80-cm","14":"pa_lisainfo-ronitaim","15":"pa_lohn-orn","16":"pa_oie-suurus-keskmine","17":"pa_oie-varv-punane","18":"pa_oietuup-taidisois","19":"pa_oitsemine-korduvalt-oitsev","20":"pa_sort-roniroos","21":"pa_taimede-arvestus-ruutmeetri-9216","22":"pa_talvekindlus-vaga-hea","23":"pa_variatsioon-potis-2l-kevadel","24":"pa_variatsioon-potis-4-6l","26":"first","27":"outofstock","28":"purchasable","29":"product-type-variable"},"acf":[],"_links":{"self":[{"href":"https:\/\/dev.garden.ee\/en\/wp-json\/wp\/v2\/product\/24907","targetHints":{"allow":["GET"]}}],"collection":[{"href":"https:\/\/dev.garden.ee\/en\/wp-json\/wp\/v2\/product"}],"about":[{"href":"https:\/\/dev.garden.ee\/en\/wp-json\/wp\/v2\/types\/product"}],"wp:featuredmedia":[{"embeddable":true,"href":"https:\/\/dev.garden.ee\/en\/wp-json\/wp\/v2\/media\/24910"}],"wp:attachment":[{"href":"https:\/\/dev.garden.ee\/en\/wp-json\/wp\/v2\/media?parent=24907"}],"wp:term":[{"taxonomy":"product_brand","embeddable":true,"href":"https:\/\/dev.garden.ee\/en\/wp-json\/wp\/v2\/product_brand?post=24907"},{"taxonomy":"product_cat","embeddable":true,"href":"https:\/\/dev.garden.ee\/en\/wp-json\/wp\/v2\/product_cat?post=24907"},{"taxonomy":"product_tag","embeddable":true,"href":"https:\/\/dev.garden.ee\/en\/wp-json\/wp\/v2\/product_tag?post=24907"}],"curies":[{"name":"wp","href":"https:\/\/api.w.org\/{rel}","templated":true}]}}