{"id":24902,"date":"2026-02-06T20:11:58","date_gmt":"2026-02-06T18:11:58","guid":{"rendered":"https:\/\/dev.garden.ee\/?post_type=product&#038;p=24902"},"modified":"2026-02-06T20:24:38","modified_gmt":"2026-02-06T18:24:38","slug":"luna-uudis","status":"publish","type":"product","link":"https:\/\/dev.garden.ee\/en\/product\/luna-uudis\/","title":{"rendered":"Luna\u00ae UUDIS!"},"content":{"rendered":"<input class=\"fooboxshare_post_id\" type=\"hidden\" value=\"24902\"\/>","protected":false},"excerpt":{"rendered":"<p>Luna\u00ae kollased \u00f5ied (6-8cm) kumavad lummavalt. T\u00e4nu madalale p\u00f5\u00f5saskasvule on tal eriti ilus efekt konteinerites ja istutuspottides.<\/p>\n<p>Sobib kasutada pottides, suurtes peenardes, segaroosipeenardes, terrassidel, romantilistes aedades koos p\u00fcsikutega, segapeenardes, v\u00e4ikestes r\u00fchmades, massistutuses.<\/p>\n<p><span style=\"color: #ff0000;\">ETTETELLIMINE, V\u00c4LJASTAMINE APRILLI TEISEST POOLEST<\/span><\/p>","protected":false},"featured_media":24905,"template":"","meta":[],"product_brand":[],"product_cat":[9637,9702,4406,9550,4416,4402,4408,22],"product_tag":[],"class_list":{"0":"post-24902","1":"product","2":"type-product","3":"status-publish","4":"has-post-thumbnail","6":"product_cat-istutuskast","7":"product_cat-linnaaed","8":"product_cat-park","9":"product_cat-rodu-ja-terrass","10":"product_cat-roosiaed","11":"product_cat-roosid","12":"product_cat-vaike-aed","13":"product_cat-taimed","14":"pa_aretus-rosen-tantau","15":"pa_avalikustamisaasta-saksamaa-2025","16":"pa_haiguskindlus-vaga-hea","17":"pa_kasvukorgus-50-80-cm","18":"pa_laius-45-50-cm","19":"pa_lisainfo-sobilik-istutuskasti-jaoks","20":"pa_lohn-orn","21":"pa_oie-suurus-keskmine","22":"pa_oie-varv-kollane","23":"pa_oietuup-taidisois","24":"pa_oitsemine-korduvalt-oitsev","25":"pa_sort-peenraroos","26":"pa_taimede-arvestus-ruutmeetri-4-5","27":"pa_talvekindlus-hea","28":"pa_variatsioon-potis-2l-kevadel","29":"pa_variatsioon-potis-4-6l","31":"first","32":"outofstock","33":"purchasable","34":"product-type-variable"},"acf":[],"_links":{"self":[{"href":"https:\/\/dev.garden.ee\/en\/wp-json\/wp\/v2\/product\/24902","targetHints":{"allow":["GET"]}}],"collection":[{"href":"https:\/\/dev.garden.ee\/en\/wp-json\/wp\/v2\/product"}],"about":[{"href":"https:\/\/dev.garden.ee\/en\/wp-json\/wp\/v2\/types\/product"}],"wp:featuredmedia":[{"embeddable":true,"href":"https:\/\/dev.garden.ee\/en\/wp-json\/wp\/v2\/media\/24905"}],"wp:attachment":[{"href":"https:\/\/dev.garden.ee\/en\/wp-json\/wp\/v2\/media?parent=24902"}],"wp:term":[{"taxonomy":"product_brand","embeddable":true,"href":"https:\/\/dev.garden.ee\/en\/wp-json\/wp\/v2\/product_brand?post=24902"},{"taxonomy":"product_cat","embeddable":true,"href":"https:\/\/dev.garden.ee\/en\/wp-json\/wp\/v2\/product_cat?post=24902"},{"taxonomy":"product_tag","embeddable":true,"href":"https:\/\/dev.garden.ee\/en\/wp-json\/wp\/v2\/product_tag?post=24902"}],"curies":[{"name":"wp","href":"https:\/\/api.w.org\/{rel}","templated":true}]}}