{"id":24897,"date":"2026-02-06T19:21:03","date_gmt":"2026-02-06T17:21:03","guid":{"rendered":"https:\/\/dev.garden.ee\/?post_type=product&#038;p=24897"},"modified":"2026-02-06T19:56:47","modified_gmt":"2026-02-06T17:56:47","slug":"lovely-green","status":"publish","type":"product","link":"https:\/\/dev.garden.ee\/en\/product\/lovely-green\/","title":{"rendered":"Lovely Green"},"content":{"rendered":"<input class=\"fooboxshare_post_id\" type=\"hidden\" value=\"24897\"\/>","protected":false},"excerpt":{"rendered":"<p>Roheka kumaga kreemjad \u00f5ied loovad koos veel kinniste laimiroheliste \u00f5iepungadega \u00fcsna ebamaise vaatepildi. \u00d5ied ei avane kunagi t\u00e4ielikult, s\u00e4ilitades seega poolavatud \u00f5ie elegantse kuju. Keskmise suurusega (5-6cm), \u00fcmaravormiga, t\u00e4idetud \u00f5ied paiknevad pisemates kobarates. Ilmastikukindlaid \u00f5isi jagub terveks hooajaks. Kontrastsust, lisab ka keskmise suurusega, narmastega, erkrohelise v\u00e4rvuse ja peenelt sakilise servaga tumeroheline lehestik. Ihaldab v\u00e4ga p\u00e4ikesepaistelist kasvukohta.<\/p>\n<p>Sobib kasvatada ka konteinerites. Ning t\u00e4nu v\u00e4ga pikalt kaunina p\u00fcsivatele \u00f5itele sobib suurep\u00e4raselt l\u00f5ikelilleks.<\/p>\n<p>K\u00fclmakindluse suhtes testitud 10 aastat J\u00f5gevamaal ja on erakordselt vastupidanud katmata.<\/p>\n<p>Rohelise roosi aretamine on peaaegu v\u00f5imatu. Roheline roos on roosiloojatele \u00fcle maailma suurim v\u00e4ljakutse. Ja ometi on Meilland Richardieri maja sellega hakkama saanud ja t\u00f5estanud k\u00f5igile, et roheline roos on v\u00f5imalik.<\/p>\n<p><span style=\"color: #ff0000;\">ETTETELLIMINE, V\u00c4LJASTAMINE APRILLI KESKPAIGAST<\/span><\/p>","protected":false},"featured_media":24900,"template":"","meta":[],"product_brand":[],"product_cat":[4413,4416,4402,22],"product_tag":[],"class_list":{"0":"post-24897","1":"product","2":"type-product","3":"status-publish","4":"has-post-thumbnail","6":"product_cat-loikelilleaed","7":"product_cat-roosiaed","8":"product_cat-roosid","9":"product_cat-taimed","10":"pa_aretus-meilland","11":"pa_avalikustamisaasta-prantsusmaa-2005","12":"pa_haiguskindlus-hea","13":"pa_kasvukorgus-80-cm","14":"pa_laius-30-50-cm","15":"pa_lisainfo-sobib-loikelilleks","16":"pa_lohn-lohnatu","17":"pa_oie-suurus-keskmine","18":"pa_oie-varv-kahvaturoheline","19":"pa_oie-varv-kreemikasvalge","20":"pa_oietuup-taidisois","21":"pa_oitsemine-korduvalt-oitsev","22":"pa_sort-floribund-ehk-paljuoieline-roos","23":"pa_taimede-arvestus-ruutmeetri-5-6","24":"pa_talvekindlus-vaga-hea","25":"pa_variatsioon-paljasjuurne-ainult-kevadel","26":"pa_variatsioon-potis-4-6l","27":"pa_variatsioon-potis-4-6l-suvel-ja-sugisel","29":"first","30":"outofstock","31":"purchasable","32":"product-type-variable"},"acf":[],"_links":{"self":[{"href":"https:\/\/dev.garden.ee\/en\/wp-json\/wp\/v2\/product\/24897","targetHints":{"allow":["GET"]}}],"collection":[{"href":"https:\/\/dev.garden.ee\/en\/wp-json\/wp\/v2\/product"}],"about":[{"href":"https:\/\/dev.garden.ee\/en\/wp-json\/wp\/v2\/types\/product"}],"wp:featuredmedia":[{"embeddable":true,"href":"https:\/\/dev.garden.ee\/en\/wp-json\/wp\/v2\/media\/24900"}],"wp:attachment":[{"href":"https:\/\/dev.garden.ee\/en\/wp-json\/wp\/v2\/media?parent=24897"}],"wp:term":[{"taxonomy":"product_brand","embeddable":true,"href":"https:\/\/dev.garden.ee\/en\/wp-json\/wp\/v2\/product_brand?post=24897"},{"taxonomy":"product_cat","embeddable":true,"href":"https:\/\/dev.garden.ee\/en\/wp-json\/wp\/v2\/product_cat?post=24897"},{"taxonomy":"product_tag","embeddable":true,"href":"https:\/\/dev.garden.ee\/en\/wp-json\/wp\/v2\/product_tag?post=24897"}],"curies":[{"name":"wp","href":"https:\/\/api.w.org\/{rel}","templated":true}]}}