{"id":24891,"date":"2026-02-06T18:38:57","date_gmt":"2026-02-06T16:38:57","guid":{"rendered":"https:\/\/dev.garden.ee\/?post_type=product&#038;p=24891"},"modified":"2026-02-06T18:49:26","modified_gmt":"2026-02-06T16:49:26","slug":"lollipop-uudis","status":"publish","type":"product","link":"https:\/\/dev.garden.ee\/en\/product\/lollipop-uudis\/","title":{"rendered":"Lollipop\u00ae UUDIS!"},"content":{"rendered":"<input class=\"fooboxshare_post_id\" type=\"hidden\" value=\"24891\"\/>","protected":false},"excerpt":{"rendered":"<p>Kompaktne, p\u00fcstise kasvuga ja p\u00f5\u00f5sasjas floribunda poolt\u00e4idis\u00f5itega (6-7cm), mis on v\u00e4rskete puuviljaste v\u00e4rvide segus. Vaatamata uhkele v\u00e4limusele on see kergesti hooldatav roos tervete lehtede ja suurep\u00e4rase kuumataluvusega.<\/p>","protected":false},"featured_media":24894,"template":"","meta":[],"product_brand":[],"product_cat":[9637,9550,4416,4402,22],"product_tag":[],"class_list":{"0":"post-24891","1":"product","2":"type-product","3":"status-publish","4":"has-post-thumbnail","6":"product_cat-istutuskast","7":"product_cat-rodu-ja-terrass","8":"product_cat-roosiaed","9":"product_cat-roosid","10":"product_cat-taimed","11":"pa_aretus-w-kordes-sohne","12":"pa_avalikustamisaasta-saksamaa-2023","13":"pa_haiguskindlus-vaga-hea","14":"pa_kasvukorgus-60-cm","15":"pa_kollektsioon-fantasia","16":"pa_laius-40-cm","17":"pa_lisainfo-sobilik-istutuskasti-jaoks","18":"pa_lohn-orn","19":"pa_oie-suurus-keskmine","20":"pa_oie-varv-kollane","21":"pa_oie-varv-oranz","22":"pa_oietuup-pooltaidisois","23":"pa_oitsemine-korduvalt-oitsev","24":"pa_sort-floribund-ehk-paljuoieline-roos","25":"pa_taimede-arvestus-ruutmeetri-9218","26":"pa_talvekindlus-vaga-hea","27":"pa_variatsioon-potis-2l-kevadel","28":"pa_variatsioon-potis-4-6l","30":"first","31":"outofstock","32":"purchasable","33":"product-type-variable"},"acf":[],"_links":{"self":[{"href":"https:\/\/dev.garden.ee\/en\/wp-json\/wp\/v2\/product\/24891","targetHints":{"allow":["GET"]}}],"collection":[{"href":"https:\/\/dev.garden.ee\/en\/wp-json\/wp\/v2\/product"}],"about":[{"href":"https:\/\/dev.garden.ee\/en\/wp-json\/wp\/v2\/types\/product"}],"wp:featuredmedia":[{"embeddable":true,"href":"https:\/\/dev.garden.ee\/en\/wp-json\/wp\/v2\/media\/24894"}],"wp:attachment":[{"href":"https:\/\/dev.garden.ee\/en\/wp-json\/wp\/v2\/media?parent=24891"}],"wp:term":[{"taxonomy":"product_brand","embeddable":true,"href":"https:\/\/dev.garden.ee\/en\/wp-json\/wp\/v2\/product_brand?post=24891"},{"taxonomy":"product_cat","embeddable":true,"href":"https:\/\/dev.garden.ee\/en\/wp-json\/wp\/v2\/product_cat?post=24891"},{"taxonomy":"product_tag","embeddable":true,"href":"https:\/\/dev.garden.ee\/en\/wp-json\/wp\/v2\/product_tag?post=24891"}],"curies":[{"name":"wp","href":"https:\/\/api.w.org\/{rel}","templated":true}]}}