{"id":24886,"date":"2026-02-06T18:07:22","date_gmt":"2026-02-06T16:07:22","guid":{"rendered":"https:\/\/dev.garden.ee\/?post_type=product&#038;p=24886"},"modified":"2026-02-06T18:24:41","modified_gmt":"2026-02-06T16:24:41","slug":"leo-ferre","status":"publish","type":"product","link":"https:\/\/dev.garden.ee\/en\/product\/leo-ferre\/","title":{"rendered":"Leo Ferr\u00e9"},"content":{"rendered":"<input class=\"fooboxshare_post_id\" type=\"hidden\" value=\"24886\"\/>","protected":false},"excerpt":{"rendered":"<p>Palju\u00f5ieline roos, mis moodustab kobarates suuri 30-40 kroonlehega, 12 cm diameetriga \u00f5isi. \u00d5ied on v\u00e4ga atraktiivselt mitmev\u00e4rvilised &#8211; s\u00fcdamik on valge kuldse varjundiga ja servad on tugeva karmiinpunase v\u00e4rvusega. Kontrast tumerohelise l\u00e4ikiva lehestikuga on t\u00f5eliselt ilus. \u00d5itseb varakult kuni k\u00fclmadeni. Taim on tugev ja lehestik v\u00e4ga terve.<\/p>\n<p>Sobib l\u00f5ikelilledeks ilusate kimpude moodustamiseks.<\/p>\n<p>Auhinnad: FR: 1\u00b0 Prize Alterarosa (Public Award); 2006 LYON, FR: Great Rose of the Century &#8211; Fl; 2006 LYON, FR: Certificate of Merit &#8211; Fl; 2005 MADRID, ES: The Rose of the Year 2005; 2005 MADRID, ES: Gold Medal of the City of Madrid; 2006 ORLEANS, FR: Cristal Rose (Public Award); 2005 ROMA, IT: Silver Medal; 2005 ROMA, IT: Children&#8217;s Favourite.<\/p>","protected":false},"featured_media":24889,"template":"","meta":[],"product_brand":[],"product_cat":[4413,4416,4402,22],"product_tag":[],"class_list":{"0":"post-24886","1":"product","2":"type-product","3":"status-publish","4":"has-post-thumbnail","6":"product_cat-loikelilleaed","7":"product_cat-roosiaed","8":"product_cat-roosid","9":"product_cat-taimed","10":"pa_aretus-nirp","11":"pa_avalikustamisaasta-prantsusmaa-2006","12":"pa_haiguskindlus-vaga-hea","13":"pa_kasvukorgus-70-90-cm","14":"pa_laius-50-60-cm","15":"pa_lisainfo-sobib-loikelilleks","16":"pa_lohn-orn","17":"pa_oie-suurus-suur","18":"pa_oie-varv-punane","19":"pa_oie-varv-kollane","20":"pa_oie-varv-mitmevarviline","21":"pa_oie-varv-valge","22":"pa_oietuup-taidisois","23":"pa_oitsemine-korduvalt-oitsev","24":"pa_sort-teehubriidroos","25":"pa_taimede-arvestus-ruutmeetri-4-5","26":"pa_talvekindlus-vaga-hea","27":"pa_variatsioon-paljasjuurne-ainult-kevadel","28":"pa_variatsioon-potis-4-6l","29":"pa_variatsioon-potis-4-6l-suvel-ja-sugisel","31":"first","32":"outofstock","33":"purchasable","34":"product-type-variable"},"acf":[],"_links":{"self":[{"href":"https:\/\/dev.garden.ee\/en\/wp-json\/wp\/v2\/product\/24886","targetHints":{"allow":["GET"]}}],"collection":[{"href":"https:\/\/dev.garden.ee\/en\/wp-json\/wp\/v2\/product"}],"about":[{"href":"https:\/\/dev.garden.ee\/en\/wp-json\/wp\/v2\/types\/product"}],"wp:featuredmedia":[{"embeddable":true,"href":"https:\/\/dev.garden.ee\/en\/wp-json\/wp\/v2\/media\/24889"}],"wp:attachment":[{"href":"https:\/\/dev.garden.ee\/en\/wp-json\/wp\/v2\/media?parent=24886"}],"wp:term":[{"taxonomy":"product_brand","embeddable":true,"href":"https:\/\/dev.garden.ee\/en\/wp-json\/wp\/v2\/product_brand?post=24886"},{"taxonomy":"product_cat","embeddable":true,"href":"https:\/\/dev.garden.ee\/en\/wp-json\/wp\/v2\/product_cat?post=24886"},{"taxonomy":"product_tag","embeddable":true,"href":"https:\/\/dev.garden.ee\/en\/wp-json\/wp\/v2\/product_tag?post=24886"}],"curies":[{"name":"wp","href":"https:\/\/api.w.org\/{rel}","templated":true}]}}