{"id":24880,"date":"2026-02-06T17:54:41","date_gmt":"2026-02-06T15:54:41","guid":{"rendered":"https:\/\/dev.garden.ee\/?post_type=product&#038;p=24880"},"modified":"2026-02-06T18:05:54","modified_gmt":"2026-02-06T16:05:54","slug":"lemon-siluetta-uudis","status":"publish","type":"product","link":"https:\/\/dev.garden.ee\/en\/product\/lemon-siluetta-uudis\/","title":{"rendered":"Lemon Siluetta\u00ae UUDIS!"},"content":{"rendered":"<input class=\"fooboxshare_post_id\" type=\"hidden\" value=\"24880\"\/>","protected":false},"excerpt":{"rendered":"<p>P\u00fcstiselt kasvav, korduva \u00f5itsemisega (\u00f5ied 3-4cm) m\u00f5\u00f5duka kasvuj\u00f5uga ja seet\u00f5ttu ideaalne v\u00e4iksematesse aedadesse. P\u00f5nev t\u00e4iendus populaarsesse Siluetta\u00ae kollektsiooni t\u00e4nu Ramblerite endiselt haruldasele \u00f5iev\u00e4rvile.<\/p>","protected":false},"featured_media":24883,"template":"","meta":[],"product_brand":[],"product_cat":[4397,4416,4402,22],"product_tag":[],"class_list":{"0":"post-24880","1":"product","2":"type-product","3":"status-publish","4":"has-post-thumbnail","6":"product_cat-ronitaimed","7":"product_cat-roosiaed","8":"product_cat-roosid","9":"product_cat-taimed","10":"pa_aretus-w-kordes-sohne","11":"pa_avalikustamisaasta-saksamaa-2023","12":"pa_haiguskindlus-vaga-hea","13":"pa_kasvukorgus-150-180-cm","14":"pa_kollektsioon-siluetta","15":"pa_laius-70-cm","16":"pa_lisainfo-ronitaim","17":"pa_lisainfo-sobib-osalise-varjuga-kasvualale","18":"pa_lohn-keskmine","19":"pa_oie-suurus-vaike","20":"pa_oie-varv-sidrunkollane","21":"pa_oietuup-taidisois","22":"pa_oitsemine-korduvalt-oitsev","23":"pa_sort-rambler","24":"pa_sort-roniroos","25":"pa_taimede-arvestus-ruutmeetri-1-2","26":"pa_talvekindlus-vaga-hea","27":"pa_variatsioon-potis-2l-kevadel","28":"pa_variatsioon-potis-4-6l","30":"first","31":"outofstock","32":"purchasable","33":"product-type-variable"},"acf":[],"_links":{"self":[{"href":"https:\/\/dev.garden.ee\/en\/wp-json\/wp\/v2\/product\/24880","targetHints":{"allow":["GET"]}}],"collection":[{"href":"https:\/\/dev.garden.ee\/en\/wp-json\/wp\/v2\/product"}],"about":[{"href":"https:\/\/dev.garden.ee\/en\/wp-json\/wp\/v2\/types\/product"}],"wp:featuredmedia":[{"embeddable":true,"href":"https:\/\/dev.garden.ee\/en\/wp-json\/wp\/v2\/media\/24883"}],"wp:attachment":[{"href":"https:\/\/dev.garden.ee\/en\/wp-json\/wp\/v2\/media?parent=24880"}],"wp:term":[{"taxonomy":"product_brand","embeddable":true,"href":"https:\/\/dev.garden.ee\/en\/wp-json\/wp\/v2\/product_brand?post=24880"},{"taxonomy":"product_cat","embeddable":true,"href":"https:\/\/dev.garden.ee\/en\/wp-json\/wp\/v2\/product_cat?post=24880"},{"taxonomy":"product_tag","embeddable":true,"href":"https:\/\/dev.garden.ee\/en\/wp-json\/wp\/v2\/product_tag?post=24880"}],"curies":[{"name":"wp","href":"https:\/\/api.w.org\/{rel}","templated":true}]}}