{"id":24873,"date":"2026-02-06T16:15:51","date_gmt":"2026-02-06T14:15:51","guid":{"rendered":"https:\/\/dev.garden.ee\/?post_type=product&#038;p=24873"},"modified":"2026-02-06T16:25:47","modified_gmt":"2026-02-06T14:25:47","slug":"landlust","status":"publish","type":"product","link":"https:\/\/dev.garden.ee\/en\/product\/landlust\/","title":{"rendered":"LandLust\u00ae"},"content":{"rendered":"<input class=\"fooboxshare_post_id\" type=\"hidden\" value=\"24873\"\/>","protected":false},"excerpt":{"rendered":"<p>Rikkalikult \u00f5itsev p\u00fcstise kasvuga p\u00f5\u00f5sasroos, erksav\u00e4rviline ja hea haiguskindlusega. \u00d5ied keskmised, 7-8cm.<\/p>\n<p>Sobib h\u00e4sti kaasutamiseks hekkideks ja l\u00f5ikelillena.<\/p>\n<p>Nimi viitab populaarsele Saksa ajakirjale &#8220;LandLust&#8221;.<\/p>\n<p>On p\u00e4lvinud mitmeid auhindu rahvusvahelistel roosiv\u00f5istlustel, n\u00e4iteks publikupreemiad Hradecis ja Baden-Badenis v\u00f5i Kuldse Roosi auhinna Kortrijkis.<\/p>","protected":false},"featured_media":24877,"template":"","meta":[],"product_brand":[],"product_cat":[4395,4413,4416,4402,22],"product_tag":[],"class_list":{"0":"post-24873","1":"product","2":"type-product","3":"status-publish","4":"has-post-thumbnail","6":"product_cat-hekid","7":"product_cat-loikelilleaed","8":"product_cat-roosiaed","9":"product_cat-roosid","10":"product_cat-taimed","11":"pa_aretus-w-kordes-sohne","12":"pa_avalikustamisaasta-saksamaa-2015","13":"pa_haiguskindlus-vaga-hea","14":"pa_kasvukorgus-120-cm","15":"pa_kollektsioon-hedge-charmers","16":"pa_laius-80-cm","17":"pa_lisainfo-ideaalne-heki-loomiseks","18":"pa_lisainfo-sobib-loikelilleks","19":"pa_lohn-orn","20":"pa_oie-suurus-keskmine","21":"pa_oie-varv-kollane","22":"pa_oie-varv-roosakas","23":"pa_oietuup-taidisois","24":"pa_oitsemine-korduvalt-oitsev","25":"pa_sort-poosasroos","26":"pa_taimede-arvestus-ruutmeetri-2-3","27":"pa_talvekindlus-vaga-hea","28":"pa_variatsioon-potis-2l-kevadel","29":"pa_variatsioon-potis-4-6l","31":"first","32":"outofstock","33":"purchasable","34":"product-type-variable"},"acf":[],"_links":{"self":[{"href":"https:\/\/dev.garden.ee\/en\/wp-json\/wp\/v2\/product\/24873","targetHints":{"allow":["GET"]}}],"collection":[{"href":"https:\/\/dev.garden.ee\/en\/wp-json\/wp\/v2\/product"}],"about":[{"href":"https:\/\/dev.garden.ee\/en\/wp-json\/wp\/v2\/types\/product"}],"wp:featuredmedia":[{"embeddable":true,"href":"https:\/\/dev.garden.ee\/en\/wp-json\/wp\/v2\/media\/24877"}],"wp:attachment":[{"href":"https:\/\/dev.garden.ee\/en\/wp-json\/wp\/v2\/media?parent=24873"}],"wp:term":[{"taxonomy":"product_brand","embeddable":true,"href":"https:\/\/dev.garden.ee\/en\/wp-json\/wp\/v2\/product_brand?post=24873"},{"taxonomy":"product_cat","embeddable":true,"href":"https:\/\/dev.garden.ee\/en\/wp-json\/wp\/v2\/product_cat?post=24873"},{"taxonomy":"product_tag","embeddable":true,"href":"https:\/\/dev.garden.ee\/en\/wp-json\/wp\/v2\/product_tag?post=24873"}],"curies":[{"name":"wp","href":"https:\/\/api.w.org\/{rel}","templated":true}]}}