{"id":24869,"date":"2026-02-06T16:01:21","date_gmt":"2026-02-06T14:01:21","guid":{"rendered":"https:\/\/dev.garden.ee\/?post_type=product&#038;p=24869"},"modified":"2026-02-06T16:14:51","modified_gmt":"2026-02-06T14:14:51","slug":"lancelot","status":"publish","type":"product","link":"https:\/\/dev.garden.ee\/en\/product\/lancelot\/","title":{"rendered":"Lancelot\u00ae"},"content":{"rendered":"<input class=\"fooboxshare_post_id\" type=\"hidden\" value=\"24869\"\/>","protected":false},"excerpt":{"rendered":"<p>Rikkalikult kaunistatud Camelot\u00ae-i j\u00e4rglane. Tema tervis, \u00f5itsemine ja iseloomulikud pritsmed meenutavad emasorti. Neile, kellele Camelot\u00ae-i kasv on liiga taltsutamatu, pakub Lancelot\u00ae k\u00f5iki omadusi kompaktse p\u00f5\u00f5sasroosi kujul.<\/p>\n<p>Kaarja kasvuga p\u00f5\u00f5sas. 6-8cm suurused \u00f5ied on mesilastele ja teistele putukatele toidup\u00f5\u00f5saks.<\/p>\n<p>V\u00f5ib kasutada hekkides, suurtes peenardes, \u00fcksikp\u00f5\u00f5sasroosina, romantilistes aedades koos p\u00fcsikutega, \u00e4\u00e4riste taga, v\u00f5restikes, v\u00e4ikestes r\u00fchmades.<\/p>\n<p>Auhinnad: 1. place cat. shrubroses, Soci\u00e9t\u00e9 Nationale d\u2019Horticulture Fran\u00e7aise (France 2022); Best shrubrose Saverne (France 2020).<\/p>","protected":false},"featured_media":24872,"template":"","meta":[],"product_brand":[],"product_cat":[4395,6934,4416,4402,22],"product_tag":[9417],"class_list":{"0":"post-24869","1":"product","2":"type-product","3":"status-publish","4":"has-post-thumbnail","6":"product_cat-hekid","7":"product_cat-mesilassobralik-aed","8":"product_cat-roosiaed","9":"product_cat-roosid","10":"product_cat-taimed","11":"product_tag-soodushind-50","12":"pa_aretus-rosen-tantau","13":"pa_avalikustamisaasta-saksamaa-2021","14":"pa_haiguskindlus-vaga-hea","15":"pa_kasvukorgus-120-150-cm","16":"pa_kollektsioon-bees-paradise-rose","17":"pa_laius-60-cm","18":"pa_lisainfo-ideaalne-heki-loomiseks","19":"pa_lisainfo-mesilaste-lemmik","20":"pa_lisainfo-sobib-lohnaaeda","21":"pa_lohn-keskmine","22":"pa_lohn-kerge","23":"pa_oie-suurus-keskmine","24":"pa_oie-varv-roosa","25":"pa_oie-varv-roosakas","26":"pa_oietuup-pooltaidisois","27":"pa_oitsemine-korduvalt-oitsev","28":"pa_sort-poosasroos","29":"pa_taimede-arvestus-ruutmeetri-9213","30":"pa_talvekindlus-vaga-hea","31":"pa_variatsioon-potis-4-6l","33":"first","34":"outofstock","35":"sale","36":"purchasable","37":"product-type-variable"},"acf":[],"_links":{"self":[{"href":"https:\/\/dev.garden.ee\/en\/wp-json\/wp\/v2\/product\/24869","targetHints":{"allow":["GET"]}}],"collection":[{"href":"https:\/\/dev.garden.ee\/en\/wp-json\/wp\/v2\/product"}],"about":[{"href":"https:\/\/dev.garden.ee\/en\/wp-json\/wp\/v2\/types\/product"}],"wp:featuredmedia":[{"embeddable":true,"href":"https:\/\/dev.garden.ee\/en\/wp-json\/wp\/v2\/media\/24872"}],"wp:attachment":[{"href":"https:\/\/dev.garden.ee\/en\/wp-json\/wp\/v2\/media?parent=24869"}],"wp:term":[{"taxonomy":"product_brand","embeddable":true,"href":"https:\/\/dev.garden.ee\/en\/wp-json\/wp\/v2\/product_brand?post=24869"},{"taxonomy":"product_cat","embeddable":true,"href":"https:\/\/dev.garden.ee\/en\/wp-json\/wp\/v2\/product_cat?post=24869"},{"taxonomy":"product_tag","embeddable":true,"href":"https:\/\/dev.garden.ee\/en\/wp-json\/wp\/v2\/product_tag?post=24869"}],"curies":[{"name":"wp","href":"https:\/\/api.w.org\/{rel}","templated":true}]}}