{"id":24864,"date":"2026-02-06T15:21:55","date_gmt":"2026-02-06T13:21:55","guid":{"rendered":"https:\/\/dev.garden.ee\/?post_type=product&#038;p=24864"},"modified":"2026-02-06T15:39:13","modified_gmt":"2026-02-06T13:39:13","slug":"lambada","status":"publish","type":"product","link":"https:\/\/dev.garden.ee\/en\/product\/lambada\/","title":{"rendered":"Lambada\u00ae"},"content":{"rendered":"<input class=\"fooboxshare_post_id\" type=\"hidden\" value=\"24864\"\/>","protected":false},"excerpt":{"rendered":"<p>Rikkalikult \u00f5itsev (6-7cm suuruste \u00f5itega), k\u00f5rge haiguskindlusega ja v\u00e4ga tihedalt kasvav p\u00f5\u00f5sasroos, mis sobib h\u00e4sti madalateks hekkideks ning v\u00e4ga hea kuuma taluvuse t\u00f5ttu ka r\u00f5dudele ja terrassidele istutuskastidesse. Talub ka osalist varju.<\/p>\n<p><span style=\"color: #ff0000;\">ETTETELLIMINE, V\u00c4LJASTAMINE APRILLI TEISEST POOLEST<\/span><\/p>","protected":false},"featured_media":24868,"template":"","meta":[],"product_brand":[],"product_cat":[4395,9637,9550,4416,4402,22],"product_tag":[],"class_list":{"0":"post-24864","1":"product","2":"type-product","3":"status-publish","4":"has-post-thumbnail","6":"product_cat-hekid","7":"product_cat-istutuskast","8":"product_cat-rodu-ja-terrass","9":"product_cat-roosiaed","10":"product_cat-roosid","11":"product_cat-taimed","12":"pa_aretus-w-kordes-sohne","13":"pa_avalikustamisaasta-saksamaa-2014","14":"pa_haiguskindlus-vaga-hea","15":"pa_kasvukorgus-120-cm","16":"pa_kollektsioon-hedge-charmers","17":"pa_laius-70-cm","18":"pa_lisainfo-ideaalne-heki-loomiseks","19":"pa_lisainfo-sobilik-istutuskasti-jaoks","20":"pa_lisainfo-sobib-osalise-varjuga-kasvualale","21":"pa_lohn-keskmine","22":"pa_oie-suurus-keskmine","23":"pa_oie-varv-oranz","24":"pa_oietuup-taidisois","25":"pa_oitsemine-korduvalt-oitsev","26":"pa_sort-poosasroos","27":"pa_taimede-arvestus-ruutmeetri-3-4","28":"pa_talvekindlus-vaga-hea","29":"pa_variatsioon-potis-2l-kevadel","30":"pa_variatsioon-potis-4-6l","32":"first","33":"outofstock","34":"purchasable","35":"product-type-variable"},"acf":[],"_links":{"self":[{"href":"https:\/\/dev.garden.ee\/en\/wp-json\/wp\/v2\/product\/24864","targetHints":{"allow":["GET"]}}],"collection":[{"href":"https:\/\/dev.garden.ee\/en\/wp-json\/wp\/v2\/product"}],"about":[{"href":"https:\/\/dev.garden.ee\/en\/wp-json\/wp\/v2\/types\/product"}],"wp:featuredmedia":[{"embeddable":true,"href":"https:\/\/dev.garden.ee\/en\/wp-json\/wp\/v2\/media\/24868"}],"wp:attachment":[{"href":"https:\/\/dev.garden.ee\/en\/wp-json\/wp\/v2\/media?parent=24864"}],"wp:term":[{"taxonomy":"product_brand","embeddable":true,"href":"https:\/\/dev.garden.ee\/en\/wp-json\/wp\/v2\/product_brand?post=24864"},{"taxonomy":"product_cat","embeddable":true,"href":"https:\/\/dev.garden.ee\/en\/wp-json\/wp\/v2\/product_cat?post=24864"},{"taxonomy":"product_tag","embeddable":true,"href":"https:\/\/dev.garden.ee\/en\/wp-json\/wp\/v2\/product_tag?post=24864"}],"curies":[{"name":"wp","href":"https:\/\/api.w.org\/{rel}","templated":true}]}}