{"id":24851,"date":"2026-02-06T13:17:39","date_gmt":"2026-02-06T11:17:39","guid":{"rendered":"https:\/\/dev.garden.ee\/?post_type=product&#038;p=24851"},"modified":"2026-02-06T13:33:53","modified_gmt":"2026-02-06T11:33:53","slug":"kastelruther-spatzen-rose","status":"publish","type":"product","link":"https:\/\/dev.garden.ee\/en\/product\/kastelruther-spatzen-rose\/","title":{"rendered":"Kastelruther Spatzen\u00ae Rose"},"content":{"rendered":"<input class=\"fooboxshare_post_id\" type=\"hidden\" value=\"24851\"\/>","protected":false},"excerpt":{"rendered":"<p>Suurep\u00e4rane v\u00e4ike p\u00f5\u00f5sasroos v\u00e4ikeste (2-4cm), v\u00e4ga t\u00e4idlaste ja puhasvalgete t\u00e4idis\u00f5itega. M\u00f5ned \u00f5ied on nostalgiliselt neljaks jaotatud. Eriti meeldiv on nende kerge magus violetne l\u00f5hn. Taimed annavad palju v\u00f5rseid, kuid ei kasva v\u00e4ga k\u00f5rgeks (40\u201360 cm). V\u00e4ga vastupidav, l\u00e4ikiv, tumeroheline lehestik.<\/p>\n<p>Sobib kasutamiseks peenarde \u00e4\u00e4ristes, surnuaedades, segapeenardes, massistutuses, pottides, \u00e4\u00e4ristes, terrassidel, v\u00e4ikestes r\u00fchmades.<\/p>","protected":false},"featured_media":24855,"template":"","meta":[],"product_brand":[],"product_cat":[9637,9550,4416,4402,4408,22],"product_tag":[],"class_list":{"0":"post-24851","1":"product","2":"type-product","3":"status-publish","4":"has-post-thumbnail","6":"product_cat-istutuskast","7":"product_cat-rodu-ja-terrass","8":"product_cat-roosiaed","9":"product_cat-roosid","10":"product_cat-vaike-aed","11":"product_cat-taimed","12":"pa_aretus-rosen-tantau","13":"pa_avalikustamisaasta-saksamaa-2012","14":"pa_haiguskindlus-vaga-hea","15":"pa_kasvukorgus-40-60-cm","16":"pa_laius-45-50-cm","17":"pa_lisainfo-sobilik-istutuskasti-jaoks","18":"pa_lohn-keskmine","19":"pa_lohn-magus","20":"pa_oie-suurus-vaike","21":"pa_oie-varv-valge","22":"pa_oietuup-taidisois","23":"pa_oitsemine-korduvalt-oitsev","24":"pa_sort-pinnakatteroos","25":"pa_sort-vaikepoosas","26":"pa_sunonuum-fairy-dust-f","27":"pa_sunonuum-white-saphir-benelux","28":"pa_taimede-arvestus-ruutmeetri-3-4","29":"pa_talvekindlus-hea","30":"pa_variatsioon-potis-2l-kevadel","31":"pa_variatsioon-potis-4-6l","33":"first","34":"outofstock","35":"purchasable","36":"product-type-variable"},"acf":[],"_links":{"self":[{"href":"https:\/\/dev.garden.ee\/en\/wp-json\/wp\/v2\/product\/24851","targetHints":{"allow":["GET"]}}],"collection":[{"href":"https:\/\/dev.garden.ee\/en\/wp-json\/wp\/v2\/product"}],"about":[{"href":"https:\/\/dev.garden.ee\/en\/wp-json\/wp\/v2\/types\/product"}],"wp:featuredmedia":[{"embeddable":true,"href":"https:\/\/dev.garden.ee\/en\/wp-json\/wp\/v2\/media\/24855"}],"wp:attachment":[{"href":"https:\/\/dev.garden.ee\/en\/wp-json\/wp\/v2\/media?parent=24851"}],"wp:term":[{"taxonomy":"product_brand","embeddable":true,"href":"https:\/\/dev.garden.ee\/en\/wp-json\/wp\/v2\/product_brand?post=24851"},{"taxonomy":"product_cat","embeddable":true,"href":"https:\/\/dev.garden.ee\/en\/wp-json\/wp\/v2\/product_cat?post=24851"},{"taxonomy":"product_tag","embeddable":true,"href":"https:\/\/dev.garden.ee\/en\/wp-json\/wp\/v2\/product_tag?post=24851"}],"curies":[{"name":"wp","href":"https:\/\/api.w.org\/{rel}","templated":true}]}}