{"id":24836,"date":"2026-02-06T11:56:03","date_gmt":"2026-02-06T09:56:03","guid":{"rendered":"https:\/\/dev.garden.ee\/?post_type=product&#038;p=24836"},"modified":"2026-02-06T12:26:19","modified_gmt":"2026-02-06T10:26:19","slug":"jean-de-la-fontaine","status":"publish","type":"product","link":"https:\/\/dev.garden.ee\/en\/product\/jean-de-la-fontaine\/","title":{"rendered":"Jean de la Fontaine UUS!"},"content":{"rendered":"<input class=\"fooboxshare_post_id\" type=\"hidden\" value=\"24836\"\/>","protected":false},"excerpt":{"rendered":"<p>\u00dchendab endas elegantsi, romantika ja vanaroose meenutava k\u00fctkestava l\u00f5hna. Tema tasakaalustatud, p\u00f5\u00f5sasjas kasvukuju ning rikkalik korduv\u00f5itsemine varakult kuni esimeste \u00f6\u00f6k\u00fclmadeni muudavad ta ideaalseks kaaslaseks sinu aia elavdamisel. T\u00e4nu tihedale ja tervele lehestikule,\u00a0lihtsale kasvatamisele\u00a0ja\u00a0heale vaasil\u00f5ike kestvusele\u00a0inspireerib sind hooaeg hooaja j\u00e4rel.<\/p>\n<p data-start=\"1148\" data-end=\"1177\">\u00d5ied paljastavad oma ilu mitmes etapis puhkedes 3\u20135 kaupa varre tippudest, luues kuude kaupa vahelduvaid ja kauneid vaatepilte. Algul avaneb fuksiaroosa pung suureks, 10\u201312 cm l\u00e4bim\u00f5\u00f5duga korollaks, mis meenutab pojengi. 40\u201350 kroonlehte moodustavad t\u00e4iuslikult keerduva kausi, mis avaneb, et paljastada pehmed ja lummavad toonid. Roosi s\u00fcdamik m\u00e4ngib l\u00f5heroosade varjunditega, mis sulanduvad j\u00e4rk-j\u00e4rgult puudristeks toonideks, mida r\u00f5hutavad kroonlehtede alak\u00fclje h\u00f5bedased helgid. See peen ja rafineeritud v\u00e4rv helendab p\u00e4ikese k\u00e4es ning n\u00e4ib s\u00e4ilitavat oma v\u00e4rskuse l\u00f5putult. Intensiivne ja joovastav l\u00f5hn t\u00e4idab \u00fcmbritseva \u00f5hu lilleliste nootidega, mis meenutavad pojengi, magnoolia ja aprikoosi segu.<\/p>\n<p data-start=\"2254\" data-end=\"2454\">Olgu ta istutatud \u00fcksikult v\u00f5i korratud v\u00e4ikeste gruppidena \u2013 ta toob segapeenardesse pehmust ja romantikat. Hea kuumataluvuse t\u00f5ttu sobib h\u00e4sti ja r\u00f5dule ja terrassidele. Tema puudriroosad ja l\u00f5heroosad toonid sobituvad kaunilt suviste p\u00fcsikute lillade ja siniste v\u00e4rvigammadega. Paiguta ta naisten\u00f5gese ja astrite k\u00f5rvale. Tema l\u00f5hnavad \u00f5ied v\u00f5luvad meeli koos lavendliga.<\/p>\n<p><span style=\"color: #ff0000;\">ETTETELLIMINE, V\u00c4LJASTAMINE APRILLI KESKPAIGAST<\/span><\/p>","protected":false},"featured_media":24841,"template":"","meta":[],"product_brand":[],"product_cat":[4414,4413,9550,4416,4402,22],"product_tag":[],"class_list":{"0":"post-24836","1":"product","2":"type-product","3":"status-publish","4":"has-post-thumbnail","6":"product_cat-lohnaaed","7":"product_cat-loikelilleaed","8":"product_cat-rodu-ja-terrass","9":"product_cat-roosiaed","10":"product_cat-roosid","11":"product_cat-taimed","12":"pa_aretus-meilland","13":"pa_avalikustamisaasta-prantsusmaa-2021","14":"pa_haiguskindlus-vaga-hea","15":"pa_kasvukorgus-60-cm","16":"pa_kollektsioon-romantica","17":"pa_laius-50-cm","18":"pa_lisainfo-sobib-lohnaaeda","19":"pa_lisainfo-sobib-loikelilleks","20":"pa_lohn-tugev","21":"pa_lohn-intensiivne","22":"pa_oie-suurus-suur","23":"pa_oie-varv-loheroosa","24":"pa_oie-varv-puudriroosa","25":"pa_oie-varv-roosa","26":"pa_oietuup-taidisois","27":"pa_oitsemine-korduvalt-oitsev","28":"pa_sort-teehubriidroos","29":"pa_taimede-arvestus-ruutmeetri-9219","30":"pa_talvekindlus-vaga-hea","31":"pa_variatsioon-paljasjuurne-ainult-kevadel","32":"pa_variatsioon-potis-4-6l","33":"pa_variatsioon-potis-4-6l-suvel-ja-sugisel","35":"first","36":"outofstock","37":"purchasable","38":"product-type-variable"},"acf":[],"_links":{"self":[{"href":"https:\/\/dev.garden.ee\/en\/wp-json\/wp\/v2\/product\/24836","targetHints":{"allow":["GET"]}}],"collection":[{"href":"https:\/\/dev.garden.ee\/en\/wp-json\/wp\/v2\/product"}],"about":[{"href":"https:\/\/dev.garden.ee\/en\/wp-json\/wp\/v2\/types\/product"}],"wp:featuredmedia":[{"embeddable":true,"href":"https:\/\/dev.garden.ee\/en\/wp-json\/wp\/v2\/media\/24841"}],"wp:attachment":[{"href":"https:\/\/dev.garden.ee\/en\/wp-json\/wp\/v2\/media?parent=24836"}],"wp:term":[{"taxonomy":"product_brand","embeddable":true,"href":"https:\/\/dev.garden.ee\/en\/wp-json\/wp\/v2\/product_brand?post=24836"},{"taxonomy":"product_cat","embeddable":true,"href":"https:\/\/dev.garden.ee\/en\/wp-json\/wp\/v2\/product_cat?post=24836"},{"taxonomy":"product_tag","embeddable":true,"href":"https:\/\/dev.garden.ee\/en\/wp-json\/wp\/v2\/product_tag?post=24836"}],"curies":[{"name":"wp","href":"https:\/\/api.w.org\/{rel}","templated":true}]}}