{"id":24831,"date":"2026-02-06T11:21:16","date_gmt":"2026-02-06T09:21:16","guid":{"rendered":"https:\/\/dev.garden.ee\/?post_type=product&#038;p=24831"},"modified":"2026-02-06T12:00:42","modified_gmt":"2026-02-06T10:00:42","slug":"jeanne-moreau","status":"publish","type":"product","link":"https:\/\/dev.garden.ee\/en\/product\/jeanne-moreau\/","title":{"rendered":"Jeanne Moreau\u00ae"},"content":{"rendered":"<input class=\"fooboxshare_post_id\" type=\"hidden\" value=\"24831\"\/>","protected":false},"excerpt":{"rendered":"<p data-start=\"145\" data-end=\"392\">Karismaatiline ja silmapaistev sort, mida iseloomustavad v\u00e4ga suured (15cm, kuni 100 kroonlehega), puhtvalged \u00f5ied ja v\u00e4ga tugev, kompleksne l\u00f5hn.\u00a0\u00d5ied on kausjad\u00a0ning paiknevad kaunilt matt-tumerohelise lehestiku taustal. Sort \u00f5itseb varakult kuni esimeste \u00f6\u00f6k\u00fclmadeni rikkalikkude lainetega.<\/p>\n<p data-start=\"570\" data-end=\"821\">Taim moodustab h\u00e4sti harunenud, kompaktse ja p\u00fcstise p\u00f5\u00f5sa, kasvades 80\u201390 cm k\u00f5rguseks ja umbes 50 cm laiuseks. Leiab loomulikult oma koha p\u00e4ikesepaistelistes segapeenardes, kus tema puhasvalge \u00f5iev\u00e4rv lisab v\u00e4rvikamate toonide vahele valgust ja elegantsi. Kauni kontrasti loomiseks sobib kombineerida s\u00fcgavsiniste kukekannustega, lillade salveide ja helmikp\u00f6\u00f6ristega; dekoratiivsed k\u00f5rrelised annavad istutusele kergust ja liikumist. Sobib h\u00e4sti ka r\u00f5dudele ja terrassidele ning on v\u00e4ga hea l\u00f5ikelill t\u00e4nu pikaealistele \u00f5itele ja tugevale l\u00f5hnale.<\/p>\n<p data-start=\"570\" data-end=\"821\">Aroom meenutab mai-roose, milles on tunda sidruni, m\u00fcndi ja sidrunmelissi noote. Luues peene ja luksusliku l\u00f5hna, mis on v\u00e4\u00e4riline parimatele parf\u00fc\u00fcmidele. Aroom, mis t\u00e4idab \u00f5hu ja j\u00e4\u00e4b meelde nagu unustamatu filmi tunnusmuusika.<\/p>\n<p>P\u00fchendatud Prantsuse n\u00e4itlejanna Jeanne Moreau auks.<\/p>\n<p>Parf\u00fc\u00fcmiauhinnad Genfis ja Saverne&#8217;is, samuti h\u00f5bemedal Baden-Baden&#8217;is.<\/p>","protected":false},"featured_media":24834,"template":"","meta":[],"product_brand":[],"product_cat":[4414,4413,9550,4416,4402,4408,22],"product_tag":[],"class_list":{"0":"post-24831","1":"product","2":"type-product","3":"status-publish","4":"has-post-thumbnail","6":"product_cat-lohnaaed","7":"product_cat-loikelilleaed","8":"product_cat-rodu-ja-terrass","9":"product_cat-roosiaed","10":"product_cat-roosid","11":"product_cat-vaike-aed","12":"product_cat-taimed","13":"pa_aretus-meilland","14":"pa_avalikustamisaasta-prantsusmaa-2005","15":"pa_haiguskindlus-vaga-hea","16":"pa_kasvukorgus-85-cm","17":"pa_kollektsioon-romantica","18":"pa_laius-50-cm","19":"pa_lisainfo-sobib-lohnaaeda","20":"pa_lisainfo-sobib-loikelilleks","21":"pa_lohn-tugev","22":"pa_lohn-intensiivne","23":"pa_oie-suurus-ulisuur","24":"pa_oie-varv-puhasvalge","25":"pa_oie-varv-valge","26":"pa_oietuup-taidisois","27":"pa_oitsemine-korduvalt-oitsev","28":"pa_sort-teehubriidroos","29":"pa_taimede-arvestus-ruutmeetri-3-4","30":"pa_talvekindlus-hea","31":"pa_variatsioon-paljasjuurne-ainult-kevadel","32":"pa_variatsioon-potis-4-6l","33":"pa_variatsioon-potis-4-6l-suvel-ja-sugisel","35":"first","36":"outofstock","37":"purchasable","38":"product-type-variable"},"acf":[],"_links":{"self":[{"href":"https:\/\/dev.garden.ee\/en\/wp-json\/wp\/v2\/product\/24831","targetHints":{"allow":["GET"]}}],"collection":[{"href":"https:\/\/dev.garden.ee\/en\/wp-json\/wp\/v2\/product"}],"about":[{"href":"https:\/\/dev.garden.ee\/en\/wp-json\/wp\/v2\/types\/product"}],"wp:featuredmedia":[{"embeddable":true,"href":"https:\/\/dev.garden.ee\/en\/wp-json\/wp\/v2\/media\/24834"}],"wp:attachment":[{"href":"https:\/\/dev.garden.ee\/en\/wp-json\/wp\/v2\/media?parent=24831"}],"wp:term":[{"taxonomy":"product_brand","embeddable":true,"href":"https:\/\/dev.garden.ee\/en\/wp-json\/wp\/v2\/product_brand?post=24831"},{"taxonomy":"product_cat","embeddable":true,"href":"https:\/\/dev.garden.ee\/en\/wp-json\/wp\/v2\/product_cat?post=24831"},{"taxonomy":"product_tag","embeddable":true,"href":"https:\/\/dev.garden.ee\/en\/wp-json\/wp\/v2\/product_tag?post=24831"}],"curies":[{"name":"wp","href":"https:\/\/api.w.org\/{rel}","templated":true}]}}