{"id":2483,"date":"2023-01-18T17:15:23","date_gmt":"2023-01-18T15:15:23","guid":{"rendered":"https:\/\/dev.zezz.ee\/garden\/toode\/thalictrum-delavayi\/"},"modified":"2023-02-22T22:46:54","modified_gmt":"2023-02-22T20:46:54","slug":"thalictrum-delavayi","status":"publish","type":"product","link":"https:\/\/dev.garden.ee\/en\/product\/thalictrum-delavayi\/","title":{"rendered":"Thalictrum delavayi"},"content":{"rendered":"<input class=\"fooboxshare_post_id\" type=\"hidden\" value=\"2483\"\/>","protected":false},"excerpt":{"rendered":"<p>Tuntud ka kui hiina kollane \u00e4ngelhein. P\u00fcstise kasvuga taim. Lehestik atraktiivne, korrap\u00e4rane, jaotatud justkui korrusteks. Suured kobarad 2 cm suuruseid lillakasroosasid \u00f5isi, millede laialt avatud s\u00fcdamikest paistavad kollased tolmukad. Kasvamiseks eelistab poolvarju. Pinnas v\u00f5iks olla poorne, niiskem. Suurep\u00e4rase tulemuse saab, kui sobitada erinevate sinihelmikatega, lisades taustaks m\u00f5ned tumedalehised p\u00f5\u00f5sad. P\u00fcsikupeenrasse sobiks h\u00e4sti koos valgete liiliatega ning hostadega. Taim on pikaealine ja muutub aastatega aina kenamaks.<\/p>\n<p>Hooldus: Lumevaesel talvel on soovitav taim kergelt katta mult\u0161iga v\u00f5i kuuseokstega. Koledaks muutunud v\u00f5rsed s\u00fcgisel maha l\u00f5igata.<\/p>\n<p><span style=\"color: #ff0000;\">\u00a0<\/span><\/p>","protected":false},"featured_media":23009,"template":"","meta":[],"product_brand":[],"product_cat":[4403,4415,4413,4406,4401,22],"product_tag":[],"class_list":{"0":"post-2483","1":"product","2":"type-product","3":"status-publish","4":"has-post-thumbnail","6":"product_cat-kodu","7":"product_cat-lilleaed","8":"product_cat-loikelilleaed","9":"product_cat-park","10":"product_cat-pusikud","11":"product_cat-taimed","12":"pa_haiguskindlus-hea","13":"pa_moodud-k-50-100-cm-l-50-cm","14":"pa_oie-varv-roosa","15":"pa_oitsemise-aeg-juuli-september","16":"pa_talvekindlus-keskmine","17":"pa_tsoon-5-9","18":"pa_variatsioon-suurem-pott","19":"pa_variatsioon-vaiksem-pott","21":"first","22":"instock","23":"purchasable","24":"product-type-variable"},"acf":[],"_links":{"self":[{"href":"https:\/\/dev.garden.ee\/en\/wp-json\/wp\/v2\/product\/2483","targetHints":{"allow":["GET"]}}],"collection":[{"href":"https:\/\/dev.garden.ee\/en\/wp-json\/wp\/v2\/product"}],"about":[{"href":"https:\/\/dev.garden.ee\/en\/wp-json\/wp\/v2\/types\/product"}],"wp:featuredmedia":[{"embeddable":true,"href":"https:\/\/dev.garden.ee\/en\/wp-json\/wp\/v2\/media\/23009"}],"wp:attachment":[{"href":"https:\/\/dev.garden.ee\/en\/wp-json\/wp\/v2\/media?parent=2483"}],"wp:term":[{"taxonomy":"product_brand","embeddable":true,"href":"https:\/\/dev.garden.ee\/en\/wp-json\/wp\/v2\/product_brand?post=2483"},{"taxonomy":"product_cat","embeddable":true,"href":"https:\/\/dev.garden.ee\/en\/wp-json\/wp\/v2\/product_cat?post=2483"},{"taxonomy":"product_tag","embeddable":true,"href":"https:\/\/dev.garden.ee\/en\/wp-json\/wp\/v2\/product_tag?post=2483"}],"curies":[{"name":"wp","href":"https:\/\/api.w.org\/{rel}","templated":true}]}}