{"id":24822,"date":"2026-02-04T20:38:36","date_gmt":"2026-02-04T18:38:36","guid":{"rendered":"https:\/\/dev.garden.ee\/?post_type=product&#038;p=24822"},"modified":"2026-02-06T12:28:28","modified_gmt":"2026-02-06T10:28:28","slug":"irina","status":"publish","type":"product","link":"https:\/\/dev.garden.ee\/en\/product\/irina\/","title":{"rendered":"Irina\u00ae UUS!"},"content":{"rendered":"<input class=\"fooboxshare_post_id\" type=\"hidden\" value=\"24822\"\/>","protected":false},"excerpt":{"rendered":"<p data-start=\"0\" data-end=\"261\">Klassikaliselt elegantsed \u00f5ied levitavad rikkalikult magusat l\u00f5hna. Eriti vaasis t\u00f5mbavad need elegantsed valged \u00f5ied ja nende aroom kogu t\u00e4helepanu endale.<\/p>\n<p data-start=\"0\" data-end=\"261\">Eelistab roosidele head kasvukohta aias, kus talle saab pakkuda erilist t\u00e4helepanu ja hoolt.<\/p>\n<p data-start=\"333\" data-end=\"502\">Sobib kasutamiseks: segaroosipeenardes, suurtes peenardes, l\u00f5hnaaedades, teeh\u00fcbriidpeenardes, romantilistes aedades koos p\u00fcsikutega, segapeenardes ja l\u00f5ikelilleks.<\/p>\n<p>Auhind: Silver Medal Roma (Italy 2015).<\/p>\n<p><span style=\"color: #ff0000;\">ETTETELLIMINE, V\u00c4LJASTAMINE APRILLI TEISEST POOLEST<\/span><\/p>","protected":false},"featured_media":24826,"template":"","meta":[],"product_brand":[],"product_cat":[4414,4413,4416,4402,22],"product_tag":[],"class_list":{"0":"post-24822","1":"product","2":"type-product","3":"status-publish","4":"has-post-thumbnail","6":"product_cat-lohnaaed","7":"product_cat-loikelilleaed","8":"product_cat-roosiaed","9":"product_cat-roosid","10":"product_cat-taimed","11":"pa_aretus-rosen-tantau","12":"pa_avalikustamisaasta-saksamaa-2016","13":"pa_haiguskindlus-keskmine","14":"pa_kasvukorgus-80-120-cm","15":"pa_laius-40-50-cm","16":"pa_lisainfo-sobib-lohnaaeda","17":"pa_lisainfo-sobib-loikelilleks","18":"pa_lohn-intensiivne","19":"pa_lohn-magus","20":"pa_lohn-vaga-tugev","21":"pa_oie-suurus-ulisuur","22":"pa_oie-varv-valge","23":"pa_oietuup-taidisois","24":"pa_oitsemine-korduvalt-oitsev","25":"pa_sort-teehubriidroos","26":"pa_taimede-arvestus-ruutmeetri-4-5","27":"pa_talvekindlus-keskmine","28":"pa_variatsioon-potis-2l-kevadel","29":"pa_variatsioon-potis-4-6l","31":"first","32":"outofstock","33":"purchasable","34":"product-type-variable"},"acf":[],"_links":{"self":[{"href":"https:\/\/dev.garden.ee\/en\/wp-json\/wp\/v2\/product\/24822","targetHints":{"allow":["GET"]}}],"collection":[{"href":"https:\/\/dev.garden.ee\/en\/wp-json\/wp\/v2\/product"}],"about":[{"href":"https:\/\/dev.garden.ee\/en\/wp-json\/wp\/v2\/types\/product"}],"wp:featuredmedia":[{"embeddable":true,"href":"https:\/\/dev.garden.ee\/en\/wp-json\/wp\/v2\/media\/24826"}],"wp:attachment":[{"href":"https:\/\/dev.garden.ee\/en\/wp-json\/wp\/v2\/media?parent=24822"}],"wp:term":[{"taxonomy":"product_brand","embeddable":true,"href":"https:\/\/dev.garden.ee\/en\/wp-json\/wp\/v2\/product_brand?post=24822"},{"taxonomy":"product_cat","embeddable":true,"href":"https:\/\/dev.garden.ee\/en\/wp-json\/wp\/v2\/product_cat?post=24822"},{"taxonomy":"product_tag","embeddable":true,"href":"https:\/\/dev.garden.ee\/en\/wp-json\/wp\/v2\/product_tag?post=24822"}],"curies":[{"name":"wp","href":"https:\/\/api.w.org\/{rel}","templated":true}]}}