{"id":24817,"date":"2026-02-04T20:01:42","date_gmt":"2026-02-04T18:01:42","guid":{"rendered":"https:\/\/dev.garden.ee\/?post_type=product&#038;p=24817"},"modified":"2026-02-04T20:26:41","modified_gmt":"2026-02-04T18:26:41","slug":"azubis","status":"publish","type":"product","link":"https:\/\/dev.garden.ee\/en\/product\/azubis\/","title":{"rendered":"Azubis"},"content":{"rendered":"<input class=\"fooboxshare_post_id\" type=\"hidden\" value=\"24817\"\/>","protected":false},"excerpt":{"rendered":"<p>Huvitav roniroos, millel on palju erilisi omadusi, nagu spiraalne kuju, tugev l\u00f5hn ja kroonlehtede sirelililla v\u00e4rvus. K\u00f5rge keskpunktiga keskmise kuni suure \u00f5iega (u. 10 cm l\u00e4bim\u00f5\u00f5duga) 25\u201330 kroonlehega ning kuni 3 \u00f5it varrel. \u00d5itseb rikkalikult korduvalt, mis tuleb tumerohelise lehestiku taustal eriti h\u00e4sti esile.<\/p>\n<p>&#8216;Indigoletta&#8217; saate hoida tervena, kui asetate ta p\u00e4ikesepaistelisse v\u00f5i osaliselt varjulisse kohta niiskemasse mulda. Kuumal suvel meeldib kaitse kuuma p\u00e4rastl\u00f5unase p\u00e4ikese eest. K\u00fclma kaitseks v\u00f5ib roosi istutamine l\u00f5una- v\u00f5i l\u00e4\u00e4nepoolse seina \u00e4\u00e4rde, et aidata talvist k\u00fclmumiskahjustust minimeerida.<\/p>","protected":false},"featured_media":24821,"template":"","meta":[],"product_brand":[],"product_cat":[4414,4413,4397,4416,4402,22],"product_tag":[],"class_list":{"0":"post-24817","1":"product","2":"type-product","3":"status-publish","4":"has-post-thumbnail","6":"product_cat-lohnaaed","7":"product_cat-loikelilleaed","8":"product_cat-ronitaimed","9":"product_cat-roosiaed","10":"product_cat-roosid","11":"product_cat-taimed","12":"pa_aretus-de-laak","13":"pa_avalikustamisaasta-3585","14":"pa_haiguskindlus-vaga-hea","15":"pa_kasvukorgus-250-300-cm","16":"pa_laius-200-cm","17":"pa_lisainfo-ronitaim","18":"pa_lisainfo-sobib-lohnaaeda","19":"pa_lisainfo-sobib-osalise-varjuga-kasvualale","20":"pa_lohn-tugev","21":"pa_oie-suurus-suur","22":"pa_oie-varv-lilla","23":"pa_oie-varv-sirelililla","24":"pa_oietuup-taidisois","25":"pa_oitsemine-korduvalt-oitsev","26":"pa_sort-roniroos","27":"pa_sunonuum-indigoletta","28":"pa_talvekindlus-hea","29":"pa_variatsioon-paljasjuurne-ainult-kevadel","30":"pa_variatsioon-potis-4-6l","31":"pa_variatsioon-potis-4-6l-suvel-ja-sugisel","33":"first","34":"outofstock","35":"purchasable","36":"product-type-variable"},"acf":[],"_links":{"self":[{"href":"https:\/\/dev.garden.ee\/en\/wp-json\/wp\/v2\/product\/24817","targetHints":{"allow":["GET"]}}],"collection":[{"href":"https:\/\/dev.garden.ee\/en\/wp-json\/wp\/v2\/product"}],"about":[{"href":"https:\/\/dev.garden.ee\/en\/wp-json\/wp\/v2\/types\/product"}],"wp:featuredmedia":[{"embeddable":true,"href":"https:\/\/dev.garden.ee\/en\/wp-json\/wp\/v2\/media\/24821"}],"wp:attachment":[{"href":"https:\/\/dev.garden.ee\/en\/wp-json\/wp\/v2\/media?parent=24817"}],"wp:term":[{"taxonomy":"product_brand","embeddable":true,"href":"https:\/\/dev.garden.ee\/en\/wp-json\/wp\/v2\/product_brand?post=24817"},{"taxonomy":"product_cat","embeddable":true,"href":"https:\/\/dev.garden.ee\/en\/wp-json\/wp\/v2\/product_cat?post=24817"},{"taxonomy":"product_tag","embeddable":true,"href":"https:\/\/dev.garden.ee\/en\/wp-json\/wp\/v2\/product_tag?post=24817"}],"curies":[{"name":"wp","href":"https:\/\/api.w.org\/{rel}","templated":true}]}}