{"id":24808,"date":"2026-02-04T15:48:20","date_gmt":"2026-02-04T13:48:20","guid":{"rendered":"https:\/\/dev.garden.ee\/?post_type=product&#038;p=24808"},"modified":"2026-02-04T15:58:27","modified_gmt":"2026-02-04T13:58:27","slug":"herkules","status":"publish","type":"product","link":"https:\/\/dev.garden.ee\/en\/product\/herkules\/","title":{"rendered":"Herkules\u00ae"},"content":{"rendered":"<input class=\"fooboxshare_post_id\" type=\"hidden\" value=\"24808\"\/>","protected":false},"excerpt":{"rendered":"<p>V\u00e4ga \u00f5ierikas p\u00fcstine p\u00f5\u00f5saroos mitmekordsete ja nostalgiliste \u00f5itega (7-8cm), huvitavas v\u00e4rvivariatsioonis, tugeva l\u00f5hna ja p\u00f5\u00f5sasja kasvuga. Imeliselt \u00f5huline ja v\u00e4rske on sidrunil\u00f5hn, mis s\u00fcgavalt hingates nina n\u00e4pistab. Kesknoodis domineerivad vesised-rohelised \u00f5unad, millest areneb rohelise kooritud pirni noot. Rohelised ja puuviljased aspektid on t\u00e4ielikus koosk\u00f5las lille kauakestva v\u00e4rskusega. L\u00f5hna maksimaalne intensiivsus tuleb esile keskp\u00e4eval ja \u00f5htuti.<\/p>\n<p>Auhind: Gold medal Kortrijk.<\/p>","protected":false},"featured_media":24812,"template":"","meta":[],"product_brand":[],"product_cat":[4414,4413,4416,4402,22],"product_tag":[],"class_list":{"0":"post-24808","1":"product","2":"type-product","3":"status-publish","4":"has-post-thumbnail","6":"product_cat-lohnaaed","7":"product_cat-loikelilleaed","8":"product_cat-roosiaed","9":"product_cat-roosid","10":"product_cat-taimed","11":"pa_aretus-w-kordes-sohne","12":"pa_avalikustamisaasta-saksamaa-2007","13":"pa_haiguskindlus-hea","14":"pa_kasvukorgus-120-cm","15":"pa_kollektsioon-fairy-tale","16":"pa_laius-60-cm","17":"pa_lisainfo-sobib-lohnaaeda","18":"pa_lisainfo-sobib-loikelilleks","19":"pa_lohn-tugev","20":"pa_lohn-intensiivne","21":"pa_lohn-puuviljane","22":"pa_oie-suurus-keskmine","23":"pa_oie-varv-lavendlililla","24":"pa_oie-varv-valge","25":"pa_oietuup-taidisois","26":"pa_oitsemine-korduvalt-oitsev","27":"pa_sort-poosasroos","28":"pa_taimede-arvestus-ruutmeetri-3-4","29":"pa_talvekindlus-hea","30":"pa_variatsioon-potis-2l-kevadel","31":"pa_variatsioon-potis-4-6l","33":"first","34":"outofstock","35":"purchasable","36":"product-type-variable"},"acf":[],"_links":{"self":[{"href":"https:\/\/dev.garden.ee\/en\/wp-json\/wp\/v2\/product\/24808","targetHints":{"allow":["GET"]}}],"collection":[{"href":"https:\/\/dev.garden.ee\/en\/wp-json\/wp\/v2\/product"}],"about":[{"href":"https:\/\/dev.garden.ee\/en\/wp-json\/wp\/v2\/types\/product"}],"wp:featuredmedia":[{"embeddable":true,"href":"https:\/\/dev.garden.ee\/en\/wp-json\/wp\/v2\/media\/24812"}],"wp:attachment":[{"href":"https:\/\/dev.garden.ee\/en\/wp-json\/wp\/v2\/media?parent=24808"}],"wp:term":[{"taxonomy":"product_brand","embeddable":true,"href":"https:\/\/dev.garden.ee\/en\/wp-json\/wp\/v2\/product_brand?post=24808"},{"taxonomy":"product_cat","embeddable":true,"href":"https:\/\/dev.garden.ee\/en\/wp-json\/wp\/v2\/product_cat?post=24808"},{"taxonomy":"product_tag","embeddable":true,"href":"https:\/\/dev.garden.ee\/en\/wp-json\/wp\/v2\/product_tag?post=24808"}],"curies":[{"name":"wp","href":"https:\/\/api.w.org\/{rel}","templated":true}]}}