{"id":24802,"date":"2026-02-04T15:28:21","date_gmt":"2026-02-04T13:28:21","guid":{"rendered":"https:\/\/dev.garden.ee\/?post_type=product&#038;p=24802"},"modified":"2026-02-04T15:47:50","modified_gmt":"2026-02-04T13:47:50","slug":"here-comes-the-sun-uudis","status":"publish","type":"product","link":"https:\/\/dev.garden.ee\/en\/product\/here-comes-the-sun-uudis\/","title":{"rendered":"Here Comes the Sun\u00ae UUDIS!"},"content":{"rendered":"<input class=\"fooboxshare_post_id\" type=\"hidden\" value=\"24802\"\/>","protected":false},"excerpt":{"rendered":"<p>Pikaajalise ja rikkaliku \u00f5itsemisega floribundroos, millel on poolt\u00e4idis\u00f5ielised, kausjad \u00f5ied, mis ei pleegi ega k\u00f5rbe ka tugeva p\u00e4ikesekiirguse k\u00e4es. Intensiivne \u00f5iev\u00e4rv p\u00fcsib stabiilsena kogu \u00f5itsemisperioodi v\u00e4ltel.<\/p>\n<p>T\u00e4nu heale kuuma taluvusele sobib h\u00e4sti r\u00f5dudele ja terrassidele pottidesse.<\/p>","protected":false},"featured_media":24807,"template":"","meta":[],"product_brand":[],"product_cat":[9637,9550,4416,4402,22],"product_tag":[],"class_list":{"0":"post-24802","1":"product","2":"type-product","3":"status-publish","4":"has-post-thumbnail","6":"product_cat-istutuskast","7":"product_cat-rodu-ja-terrass","8":"product_cat-roosiaed","9":"product_cat-roosid","10":"product_cat-taimed","11":"pa_aretus-w-kordes-sohne","12":"pa_avalikustamisaasta-saksamaa-2024","13":"pa_haiguskindlus-vaga-hea","14":"pa_kasvukorgus-50-80-cm","15":"pa_kollektsioon-sunflare","16":"pa_laius-40-cm","17":"pa_lisainfo-sobilik-istutuskasti-jaoks","18":"pa_lohn-orn","19":"pa_oie-suurus-keskmine","20":"pa_oie-varv-sidrunkollane","21":"pa_oietuup-pooltaidisois","22":"pa_oitsemine-korduvalt-oitsev","23":"pa_sort-floribund-ehk-paljuoieline-roos","24":"pa_taimede-arvestus-ruutmeetri-9218","25":"pa_talvekindlus-hea","26":"pa_variatsioon-potis-2l-kevadel","27":"pa_variatsioon-potis-4-6l","29":"first","30":"outofstock","31":"purchasable","32":"product-type-variable"},"acf":[],"_links":{"self":[{"href":"https:\/\/dev.garden.ee\/en\/wp-json\/wp\/v2\/product\/24802","targetHints":{"allow":["GET"]}}],"collection":[{"href":"https:\/\/dev.garden.ee\/en\/wp-json\/wp\/v2\/product"}],"about":[{"href":"https:\/\/dev.garden.ee\/en\/wp-json\/wp\/v2\/types\/product"}],"wp:featuredmedia":[{"embeddable":true,"href":"https:\/\/dev.garden.ee\/en\/wp-json\/wp\/v2\/media\/24807"}],"wp:attachment":[{"href":"https:\/\/dev.garden.ee\/en\/wp-json\/wp\/v2\/media?parent=24802"}],"wp:term":[{"taxonomy":"product_brand","embeddable":true,"href":"https:\/\/dev.garden.ee\/en\/wp-json\/wp\/v2\/product_brand?post=24802"},{"taxonomy":"product_cat","embeddable":true,"href":"https:\/\/dev.garden.ee\/en\/wp-json\/wp\/v2\/product_cat?post=24802"},{"taxonomy":"product_tag","embeddable":true,"href":"https:\/\/dev.garden.ee\/en\/wp-json\/wp\/v2\/product_tag?post=24802"}],"curies":[{"name":"wp","href":"https:\/\/api.w.org\/{rel}","templated":true}]}}