{"id":24797,"date":"2026-02-04T11:55:21","date_gmt":"2026-02-04T09:55:21","guid":{"rendered":"https:\/\/dev.garden.ee\/?post_type=product&#038;p=24797"},"modified":"2026-02-04T12:03:40","modified_gmt":"2026-02-04T10:03:40","slug":"grafin-elke-zu-rantzau","status":"publish","type":"product","link":"https:\/\/dev.garden.ee\/en\/product\/grafin-elke-zu-rantzau\/","title":{"rendered":"Gr\u00e4fin Elke zu Rantzau"},"content":{"rendered":"<input class=\"fooboxshare_post_id\" type=\"hidden\" value=\"24797\"\/>","protected":false},"excerpt":{"rendered":"<p>P\u00f5\u00f5sas, kuid p\u00fcsti kasvav ja l\u00f5hnav floribunda. Pungad on kahe\u00f5ielised ja kasvavad v\u00e4ikestes kobarates. Haiguskindlus on eriti tugev mustlaiksuse vastu.<\/p>\n<p>L\u00f5hn algab \u00f5rnalt. See osutub \u00fcllatavalt s\u00fcgavaks ja tugevaks oma iseloomult, mis areneb samm-sammult. Tunda on nii v\u00e4rskendavaid kreemja-puuviljase aprikoosi ja \u00f5una noote. Kusjuures arenevas \u00f5ites on tunda aromaatset puidulisust. M\u00f5nusalt ja intensiivselt domineerivad m\u00fcrri, maal\u00e4hedased ja v\u00fcrtsikad aspektid.\u00a0L\u00f5hna maksimaalne intensiivsus tuleb enim esile hommikul, keskp\u00e4eval ja \u00f5htul.<\/p>\n<p>Nimetatud 2015. aastal Breitenburgi lossis surnud Rantzau krahvinna Elke auks ja Breitenburgi golfiklubi asutaja auks.<\/p>\n<p><span style=\"color: #ff0000;\">ETTETELLIMINE, V\u00c4LJASTAMINE APRILLI TEISEST POOLEST<\/span><\/p>","protected":false},"featured_media":24801,"template":"","meta":[],"product_brand":[],"product_cat":[4414,4416,4402,22],"product_tag":[],"class_list":{"0":"post-24797","1":"product","2":"type-product","3":"status-publish","4":"has-post-thumbnail","6":"product_cat-lohnaaed","7":"product_cat-roosiaed","8":"product_cat-roosid","9":"product_cat-taimed","10":"pa_aretus-w-kordes-sohne","11":"pa_avalikustamisaasta-saksamaa-2019","12":"pa_haiguskindlus-vaga-hea","13":"pa_kasvukorgus-80-cm","14":"pa_kollektsioon-parfuma","15":"pa_laius-50-cm","16":"pa_lisainfo-sobib-lohnaaeda","17":"pa_lohn-tugev","18":"pa_oie-suurus-suur","19":"pa_oie-varv-kreemjas","20":"pa_oietuup-taidisois","21":"pa_oitsemine-korduvalt-oitsev","22":"pa_sort-floribund-ehk-paljuoieline-roos","23":"pa_taimede-arvestus-ruutmeetri-4-5","24":"pa_talvekindlus-hea","25":"pa_variatsioon-potis-2l-kevadel","26":"pa_variatsioon-potis-4-6l","28":"first","29":"outofstock","30":"purchasable","31":"product-type-variable"},"acf":[],"_links":{"self":[{"href":"https:\/\/dev.garden.ee\/en\/wp-json\/wp\/v2\/product\/24797","targetHints":{"allow":["GET"]}}],"collection":[{"href":"https:\/\/dev.garden.ee\/en\/wp-json\/wp\/v2\/product"}],"about":[{"href":"https:\/\/dev.garden.ee\/en\/wp-json\/wp\/v2\/types\/product"}],"wp:featuredmedia":[{"embeddable":true,"href":"https:\/\/dev.garden.ee\/en\/wp-json\/wp\/v2\/media\/24801"}],"wp:attachment":[{"href":"https:\/\/dev.garden.ee\/en\/wp-json\/wp\/v2\/media?parent=24797"}],"wp:term":[{"taxonomy":"product_brand","embeddable":true,"href":"https:\/\/dev.garden.ee\/en\/wp-json\/wp\/v2\/product_brand?post=24797"},{"taxonomy":"product_cat","embeddable":true,"href":"https:\/\/dev.garden.ee\/en\/wp-json\/wp\/v2\/product_cat?post=24797"},{"taxonomy":"product_tag","embeddable":true,"href":"https:\/\/dev.garden.ee\/en\/wp-json\/wp\/v2\/product_tag?post=24797"}],"curies":[{"name":"wp","href":"https:\/\/api.w.org\/{rel}","templated":true}]}}