{"id":24791,"date":"2026-02-04T11:17:45","date_gmt":"2026-02-04T09:17:45","guid":{"rendered":"https:\/\/dev.garden.ee\/?post_type=product&#038;p=24791"},"modified":"2026-02-04T11:33:43","modified_gmt":"2026-02-04T09:33:43","slug":"grosherzogin-luise","status":"publish","type":"product","link":"https:\/\/dev.garden.ee\/en\/product\/grosherzogin-luise\/","title":{"rendered":"Gro\u00dfherzogin Luise\u00ae"},"content":{"rendered":"<input class=\"fooboxshare_post_id\" type=\"hidden\" value=\"24791\"\/>","protected":false},"excerpt":{"rendered":"<p>Teeh\u00fcbriidroos, millel on p\u00fcstine kasvukuju, intensiivne puuviljane l\u00f5hn, kahekordsed ja k\u00f5rge keskpunktiga \u00f5ied \u00fcksikult vartel. \u00d5ite l\u00e4bim\u00f5\u00f5t 8 &#8211; 10 cm.<\/p>\n<p>Virsiku ja aprikoosi rikkalikud l\u00f5hnad loovad sellele harmoonilisele kompositsioonile v\u00e4rske ja puuviljase alguse. \u00dchineb ka pehme ja kreemjas roosil\u00f5hn ning rohelise pirni puudutus annab selle roosi s\u00fcgavale ja \u00fcmarale parf\u00fc\u00fcmile meeldiva v\u00e4rskuse. Kohtab ka v\u00fcrtsikaid k\u00fclgi koos jasmiini s\u00fcgavate lilleliste l\u00f5hnanootidega.\u00a0L\u00f5hna maksimaalne intensiivsus kajastub eelk\u00f5ige keskp\u00e4eval ja \u00f5htuti.<\/p>","protected":false},"featured_media":24795,"template":"","meta":[],"product_brand":[],"product_cat":[4414,4413,4416,4402,22],"product_tag":[],"class_list":{"0":"post-24791","1":"product","2":"type-product","3":"status-publish","4":"has-post-thumbnail","6":"product_cat-lohnaaed","7":"product_cat-loikelilleaed","8":"product_cat-roosiaed","9":"product_cat-roosid","10":"product_cat-taimed","11":"pa_aretus-w-kordes-sohne","12":"pa_avalikustamisaasta-saksamaa-2017","13":"pa_haiguskindlus-vaga-hea","14":"pa_kasvukorgus-100-cm","15":"pa_kollektsioon-parfuma","16":"pa_laius-50-cm","17":"pa_lisainfo-sobib-lohnaaeda","18":"pa_lisainfo-sobib-loikelilleks","19":"pa_lohn-tugev","20":"pa_lohn-intensiivne","21":"pa_lohn-puuviljane","22":"pa_oie-suurus-suur","23":"pa_oie-varv-aprikoos","24":"pa_oie-varv-roosa","25":"pa_oietuup-taidisois","26":"pa_oitsemine-korduvalt-oitsev","27":"pa_sort-teehubriidroos","28":"pa_taimede-arvestus-ruutmeetri-4-5","29":"pa_talvekindlus-vaga-hea","30":"pa_variatsioon-potis-2l-kevadel","31":"pa_variatsioon-potis-4-6l","33":"first","34":"outofstock","35":"purchasable","36":"product-type-variable"},"acf":[],"_links":{"self":[{"href":"https:\/\/dev.garden.ee\/en\/wp-json\/wp\/v2\/product\/24791","targetHints":{"allow":["GET"]}}],"collection":[{"href":"https:\/\/dev.garden.ee\/en\/wp-json\/wp\/v2\/product"}],"about":[{"href":"https:\/\/dev.garden.ee\/en\/wp-json\/wp\/v2\/types\/product"}],"wp:featuredmedia":[{"embeddable":true,"href":"https:\/\/dev.garden.ee\/en\/wp-json\/wp\/v2\/media\/24795"}],"wp:attachment":[{"href":"https:\/\/dev.garden.ee\/en\/wp-json\/wp\/v2\/media?parent=24791"}],"wp:term":[{"taxonomy":"product_brand","embeddable":true,"href":"https:\/\/dev.garden.ee\/en\/wp-json\/wp\/v2\/product_brand?post=24791"},{"taxonomy":"product_cat","embeddable":true,"href":"https:\/\/dev.garden.ee\/en\/wp-json\/wp\/v2\/product_cat?post=24791"},{"taxonomy":"product_tag","embeddable":true,"href":"https:\/\/dev.garden.ee\/en\/wp-json\/wp\/v2\/product_tag?post=24791"}],"curies":[{"name":"wp","href":"https:\/\/api.w.org\/{rel}","templated":true}]}}