{"id":24785,"date":"2026-02-03T18:16:02","date_gmt":"2026-02-03T16:16:02","guid":{"rendered":"https:\/\/dev.garden.ee\/?post_type=product&#038;p=24785"},"modified":"2026-02-03T18:35:11","modified_gmt":"2026-02-03T16:35:11","slug":"grande-amore-uus","status":"publish","type":"product","link":"https:\/\/dev.garden.ee\/en\/product\/grande-amore-uus\/","title":{"rendered":"Grande Amore\u00ae UUS!"},"content":{"rendered":"<input class=\"fooboxshare_post_id\" type=\"hidden\" value=\"24785\"\/>","protected":false},"excerpt":{"rendered":"<p data-start=\"0\" data-end=\"352\">Armastusele p\u00fchendatud roos. See on \u00fcks v\u00e4heseid teeh\u00fcbriidroose, mis on p\u00e4lvinud ADR\u00ae-tunnustuse, kinnitades sordi v\u00e4ga k\u00f5rget haiguskindlust. Suured, k\u00f5rge keskosaga \u00f5ied paiknevad pikkadel p\u00fcstistel ja sirgetel vartel, mist\u00f5ttu sobib see roos suurep\u00e4raselt l\u00f5ikelilleks ja kimpudesse. Suurte 8 &#8211; 10 cm \u00f5ite v\u00e4rv on s\u00e4rav, romantiline punane.<\/p>\n<p>Auhinnatud rahvusvahelistel roosikonkursitel.<\/p>\n<p><span style=\"color: #ff0000;\">ETTETELLIMINE, V\u00c4LJASTAMINE APRILLI TEISEST POOLEST<\/span><\/p>","protected":false},"featured_media":24788,"template":"","meta":[],"product_brand":[],"product_cat":[4414,4413,4416,4402,22],"product_tag":[],"class_list":{"0":"post-24785","1":"product","2":"type-product","3":"status-publish","4":"has-post-thumbnail","6":"product_cat-lohnaaed","7":"product_cat-loikelilleaed","8":"product_cat-roosiaed","9":"product_cat-roosid","10":"product_cat-taimed","11":"pa_adr-jah","12":"pa_aretus-w-kordes-sohne","13":"pa_avalikustamisaasta-saksamaa-2004","14":"pa_haiguskindlus-vaga-hea","15":"pa_kasvukorgus-80-cm","16":"pa_kollektsioon-eleganza","17":"pa_laius-50-cm","18":"pa_lisainfo-sobib-lohnaaeda","19":"pa_lisainfo-sobib-loikelilleks","20":"pa_lohn-tugev","21":"pa_oie-suurus-suur","22":"pa_oie-varv-punane","23":"pa_oietuup-taidisois","24":"pa_oitsemine-korduvalt-oitsev","25":"pa_sort-teehubriidroos","26":"pa_taimede-arvestus-ruutmeetri-9218","27":"pa_talvekindlus-vaga-hea","28":"pa_variatsioon-potis-2l-kevadel","29":"pa_variatsioon-potis-4-6l","31":"first","32":"outofstock","33":"purchasable","34":"product-type-variable"},"acf":[],"_links":{"self":[{"href":"https:\/\/dev.garden.ee\/en\/wp-json\/wp\/v2\/product\/24785","targetHints":{"allow":["GET"]}}],"collection":[{"href":"https:\/\/dev.garden.ee\/en\/wp-json\/wp\/v2\/product"}],"about":[{"href":"https:\/\/dev.garden.ee\/en\/wp-json\/wp\/v2\/types\/product"}],"wp:featuredmedia":[{"embeddable":true,"href":"https:\/\/dev.garden.ee\/en\/wp-json\/wp\/v2\/media\/24788"}],"wp:attachment":[{"href":"https:\/\/dev.garden.ee\/en\/wp-json\/wp\/v2\/media?parent=24785"}],"wp:term":[{"taxonomy":"product_brand","embeddable":true,"href":"https:\/\/dev.garden.ee\/en\/wp-json\/wp\/v2\/product_brand?post=24785"},{"taxonomy":"product_cat","embeddable":true,"href":"https:\/\/dev.garden.ee\/en\/wp-json\/wp\/v2\/product_cat?post=24785"},{"taxonomy":"product_tag","embeddable":true,"href":"https:\/\/dev.garden.ee\/en\/wp-json\/wp\/v2\/product_tag?post=24785"}],"curies":[{"name":"wp","href":"https:\/\/api.w.org\/{rel}","templated":true}]}}