{"id":24781,"date":"2026-02-03T17:59:01","date_gmt":"2026-02-03T15:59:01","guid":{"rendered":"https:\/\/dev.garden.ee\/?post_type=product&#038;p=24781"},"modified":"2026-02-10T13:11:19","modified_gmt":"2026-02-10T11:11:19","slug":"gotha-1250-uudis","status":"publish","type":"product","link":"https:\/\/dev.garden.ee\/en\/product\/gotha-1250-uudis\/","title":{"rendered":"Gotha 1250 UUDIS!"},"content":{"rendered":"<input class=\"fooboxshare_post_id\" type=\"hidden\" value=\"24781\"\/>","protected":false},"excerpt":{"rendered":"<p data-start=\"0\" data-end=\"300\">Floribundroos Gotha 1250 ristiti 2025. aasta suvel Gothas (T\u00fc\u00fcringi, Saksamaa) linna 1250. aastap\u00e4eva t\u00e4histamiseks. P\u00f5\u00f5sasjas p\u00fcstise kasvuga sort r\u00f5\u00f5mustab silma sooja sametpunase \u00f5iev\u00e4rviga, millele annavad kauni kontrasti erksad tolmukad. Pehmelt sametised \u00f5ied on atraktiivsed ka mesilastele. L\u00e4bim\u00f5\u00f5duks neil 4 &#8211; 6 cm.<\/p>\n<p data-start=\"302\" data-end=\"466\" data-is-last-node=\"\" data-is-only-node=\"\">Sobib kasutamiseks\u00a0segaroosipeenardes, hekkides, suurtes peenardes, romantilistes aedades koos p\u00fcsikutega, segapeenardes, massistutuses ja v\u00e4ikestes gruppides.<\/p>\n<p>Auhind: 1. Priize cat. beeding roses, Hradec Kralove (Czech. Republic 2025).<\/p>\n<p><span style=\"color: #ff0000;\">ETTETELLIMINE, V\u00c4LJASTAMINE APRILLI TEISEST POOLEST<\/span><\/p>","protected":false},"featured_media":24784,"template":"","meta":[],"product_brand":[],"product_cat":[4395,6934,4416,4402,22],"product_tag":[9776],"class_list":{"0":"post-24781","1":"product","2":"type-product","3":"status-publish","4":"has-post-thumbnail","6":"product_cat-hekid","7":"product_cat-mesilassobralik-aed","8":"product_cat-roosiaed","9":"product_cat-roosid","10":"product_cat-taimed","11":"product_tag-uudissort","12":"pa_aretus-rosen-tantau","13":"pa_avalikustamisaasta-saksamaa-2025","14":"pa_haiguskindlus-vaga-hea","15":"pa_kasvukorgus-80-100-cm","16":"pa_laius-45-50-cm","17":"pa_lisainfo-ideaalne-heki-loomiseks","18":"pa_lisainfo-mesilaste-lemmik","19":"pa_lohn-orn","20":"pa_oie-suurus-vaike","21":"pa_oie-varv-punane","22":"pa_oietuup-taidisois","23":"pa_oitsemine-korduvalt-oitsev","24":"pa_sort-peenraroos","25":"pa_taimede-arvestus-ruutmeetri-4-5","26":"pa_talvekindlus-hea","27":"pa_variatsioon-potis-2l-kevadel","28":"pa_variatsioon-potis-4-6l","30":"first","31":"outofstock","32":"purchasable","33":"product-type-variable"},"acf":[],"_links":{"self":[{"href":"https:\/\/dev.garden.ee\/en\/wp-json\/wp\/v2\/product\/24781","targetHints":{"allow":["GET"]}}],"collection":[{"href":"https:\/\/dev.garden.ee\/en\/wp-json\/wp\/v2\/product"}],"about":[{"href":"https:\/\/dev.garden.ee\/en\/wp-json\/wp\/v2\/types\/product"}],"wp:featuredmedia":[{"embeddable":true,"href":"https:\/\/dev.garden.ee\/en\/wp-json\/wp\/v2\/media\/24784"}],"wp:attachment":[{"href":"https:\/\/dev.garden.ee\/en\/wp-json\/wp\/v2\/media?parent=24781"}],"wp:term":[{"taxonomy":"product_brand","embeddable":true,"href":"https:\/\/dev.garden.ee\/en\/wp-json\/wp\/v2\/product_brand?post=24781"},{"taxonomy":"product_cat","embeddable":true,"href":"https:\/\/dev.garden.ee\/en\/wp-json\/wp\/v2\/product_cat?post=24781"},{"taxonomy":"product_tag","embeddable":true,"href":"https:\/\/dev.garden.ee\/en\/wp-json\/wp\/v2\/product_tag?post=24781"}],"curies":[{"name":"wp","href":"https:\/\/api.w.org\/{rel}","templated":true}]}}