{"id":2478,"date":"2023-01-18T17:15:21","date_gmt":"2023-01-18T15:15:21","guid":{"rendered":"https:\/\/dev.zezz.ee\/garden\/toode\/phlomis-russeliana\/"},"modified":"2026-03-05T19:20:41","modified_gmt":"2026-03-05T17:20:41","slug":"phlomis-russeliana","status":"publish","type":"product","link":"https:\/\/dev.garden.ee\/en\/product\/phlomis-russeliana\/","title":{"rendered":"Phlomis russeliana"},"content":{"rendered":"<input class=\"fooboxshare_post_id\" type=\"hidden\" value=\"2478\"\/>","protected":false},"excerpt":{"rendered":"<p>S\u00fc\u00fcria tuli\u00fcrt on v\u00e4ga kergesti kasvatatav p\u00fcsik, puhmast moodustava ja p\u00fcstise kasvukujuga. Ta on terve , hallikasrohelise lehestikuga ning ilusate mahekollaste \u00f5itega. Sobib suurep\u00e4raselt kasvama p\u00fcsikupeenrasse, n\u00e4iteks koos k\u00f5rgete siniste kukekannustega. V\u00e4ga h\u00e4sti katab pinda, on massistutuses kaunis. Meelitab aeda liblikaid. \u00dcks taim v\u00f5ib kanda kuni 50 \u00f5it, s\u00fcgisel valmivad neist v\u00e4\u00e4rikad seemnepead. S\u00fc\u00fcria tuli\u00fcrt on populaarne just t\u00e4nu oma pikale \u00f5itsemisajale ning vastupidavusele. Kasvada edukalt ka kuivemas pinnases.\u00a0Taim talub m\u00f5ningat varju, kuid p\u00e4ris varjulises kohas venib v\u00e4lja. Mullastiku suhtes on leplik, kuid pinnas peaks olema vett l\u00e4bilaskev.\u00a0Kuiv talvekate v\u00f5i mult\u0161 on lumevaesel talvel soovitav.<\/p>\n<p>Kaaslasena sobib nt\u00a0Lupinus x russellii &#8216;Chandelier&#8217; ja\u00a0Stipa gigantea<em>.\u00a0<\/em>Vt all &#8211; seotud tooted.<\/p>","protected":false},"featured_media":25891,"template":"","meta":[],"product_brand":[],"product_cat":[4407,4403,4415,4413,4401,22],"product_tag":[],"class_list":{"0":"post-2478","1":"product","2":"type-product","3":"status-publish","4":"has-post-thumbnail","6":"product_cat-aasad","7":"product_cat-kodu","8":"product_cat-lilleaed","9":"product_cat-loikelilleaed","10":"product_cat-pusikud","11":"product_cat-taimed","12":"pa_haiguskindlus-vaga-hea","13":"pa_moodud-k-80-100-cm-l-70-cm","14":"pa_oie-varv-kollane","15":"pa_oitsemise-aeg-juuni-juuli","16":"pa_talvekindlus-vaga-hea","17":"pa_tsoon-4-9","18":"pa_variatsioon-suurem-pott","19":"pa_variatsioon-vaiksem-pott","21":"first","22":"outofstock","23":"purchasable","24":"product-type-variable"},"acf":[],"_links":{"self":[{"href":"https:\/\/dev.garden.ee\/en\/wp-json\/wp\/v2\/product\/2478","targetHints":{"allow":["GET"]}}],"collection":[{"href":"https:\/\/dev.garden.ee\/en\/wp-json\/wp\/v2\/product"}],"about":[{"href":"https:\/\/dev.garden.ee\/en\/wp-json\/wp\/v2\/types\/product"}],"wp:featuredmedia":[{"embeddable":true,"href":"https:\/\/dev.garden.ee\/en\/wp-json\/wp\/v2\/media\/25891"}],"wp:attachment":[{"href":"https:\/\/dev.garden.ee\/en\/wp-json\/wp\/v2\/media?parent=2478"}],"wp:term":[{"taxonomy":"product_brand","embeddable":true,"href":"https:\/\/dev.garden.ee\/en\/wp-json\/wp\/v2\/product_brand?post=2478"},{"taxonomy":"product_cat","embeddable":true,"href":"https:\/\/dev.garden.ee\/en\/wp-json\/wp\/v2\/product_cat?post=2478"},{"taxonomy":"product_tag","embeddable":true,"href":"https:\/\/dev.garden.ee\/en\/wp-json\/wp\/v2\/product_tag?post=2478"}],"curies":[{"name":"wp","href":"https:\/\/api.w.org\/{rel}","templated":true}]}}