{"id":24773,"date":"2026-02-03T14:38:35","date_gmt":"2026-02-03T12:38:35","guid":{"rendered":"https:\/\/dev.garden.ee\/?post_type=product&#038;p=24773"},"modified":"2026-03-12T20:00:25","modified_gmt":"2026-03-12T18:00:25","slug":"gartentraume","status":"publish","type":"product","link":"https:\/\/dev.garden.ee\/en\/product\/gartentraume\/","title":{"rendered":"Gartentr\u00e4ume\u00ae"},"content":{"rendered":"<input class=\"fooboxshare_post_id\" type=\"hidden\" value=\"24773\"\/>","protected":false},"excerpt":{"rendered":"<p data-start=\"189\" data-end=\"372\" data-is-last-node=\"\" data-is-only-node=\"\">Suured (8-10 cm) \u00f5ied on romantilised roosad, kausjad ja nostalgiliselt t\u00e4idis\u00f5ielised, \u00e4\u00e4rmiselt l\u00f5hnavad. Lehestik on keskmiselt roheline ning taim moodustab kompaktse, tiheda p\u00f5\u00f5sa.<\/p>\n<p data-start=\"189\" data-end=\"372\" data-is-last-node=\"\" data-is-only-node=\"\">Kaarduva kasvukujuga roos, mis sobib kasvatamiseks v\u00e4ikestes gruppides, segaroosipeenardes, l\u00f5ikelilleks, l\u00f5hnaaedades, romantilistes aedades koos p\u00fcsikutega ning segapeenardes.<\/p>\n<p>Auhind: Silver medal Echigo (Japan 2010).<\/p>\n<p><span style=\"color: #ff0000;\">ETTETELLIMINE, V\u00c4LJASTAMINE APRILLI TEISEST POOLEST<\/span><\/p>","protected":false},"featured_media":24776,"template":"","meta":[],"product_brand":[],"product_cat":[4413,4416,4402,22],"product_tag":[],"class_list":{"0":"post-24773","1":"product","2":"type-product","3":"status-publish","4":"has-post-thumbnail","6":"product_cat-loikelilleaed","7":"product_cat-roosiaed","8":"product_cat-roosid","9":"product_cat-taimed","10":"pa_aretus-rosen-tantau","11":"pa_avalikustamisaasta-saksamaa-2005","12":"pa_haiguskindlus-hea","13":"pa_kasvukorgus-70-100-cm","14":"pa_laius-45-50-cm","15":"pa_lisainfo-sobib-loikelilleks","16":"pa_lohn-tugev","17":"pa_lohn-intensiivne","18":"pa_oie-suurus-suur","19":"pa_oie-varv-roosakas","20":"pa_oietuup-taidisois","21":"pa_oitsemine-korduvalt-oitsev","22":"pa_sort-peenraroos","23":"pa_taimede-arvestus-ruutmeetri-4-5","24":"pa_talvekindlus-hea","25":"pa_variatsioon-potis-2l-kevadel","26":"pa_variatsioon-potis-4-6l","27":"pa_variatsioon-potis-4-6l-suvel-ja-sugisel","29":"first","30":"outofstock","31":"purchasable","32":"product-type-variable"},"acf":[],"_links":{"self":[{"href":"https:\/\/dev.garden.ee\/en\/wp-json\/wp\/v2\/product\/24773","targetHints":{"allow":["GET"]}}],"collection":[{"href":"https:\/\/dev.garden.ee\/en\/wp-json\/wp\/v2\/product"}],"about":[{"href":"https:\/\/dev.garden.ee\/en\/wp-json\/wp\/v2\/types\/product"}],"wp:featuredmedia":[{"embeddable":true,"href":"https:\/\/dev.garden.ee\/en\/wp-json\/wp\/v2\/media\/24776"}],"wp:attachment":[{"href":"https:\/\/dev.garden.ee\/en\/wp-json\/wp\/v2\/media?parent=24773"}],"wp:term":[{"taxonomy":"product_brand","embeddable":true,"href":"https:\/\/dev.garden.ee\/en\/wp-json\/wp\/v2\/product_brand?post=24773"},{"taxonomy":"product_cat","embeddable":true,"href":"https:\/\/dev.garden.ee\/en\/wp-json\/wp\/v2\/product_cat?post=24773"},{"taxonomy":"product_tag","embeddable":true,"href":"https:\/\/dev.garden.ee\/en\/wp-json\/wp\/v2\/product_tag?post=24773"}],"curies":[{"name":"wp","href":"https:\/\/api.w.org\/{rel}","templated":true}]}}