{"id":24768,"date":"2026-02-03T14:27:08","date_gmt":"2026-02-03T12:27:08","guid":{"rendered":"https:\/\/dev.garden.ee\/?post_type=product&#038;p=24768"},"modified":"2026-02-10T13:18:57","modified_gmt":"2026-02-10T11:18:57","slug":"gartenspas-uus","status":"publish","type":"product","link":"https:\/\/dev.garden.ee\/en\/product\/gartenspas-uus\/","title":{"rendered":"Gartenspa\u00df UUS!"},"content":{"rendered":"<input class=\"fooboxshare_post_id\" type=\"hidden\" value=\"24768\"\/>","protected":false},"excerpt":{"rendered":"<p>See floribunda on oma v\u00e4rvik\u00fclluse ja v\u00e4ga terve lehestikuga t\u00f5eline t\u00e4helepanu \u00e4rataja. K\u00f5rge keskpunktiga pungad avanevad v\u00e4ga kahekordseteks \u00f5iekuppideks, mille kollast keskosa \u00fcmbritsevad intensiivsed punased servad.<\/p>\n<p>Saanud mitmeid rahvusvahelisi auhindu, n\u00e4iteks Adelaide&#8217;i linna auhind, rahva lemmiku auhind ja Glasgow&#8217; linna kuldne auhind.<\/p>\n<p><span style=\"color: #ff0000;\">ETTETELLIMINE, V\u00c4LJASTAMINE APRILLI TEISEST POOLEST<\/span><\/p>","protected":false},"featured_media":24771,"template":"","meta":[],"product_brand":[],"product_cat":[4413,4416,4402,22],"product_tag":[9780],"class_list":{"0":"post-24768","1":"product","2":"type-product","3":"status-publish","4":"has-post-thumbnail","6":"product_cat-loikelilleaed","7":"product_cat-roosiaed","8":"product_cat-roosid","9":"product_cat-taimed","10":"product_tag-uus","11":"pa_aretus-w-kordes-sohne","12":"pa_avalikustamisaasta-saksamaa-2008","13":"pa_haiguskindlus-vaga-hea","14":"pa_kasvukorgus-80-cm","15":"pa_kollektsioon-fantasia","16":"pa_laius-40-cm","17":"pa_lisainfo-sobib-loikelilleks","18":"pa_lohn-orn","19":"pa_oie-suurus-keskmine","20":"pa_oie-varv-punane","21":"pa_oie-varv-kollane","22":"pa_oietuup-taidisois","23":"pa_sort-floribund-ehk-paljuoieline-roos","24":"pa_taimede-arvestus-ruutmeetri-9218","25":"pa_talvekindlus-hea","26":"pa_variatsioon-potis-2l-kevadel","27":"pa_variatsioon-potis-4-6l","29":"first","30":"outofstock","31":"purchasable","32":"product-type-variable"},"acf":[],"_links":{"self":[{"href":"https:\/\/dev.garden.ee\/en\/wp-json\/wp\/v2\/product\/24768","targetHints":{"allow":["GET"]}}],"collection":[{"href":"https:\/\/dev.garden.ee\/en\/wp-json\/wp\/v2\/product"}],"about":[{"href":"https:\/\/dev.garden.ee\/en\/wp-json\/wp\/v2\/types\/product"}],"wp:featuredmedia":[{"embeddable":true,"href":"https:\/\/dev.garden.ee\/en\/wp-json\/wp\/v2\/media\/24771"}],"wp:attachment":[{"href":"https:\/\/dev.garden.ee\/en\/wp-json\/wp\/v2\/media?parent=24768"}],"wp:term":[{"taxonomy":"product_brand","embeddable":true,"href":"https:\/\/dev.garden.ee\/en\/wp-json\/wp\/v2\/product_brand?post=24768"},{"taxonomy":"product_cat","embeddable":true,"href":"https:\/\/dev.garden.ee\/en\/wp-json\/wp\/v2\/product_cat?post=24768"},{"taxonomy":"product_tag","embeddable":true,"href":"https:\/\/dev.garden.ee\/en\/wp-json\/wp\/v2\/product_tag?post=24768"}],"curies":[{"name":"wp","href":"https:\/\/api.w.org\/{rel}","templated":true}]}}