{"id":24762,"date":"2026-02-03T14:06:44","date_gmt":"2026-02-03T12:06:44","guid":{"rendered":"https:\/\/dev.garden.ee\/?post_type=product&#038;p=24762"},"modified":"2026-02-10T16:01:29","modified_gmt":"2026-02-10T14:01:29","slug":"gabriel-oak","status":"publish","type":"product","link":"https:\/\/dev.garden.ee\/en\/product\/gabriel-oak\/","title":{"rendered":"Gabriel Oak"},"content":{"rendered":"<input class=\"fooboxshare_post_id\" type=\"hidden\" value=\"24762\"\/>","protected":false},"excerpt":{"rendered":"<p>P\u00f5\u00f5sasroos, mille v\u00f5rratud samet-tumeroosad suured rosett\u00f5ied k\u00f5rguvad tugevatel vartel p\u00f5\u00f5sa pooll\u00e4ikiva tumerohelise lehestiku kohal. Noored v\u00f5rsed ilmuvad tumelilladena ning moodustavad roheliste lehtede taustal kena kontrasti. Kuni 125 kroonlehega tugeva l\u00f5hnalised \u00f5ied r\u00f5\u00f5mustavad juuni l\u00f5pust s\u00fcgisk\u00fclmadeni. \u00d5ite aroomi v\u00f5ib kirjeldada kui segu klassikalisest roosil\u00f5hnast ja kergetest v\u00fcrtsi- ja vaarikanootidest. Soodsates tingimustes v\u00f5ib kasvada kuni 125 cm k\u00f5rguseks. Moodustab kena \u00fcmara kujuga p\u00f5\u00f5sa.<\/p>\n<p>\u00d5ied asetsevad k\u00fcllaltki pikkadel ja j\u00e4ikadel vartel, seega sobivad h\u00e4sti l\u00f5ikelilledeks. Sobib kasvatamiseks nii \u00fcksikult kui gruppides, peenardel ja istutuskastides, aga ka l\u00f5hnava roosihekina.<\/p>\n<p>Roos on oma nime saanud s\u00fcmpaatse tegelaskuju j\u00e4rgi Inglise kirjaniku Thomas Hardy romaanist \u201eEemal hullutavast ilmak\u00e4rast\u201d (\u201eFar from the Madding Crowd\u201d).<\/p>\n<p><span style=\"color: #ff0000;\">ETTETELLIMINE, V\u00c4LJASTAMINE APRILLI KESKPAIGAST<\/span><\/p>","protected":false},"featured_media":24765,"template":"","meta":[],"product_brand":[],"product_cat":[4395,9637,4414,4413,4416,4402,22],"product_tag":[],"class_list":{"0":"post-24762","1":"product","2":"type-product","3":"status-publish","4":"has-post-thumbnail","6":"product_cat-hekid","7":"product_cat-istutuskast","8":"product_cat-lohnaaed","9":"product_cat-loikelilleaed","10":"product_cat-roosiaed","11":"product_cat-roosid","12":"product_cat-taimed","13":"pa_aretus-david-austin","14":"pa_avalikustamisaasta-uhendkuningriik-2019","15":"pa_kasvukorgus-125-cm","16":"pa_laius-125-cm","17":"pa_lisainfo-ideaalne-heki-loomiseks","18":"pa_lisainfo-sobilik-istutuskasti-jaoks","19":"pa_lisainfo-sobib-lohnaaeda","20":"pa_lisainfo-sobib-loikelilleks","21":"pa_lohn-tugev","22":"pa_lohn-puuviljane","23":"pa_oie-suurus-suur","24":"pa_oie-varv-magenta","25":"pa_oie-varv-roosa","26":"pa_oietuup-taidisois","27":"pa_oitsemine-korduvalt-oitsev","28":"pa_sort-poosasroos","29":"pa_taimede-arvestus-ruutmeetri-9220","30":"pa_variatsioon-paljasjuurne-ainult-kevadel","31":"pa_variatsioon-potis-4-6l","32":"pa_variatsioon-potis-4-6l-suvel-ja-sugisel","34":"first","35":"outofstock","36":"purchasable","37":"product-type-variable"},"acf":[],"_links":{"self":[{"href":"https:\/\/dev.garden.ee\/en\/wp-json\/wp\/v2\/product\/24762","targetHints":{"allow":["GET"]}}],"collection":[{"href":"https:\/\/dev.garden.ee\/en\/wp-json\/wp\/v2\/product"}],"about":[{"href":"https:\/\/dev.garden.ee\/en\/wp-json\/wp\/v2\/types\/product"}],"wp:featuredmedia":[{"embeddable":true,"href":"https:\/\/dev.garden.ee\/en\/wp-json\/wp\/v2\/media\/24765"}],"wp:attachment":[{"href":"https:\/\/dev.garden.ee\/en\/wp-json\/wp\/v2\/media?parent=24762"}],"wp:term":[{"taxonomy":"product_brand","embeddable":true,"href":"https:\/\/dev.garden.ee\/en\/wp-json\/wp\/v2\/product_brand?post=24762"},{"taxonomy":"product_cat","embeddable":true,"href":"https:\/\/dev.garden.ee\/en\/wp-json\/wp\/v2\/product_cat?post=24762"},{"taxonomy":"product_tag","embeddable":true,"href":"https:\/\/dev.garden.ee\/en\/wp-json\/wp\/v2\/product_tag?post=24762"}],"curies":[{"name":"wp","href":"https:\/\/api.w.org\/{rel}","templated":true}]}}