{"id":24756,"date":"2026-02-03T13:53:26","date_gmt":"2026-02-03T11:53:26","guid":{"rendered":"https:\/\/dev.garden.ee\/?post_type=product&#038;p=24756"},"modified":"2026-02-10T16:42:05","modified_gmt":"2026-02-10T14:42:05","slug":"friesia","status":"publish","type":"product","link":"https:\/\/dev.garden.ee\/en\/product\/friesia\/","title":{"rendered":"Friesia\u00ae"},"content":{"rendered":"<input class=\"fooboxshare_post_id\" type=\"hidden\" value=\"24756\"\/>","protected":false},"excerpt":{"rendered":"<p>Populaarne floribunda oma v\u00e4rvi, \u00f5iterohkuse ja vastupidavuse t\u00f5ttu. P\u00fcstise kasvuga varajane \u00f5itseja. \u00d5ite l\u00f5hn on meelitav, salap\u00e4rane ja m\u00fcstiline. L\u00f5hn koosneb jasmiini v\u00f5i ylang-ylangile sarnaste sensuaalsete-lilleliste aspektidega. Vahele p\u00f5ikab rohelisi noote, mis meenutavad v\u00e4rskelt l\u00f5igatud pukspuud. Puuviljased noodid nagu lit\u0161i v\u00f5i \u00f5un annavad l\u00f5hna kooslusele erilise noodi. L\u00f5puks avaneb l\u00f5hn pehme-sametiseks vanilje- ja aprikoosilembeliseks.<\/p>\n<p>Rahvusvaheliselt auhindadega p\u00e4rjatud sort.<\/p>","protected":false},"featured_media":24761,"template":"","meta":[],"product_brand":[],"product_cat":[4414,4416,4402,22],"product_tag":[],"class_list":{"0":"post-24756","1":"product","2":"type-product","3":"status-publish","4":"has-post-thumbnail","6":"product_cat-lohnaaed","7":"product_cat-roosiaed","8":"product_cat-roosid","9":"product_cat-taimed","10":"pa_aretus-w-kordes-sohne","11":"pa_avalikustamisaasta-saksamaa-1973","12":"pa_haiguskindlus-hea","13":"pa_kasvukorgus-50-80-cm","14":"pa_laius-40-cm","15":"pa_lisainfo-sobib-lohnaaeda","16":"pa_lohn-keskmine","17":"pa_oie-suurus-keskmine","18":"pa_oie-varv-kuldkollane","19":"pa_oietuup-taidisois","20":"pa_oitsemine-korduvalt-oitsev","21":"pa_sort-floribund-ehk-paljuoieline-roos","22":"pa_taimede-arvestus-ruutmeetri-9218","23":"pa_talvekindlus-hea","24":"pa_variatsioon-potis-2l-kevadel","25":"pa_variatsioon-potis-4-6l","27":"first","28":"outofstock","29":"purchasable","30":"product-type-variable"},"acf":[],"_links":{"self":[{"href":"https:\/\/dev.garden.ee\/en\/wp-json\/wp\/v2\/product\/24756","targetHints":{"allow":["GET"]}}],"collection":[{"href":"https:\/\/dev.garden.ee\/en\/wp-json\/wp\/v2\/product"}],"about":[{"href":"https:\/\/dev.garden.ee\/en\/wp-json\/wp\/v2\/types\/product"}],"wp:featuredmedia":[{"embeddable":true,"href":"https:\/\/dev.garden.ee\/en\/wp-json\/wp\/v2\/media\/24761"}],"wp:attachment":[{"href":"https:\/\/dev.garden.ee\/en\/wp-json\/wp\/v2\/media?parent=24756"}],"wp:term":[{"taxonomy":"product_brand","embeddable":true,"href":"https:\/\/dev.garden.ee\/en\/wp-json\/wp\/v2\/product_brand?post=24756"},{"taxonomy":"product_cat","embeddable":true,"href":"https:\/\/dev.garden.ee\/en\/wp-json\/wp\/v2\/product_cat?post=24756"},{"taxonomy":"product_tag","embeddable":true,"href":"https:\/\/dev.garden.ee\/en\/wp-json\/wp\/v2\/product_tag?post=24756"}],"curies":[{"name":"wp","href":"https:\/\/api.w.org\/{rel}","templated":true}]}}