{"id":24751,"date":"2026-02-03T13:33:40","date_gmt":"2026-02-03T11:33:40","guid":{"rendered":"https:\/\/dev.garden.ee\/?post_type=product&#038;p=24751"},"modified":"2026-02-10T17:56:58","modified_gmt":"2026-02-10T15:56:58","slug":"friendly-red-meiariba","status":"publish","type":"product","link":"https:\/\/dev.garden.ee\/en\/product\/friendly-red-meiariba\/","title":{"rendered":"Friendly\u00ae Red Meiariba"},"content":{"rendered":"<input class=\"fooboxshare_post_id\" type=\"hidden\" value=\"24751\"\/>","protected":false},"excerpt":{"rendered":"<p>Viiekroonlehelised s\u00f5bralikud liht\u00f5ied on 5-6 cm l\u00e4bim\u00f5\u00f5duga ning leekivpunast v\u00e4rvi, valge s\u00fcdamiku ja kuldkollaste tolmukatega ja sisaldavad hulgaliselt \u00f5ietolmu, meelitades ligi hulgaliselt mesilasi, kimalasi ja muid tolmeldajaid. Hooaja l\u00f5ppedes ehivad oksi toredad helepunased viljad, mis pakuvad suurt huvi aialindudele. T\u00e4nu suurep\u00e4rasele haiguskindlusele pole isegi orgaaniline t\u00f6\u00f6tlemine vajalik!<\/p>\n<p>Sobib kasvatamiseks \u00fcksikult v\u00f5i gruppidena, nii peenardel kui hekis, aga ka sobiva suurusega istutusanumates r\u00f5dudel ja terrassidel. V\u00e4ga loomulik v\u00e4limus muudab selle asendamatuks naturalistlikes aedades v\u00f5i maamajade aedades. Kuid selle omadusi hinnatakse sama palju ka kaasaegsemas keskkonnas; see leiab kergesti oma koha moodsates kompositsioonides, kus see loob meeldiva kontrasti puhaste ja moodsate joontega.<\/p>","protected":false},"featured_media":24754,"template":"","meta":[],"product_brand":[],"product_cat":[4395,9637,9702,9650,6934,9550,4416,4402,22],"product_tag":[9417],"class_list":{"0":"post-24751","1":"product","2":"type-product","3":"status-publish","4":"has-post-thumbnail","6":"product_cat-hekid","7":"product_cat-istutuskast","8":"product_cat-linnaaed","9":"product_cat-looduslik-aed","10":"product_cat-mesilassobralik-aed","11":"product_cat-rodu-ja-terrass","12":"product_cat-roosiaed","13":"product_cat-roosid","14":"product_cat-taimed","15":"product_tag-soodushind-50","16":"pa_aretus-meilland","17":"pa_avalikustamisaasta-prantsusmaa-2021","18":"pa_haiguskindlus-vaga-hea","19":"pa_kasvukorgus-90-cm","20":"pa_kollektsioon-friendly","21":"pa_laius-90-cm","22":"pa_lisainfo-dekoratiivsed-viljad","23":"pa_lisainfo-ideaalne-heki-loomiseks","24":"pa_lisainfo-mesilaste-lemmik","25":"pa_lisainfo-sobilik-istutuskasti-jaoks","26":"pa_lisainfo-sobib-osalise-varjuga-kasvualale","27":"pa_lisainfo-talvine-ponevus","28":"pa_lohn-lohnatu","29":"pa_oie-suurus-keskmine","30":"pa_oie-varv-punane","31":"pa_oietuup-lihtois","32":"pa_oitsemine-korduvalt-oitsev","33":"pa_taimede-arvestus-ruutmeetri-9220","34":"pa_talvekindlus-vaga-hea","35":"pa_variatsioon-potis-4-6l","36":"pa_variatsioon-potis-4-6l-soodushind-50","38":"first","39":"outofstock","40":"sale","41":"purchasable","42":"product-type-variable"},"acf":[],"_links":{"self":[{"href":"https:\/\/dev.garden.ee\/en\/wp-json\/wp\/v2\/product\/24751","targetHints":{"allow":["GET"]}}],"collection":[{"href":"https:\/\/dev.garden.ee\/en\/wp-json\/wp\/v2\/product"}],"about":[{"href":"https:\/\/dev.garden.ee\/en\/wp-json\/wp\/v2\/types\/product"}],"wp:featuredmedia":[{"embeddable":true,"href":"https:\/\/dev.garden.ee\/en\/wp-json\/wp\/v2\/media\/24754"}],"wp:attachment":[{"href":"https:\/\/dev.garden.ee\/en\/wp-json\/wp\/v2\/media?parent=24751"}],"wp:term":[{"taxonomy":"product_brand","embeddable":true,"href":"https:\/\/dev.garden.ee\/en\/wp-json\/wp\/v2\/product_brand?post=24751"},{"taxonomy":"product_cat","embeddable":true,"href":"https:\/\/dev.garden.ee\/en\/wp-json\/wp\/v2\/product_cat?post=24751"},{"taxonomy":"product_tag","embeddable":true,"href":"https:\/\/dev.garden.ee\/en\/wp-json\/wp\/v2\/product_tag?post=24751"}],"curies":[{"name":"wp","href":"https:\/\/api.w.org\/{rel}","templated":true}]}}