{"id":24745,"date":"2026-02-03T12:48:15","date_gmt":"2026-02-03T10:48:15","guid":{"rendered":"https:\/\/dev.garden.ee\/?post_type=product&#038;p=24745"},"modified":"2026-02-10T16:27:50","modified_gmt":"2026-02-10T14:27:50","slug":"flamingo","status":"publish","type":"product","link":"https:\/\/dev.garden.ee\/en\/product\/flamingo\/","title":{"rendered":"Flamingo"},"content":{"rendered":"<input class=\"fooboxshare_post_id\" type=\"hidden\" value=\"24745\"\/>","protected":false},"excerpt":{"rendered":"<p>Tihedalt p\u00f5\u00f5sane ja rikkalikult \u00f5itsev floribunda kergelt t\u00e4idlaste ja seet\u00f5ttu putukas\u00f5bralike \u00f5itega soojas oran\u017ei ja roosa vahelises v\u00e4rvitoonis. \u00d5ied keskmise suurusega 6-7cm. T\u00e4nu k\u00f5rgele haiguskindlusele on v\u00f5imalik mitmek\u00fclgne kasutamine massistutusena, segapeenardes v\u00f5i istutusalal.<\/p>\n<p>V\u00f5itnud auhindu rahvusvahelistel v\u00f5istlustel.<\/p>","protected":false},"featured_media":24748,"template":"","meta":[],"product_brand":[],"product_cat":[9637,6934,4406,4416,4402,22],"product_tag":[9418],"class_list":{"0":"post-24745","1":"product","2":"type-product","3":"status-publish","4":"has-post-thumbnail","6":"product_cat-istutuskast","7":"product_cat-mesilassobralik-aed","8":"product_cat-park","9":"product_cat-roosiaed","10":"product_cat-roosid","11":"product_cat-taimed","12":"product_tag-adr-roos","13":"pa_adr-jah","14":"pa_aretus-w-kordes-sohne","15":"pa_avalikustamisaasta-saksamaa-2022","16":"pa_kasvukorgus-70-cm","17":"pa_kollektsioon-rigo-roses","18":"pa_laius-50-cm","19":"pa_lisainfo-mesilaste-lemmik","20":"pa_lisainfo-sobilik-istutuskasti-jaoks","21":"pa_lohn-orn","22":"pa_oie-suurus-keskmine","23":"pa_oie-varv-loheoranz","24":"pa_oietuup-pooltaidisois","25":"pa_oitsemine-korduvalt-oitsev","26":"pa_sort-floribund-ehk-paljuoieline-roos","27":"pa_taimede-arvestus-ruutmeetri-4-5","28":"pa_variatsioon-potis-2l-kevadel","29":"pa_variatsioon-potis-4-6l","31":"first","32":"outofstock","33":"purchasable","34":"product-type-variable"},"acf":[],"_links":{"self":[{"href":"https:\/\/dev.garden.ee\/en\/wp-json\/wp\/v2\/product\/24745","targetHints":{"allow":["GET"]}}],"collection":[{"href":"https:\/\/dev.garden.ee\/en\/wp-json\/wp\/v2\/product"}],"about":[{"href":"https:\/\/dev.garden.ee\/en\/wp-json\/wp\/v2\/types\/product"}],"wp:featuredmedia":[{"embeddable":true,"href":"https:\/\/dev.garden.ee\/en\/wp-json\/wp\/v2\/media\/24748"}],"wp:attachment":[{"href":"https:\/\/dev.garden.ee\/en\/wp-json\/wp\/v2\/media?parent=24745"}],"wp:term":[{"taxonomy":"product_brand","embeddable":true,"href":"https:\/\/dev.garden.ee\/en\/wp-json\/wp\/v2\/product_brand?post=24745"},{"taxonomy":"product_cat","embeddable":true,"href":"https:\/\/dev.garden.ee\/en\/wp-json\/wp\/v2\/product_cat?post=24745"},{"taxonomy":"product_tag","embeddable":true,"href":"https:\/\/dev.garden.ee\/en\/wp-json\/wp\/v2\/product_tag?post=24745"}],"curies":[{"name":"wp","href":"https:\/\/api.w.org\/{rel}","templated":true}]}}