{"id":24733,"date":"2026-02-03T12:01:17","date_gmt":"2026-02-03T10:01:17","guid":{"rendered":"https:\/\/dev.garden.ee\/?post_type=product&#038;p=24733"},"modified":"2026-02-03T12:19:47","modified_gmt":"2026-02-03T10:19:47","slug":"elizabeth","status":"publish","type":"product","link":"https:\/\/dev.garden.ee\/en\/product\/elizabeth\/","title":{"rendered":"Elizabeth"},"content":{"rendered":"<input class=\"fooboxshare_post_id\" type=\"hidden\" value=\"24733\"\/>","protected":false},"excerpt":{"rendered":"<p>Majesteetlik roos, mis kannab suuri, kargeid \u00f5unapuu\u00f5ie roosasid rosette, mis kahvatuvad \u00f5rnalt valgeks. Sellel on tugev, magus, v\u00e4rske l\u00f5hn, milles on tunda sidruni\u0161erbeti ja vana roosi. Erakordselt terve ja vormikat p\u00f5\u00f5sast moodustav p\u00f5\u00f5sas.<\/p>\n<p>Sobib h\u00e4sti roosihekiks, l\u00f5hnaaeda ja osalise varjuga kasvualale.<\/p>\n<p>Nimetatud Tema Majesteedi kuninganna Elizabeth II auks.<\/p>\n<p><span style=\"color: #ff0000;\">PALJASJUURSETE ETTETELLIMINE, V\u00c4LJASTAMINE APRILLI KESKPAIGAST<\/span><\/p>","protected":false},"featured_media":24740,"template":"","meta":[],"product_brand":[],"product_cat":[4395,9637,4414,4416,4402,22],"product_tag":[],"class_list":{"0":"post-24733","1":"product","2":"type-product","3":"status-publish","4":"has-post-thumbnail","6":"product_cat-hekid","7":"product_cat-istutuskast","8":"product_cat-lohnaaed","9":"product_cat-roosiaed","10":"product_cat-roosid","11":"product_cat-taimed","12":"pa_aretus-david-austin","13":"pa_avalikustamisaasta-uhendkuningriik-2022","14":"pa_haiguskindlus-vaga-hea","15":"pa_kasvukorgus-120-150-cm","16":"pa_laius-140-cm","17":"pa_lisainfo-ideaalne-heki-loomiseks","18":"pa_lisainfo-sobilik-istutuskasti-jaoks","19":"pa_lisainfo-sobib-lohnaaeda","20":"pa_lisainfo-sobib-osalise-varjuga-kasvualale","21":"pa_lohn-tugev","22":"pa_lohn-magus","23":"pa_lohn-puuviljane","24":"pa_lohn-vana-roos","25":"pa_oie-suurus-keskmine","26":"pa_oie-varv-aprikoos","27":"pa_oie-varv-kahvaturoosa","28":"pa_oietuup-taidisois","29":"pa_oitsemine-korduvalt-oitsev","30":"pa_sort-poosasroos","31":"pa_sunonuum-ausmajesty","32":"pa_taimede-arvestus-ruutmeetri-9220","33":"pa_talvekindlus-vaga-hea","34":"pa_variatsioon-paljasjuurne-ainult-kevadel","35":"pa_variatsioon-potis-4-6l","36":"pa_variatsioon-potis-4-6l-suvel-ja-sugisel","38":"first","39":"outofstock","40":"purchasable","41":"product-type-variable"},"acf":[],"_links":{"self":[{"href":"https:\/\/dev.garden.ee\/en\/wp-json\/wp\/v2\/product\/24733","targetHints":{"allow":["GET"]}}],"collection":[{"href":"https:\/\/dev.garden.ee\/en\/wp-json\/wp\/v2\/product"}],"about":[{"href":"https:\/\/dev.garden.ee\/en\/wp-json\/wp\/v2\/types\/product"}],"wp:featuredmedia":[{"embeddable":true,"href":"https:\/\/dev.garden.ee\/en\/wp-json\/wp\/v2\/media\/24740"}],"wp:attachment":[{"href":"https:\/\/dev.garden.ee\/en\/wp-json\/wp\/v2\/media?parent=24733"}],"wp:term":[{"taxonomy":"product_brand","embeddable":true,"href":"https:\/\/dev.garden.ee\/en\/wp-json\/wp\/v2\/product_brand?post=24733"},{"taxonomy":"product_cat","embeddable":true,"href":"https:\/\/dev.garden.ee\/en\/wp-json\/wp\/v2\/product_cat?post=24733"},{"taxonomy":"product_tag","embeddable":true,"href":"https:\/\/dev.garden.ee\/en\/wp-json\/wp\/v2\/product_tag?post=24733"}],"curies":[{"name":"wp","href":"https:\/\/api.w.org\/{rel}","templated":true}]}}