{"id":24724,"date":"2026-02-03T10:53:43","date_gmt":"2026-02-03T08:53:43","guid":{"rendered":"https:\/\/dev.garden.ee\/?post_type=product&#038;p=24724"},"modified":"2026-02-03T11:10:23","modified_gmt":"2026-02-03T09:10:23","slug":"douceur-de-vivre","status":"publish","type":"product","link":"https:\/\/dev.garden.ee\/en\/product\/douceur-de-vivre\/","title":{"rendered":"Douceur de Vivre\u00ae"},"content":{"rendered":"<input class=\"fooboxshare_post_id\" type=\"hidden\" value=\"24724\"\/>","protected":false},"excerpt":{"rendered":"<p data-start=\"0\" data-end=\"367\">Kompaktne, v\u00e4heste okastega, tugeva kasvuga p\u00f5\u00f5sasroos kobarates karikakujuliste \u00f5itega. \u00d5ied on suured (9 cm, 50\u201360 kroonlehte) ja v\u00e4ga romantilised. V\u00e4rvus on elegantne ja lummav \u2013 hele roosa rohekate varjunditega. L\u00f5hn on intensiivne ja puuviljane. Taim on korrap\u00e4rase ja kompaktse kasvukujuga, tumeroheline kergelt l\u00e4ikiv lehestik on v\u00e4ga haiguskindel. Rikkalik \u00f5itsemine varakult kuni k\u00fclmadeni.<\/p>\n<p data-start=\"369\" data-end=\"517\" data-is-last-node=\"\" data-is-only-node=\"\">Sobib kasutamiseks\u00a0\u00fcksikistutuseks, peenardesse ja \u00e4\u00e4ristaimeks. Suurep\u00e4rane valik potiroosina ning ideaalne romantiliste kimpude jaoks.<\/p>","protected":false},"featured_media":24727,"template":"","meta":[],"product_brand":[],"product_cat":[9637,4414,4413,4416,4402,22],"product_tag":[],"class_list":{"0":"post-24724","1":"product","2":"type-product","3":"status-publish","4":"has-post-thumbnail","6":"product_cat-istutuskast","7":"product_cat-lohnaaed","8":"product_cat-loikelilleaed","9":"product_cat-roosiaed","10":"product_cat-roosid","11":"product_cat-taimed","12":"pa_aretus-nirp","13":"pa_avalikustamisaasta-prantsusmaa-2019","14":"pa_haiguskindlus-vaga-hea","15":"pa_kasvukorgus-70-90-cm","16":"pa_laius-60-cm","17":"pa_lisainfo-sobilik-istutuskasti-jaoks","18":"pa_lisainfo-sobib-lohnaaeda","19":"pa_lisainfo-sobib-loikelilleks","20":"pa_lohn-intensiivne","21":"pa_lohn-puuviljane","22":"pa_oie-suurus-suur","23":"pa_oie-varv-roheline","24":"pa_oie-varv-roosa","25":"pa_oietuup-taidisois","26":"pa_oitsemine-korduvalt-oitsev","27":"pa_sort-poosasroos","28":"pa_taimede-arvestus-ruutmeetri-9219","29":"pa_variatsioon-paljasjuurne-ainult-kevadel","30":"pa_variatsioon-potis-4-6l","31":"pa_variatsioon-potis-4-6l-suvel-ja-sugisel","33":"first","34":"outofstock","35":"purchasable","36":"product-type-variable"},"acf":[],"_links":{"self":[{"href":"https:\/\/dev.garden.ee\/en\/wp-json\/wp\/v2\/product\/24724","targetHints":{"allow":["GET"]}}],"collection":[{"href":"https:\/\/dev.garden.ee\/en\/wp-json\/wp\/v2\/product"}],"about":[{"href":"https:\/\/dev.garden.ee\/en\/wp-json\/wp\/v2\/types\/product"}],"wp:featuredmedia":[{"embeddable":true,"href":"https:\/\/dev.garden.ee\/en\/wp-json\/wp\/v2\/media\/24727"}],"wp:attachment":[{"href":"https:\/\/dev.garden.ee\/en\/wp-json\/wp\/v2\/media?parent=24724"}],"wp:term":[{"taxonomy":"product_brand","embeddable":true,"href":"https:\/\/dev.garden.ee\/en\/wp-json\/wp\/v2\/product_brand?post=24724"},{"taxonomy":"product_cat","embeddable":true,"href":"https:\/\/dev.garden.ee\/en\/wp-json\/wp\/v2\/product_cat?post=24724"},{"taxonomy":"product_tag","embeddable":true,"href":"https:\/\/dev.garden.ee\/en\/wp-json\/wp\/v2\/product_tag?post=24724"}],"curies":[{"name":"wp","href":"https:\/\/api.w.org\/{rel}","templated":true}]}}