{"id":24718,"date":"2026-02-03T10:30:15","date_gmt":"2026-02-03T08:30:15","guid":{"rendered":"https:\/\/dev.garden.ee\/?post_type=product&#038;p=24718"},"modified":"2026-02-06T14:38:54","modified_gmt":"2026-02-06T12:38:54","slug":"dornburger-schlossrose-uus","status":"publish","type":"product","link":"https:\/\/dev.garden.ee\/en\/product\/dornburger-schlossrose-uus\/","title":{"rendered":"Dornburger Schlossrose\u00ae UUS!"},"content":{"rendered":"<input class=\"fooboxshare_post_id\" type=\"hidden\" value=\"24718\"\/>","protected":false},"excerpt":{"rendered":"<p data-start=\"236\" data-end=\"437\" data-is-last-node=\"\" data-is-only-node=\"\">Elegantne p\u00fcstise kasvuga h\u00fcbriidtee-roos Dornburg Castle Rose\u00ae ristiti 2022. aasta suvel Saksamaal Dornburgi rokokoolossi ajaloolises roosiaias. Kus see kasvab ja \u00f5itseb Dornburgi lossi ees, peegeldades lossi pastelseid v\u00e4rvitoone. Suured 8 &#8211; 10 cm \u00f5ied.<\/p>\n<p>Sobib kasutamiseks segaroosipeenardes, romantilistes aedades koos p\u00fcsikutega, massistutuses, v\u00e4ikestes gruppides, l\u00f5ikelilleks ning teeh\u00fcbriidpeenardes.<\/p>\n<p>Auhinnad: Grand prix de la rose SNHF (France 2025); Gold medal cat. HT Bologna (Italy 2023); Gold medal TH Nyon (Switzerland 2023); Gold medal TH Saverne (France 2023); Silver medal Orleans (France 2023); ADR-award 2022; Gold medal categorie TH Baden-Baden (Germany 2021).<\/p>\n<p><span style=\"color: #ff0000;\">ETTETELLIMINE, V\u00c4LJASTAMINE APRILLI TEISEST POOLEST<\/span><\/p>","protected":false},"featured_media":24721,"template":"","meta":[],"product_brand":[],"product_cat":[4413,4416,4402,22],"product_tag":[9418],"class_list":{"0":"post-24718","1":"product","2":"type-product","3":"status-publish","4":"has-post-thumbnail","6":"product_cat-loikelilleaed","7":"product_cat-roosiaed","8":"product_cat-roosid","9":"product_cat-taimed","10":"product_tag-adr-roos","11":"pa_adr-9713","12":"pa_aretus-rosen-tantau","13":"pa_avalikustamisaasta-saksamaa-2022","14":"pa_haiguskindlus-vaga-hea","15":"pa_kasvukorgus-80-120-cm","16":"pa_laius-40-50-cm","17":"pa_lisainfo-sobib-loikelilleks","18":"pa_lohn-tugev","19":"pa_lohn-puuviljane","20":"pa_oie-suurus-suur","21":"pa_oie-varv-kollane","22":"pa_oie-varv-roosa","23":"pa_oie-varv-roosakas","24":"pa_oietuup-taidisois","25":"pa_oitsemine-korduvalt-oitsev","26":"pa_sort-teehubriidroos","27":"pa_sunonuum-wislawa-szymborska-pl","28":"pa_taimede-arvestus-ruutmeetri-5-6","29":"pa_talvekindlus-hea","30":"pa_variatsioon-potis-2l-kevadel","31":"pa_variatsioon-potis-4-6l","33":"first","34":"outofstock","35":"purchasable","36":"product-type-variable"},"acf":[],"_links":{"self":[{"href":"https:\/\/dev.garden.ee\/en\/wp-json\/wp\/v2\/product\/24718","targetHints":{"allow":["GET"]}}],"collection":[{"href":"https:\/\/dev.garden.ee\/en\/wp-json\/wp\/v2\/product"}],"about":[{"href":"https:\/\/dev.garden.ee\/en\/wp-json\/wp\/v2\/types\/product"}],"wp:featuredmedia":[{"embeddable":true,"href":"https:\/\/dev.garden.ee\/en\/wp-json\/wp\/v2\/media\/24721"}],"wp:attachment":[{"href":"https:\/\/dev.garden.ee\/en\/wp-json\/wp\/v2\/media?parent=24718"}],"wp:term":[{"taxonomy":"product_brand","embeddable":true,"href":"https:\/\/dev.garden.ee\/en\/wp-json\/wp\/v2\/product_brand?post=24718"},{"taxonomy":"product_cat","embeddable":true,"href":"https:\/\/dev.garden.ee\/en\/wp-json\/wp\/v2\/product_cat?post=24718"},{"taxonomy":"product_tag","embeddable":true,"href":"https:\/\/dev.garden.ee\/en\/wp-json\/wp\/v2\/product_tag?post=24718"}],"curies":[{"name":"wp","href":"https:\/\/api.w.org\/{rel}","templated":true}]}}