{"id":24712,"date":"2026-02-03T10:01:18","date_gmt":"2026-02-03T08:01:18","guid":{"rendered":"https:\/\/dev.garden.ee\/?post_type=product&#038;p=24712"},"modified":"2026-03-11T18:24:44","modified_gmt":"2026-03-11T16:24:44","slug":"divina","status":"publish","type":"product","link":"https:\/\/dev.garden.ee\/en\/product\/divina\/","title":{"rendered":"Divina\u00ae"},"content":{"rendered":"<input class=\"fooboxshare_post_id\" type=\"hidden\" value=\"24712\"\/>","protected":false},"excerpt":{"rendered":"<p data-start=\"0\" data-end=\"104\">V\u00f5lub oma \u00f5ite \u00f5rna sarmi ja lummava l\u00f5hnaga.\u00a0Paistab silma oma ebat\u00fc\u00fcpiliselt heleda lehestikuga, mis sobitub t\u00e4iuslikult tema roosakate \u00f5itega.<\/p>\n<p data-start=\"256\" data-end=\"369\" data-is-last-node=\"\" data-is-only-node=\"\">Sobib kasutamiseks\u00a0l\u00f5hnaaedades, v\u00f5redel ja kaartel, paviljonides.<\/p>\n<p>Auhinnad: Fragrance award Paris (France 2022); Best perfumed rose Barcelona (Spain, 2022); Fragrance award Saverne (France 2022); Certificate de M\u00e9rite Saverne (France, 2022); Silver medal Warsawa (Poland 2021); ADR &#8211; 2019.<\/p>","protected":false},"featured_media":24717,"template":"","meta":[],"product_brand":[],"product_cat":[4414,4397,4416,4402,22],"product_tag":[9418],"class_list":{"0":"post-24712","1":"product","2":"type-product","3":"status-publish","4":"has-post-thumbnail","6":"product_cat-lohnaaed","7":"product_cat-ronitaimed","8":"product_cat-roosiaed","9":"product_cat-roosid","10":"product_cat-taimed","11":"product_tag-adr-roos","12":"pa_adr-9711","13":"pa_aretus-rosen-tantau","14":"pa_avalikustamisaasta-saksamaa-2022","15":"pa_haiguskindlus-vaga-hea","16":"pa_kasvukorgus-250-350-cm","17":"pa_laius-80-cm","18":"pa_lisainfo-ronitaim","19":"pa_lisainfo-sobib-lohnaaeda","20":"pa_lohn-tugev","21":"pa_lohn-lummav","22":"pa_oie-suurus-keskmine","23":"pa_oie-varv-roosakas","24":"pa_oietuup-taidisois","25":"pa_oitsemine-korduvalt-oitsev","26":"pa_sort-roniroos","27":"pa_taimede-arvestus-ruutmeetri-9216","28":"pa_talvekindlus-vaga-hea","29":"pa_variatsioon-potis-2l-kevadel","30":"pa_variatsioon-potis-4-6l","32":"first","33":"outofstock","34":"purchasable","35":"product-type-variable"},"acf":[],"_links":{"self":[{"href":"https:\/\/dev.garden.ee\/en\/wp-json\/wp\/v2\/product\/24712","targetHints":{"allow":["GET"]}}],"collection":[{"href":"https:\/\/dev.garden.ee\/en\/wp-json\/wp\/v2\/product"}],"about":[{"href":"https:\/\/dev.garden.ee\/en\/wp-json\/wp\/v2\/types\/product"}],"wp:featuredmedia":[{"embeddable":true,"href":"https:\/\/dev.garden.ee\/en\/wp-json\/wp\/v2\/media\/24717"}],"wp:attachment":[{"href":"https:\/\/dev.garden.ee\/en\/wp-json\/wp\/v2\/media?parent=24712"}],"wp:term":[{"taxonomy":"product_brand","embeddable":true,"href":"https:\/\/dev.garden.ee\/en\/wp-json\/wp\/v2\/product_brand?post=24712"},{"taxonomy":"product_cat","embeddable":true,"href":"https:\/\/dev.garden.ee\/en\/wp-json\/wp\/v2\/product_cat?post=24712"},{"taxonomy":"product_tag","embeddable":true,"href":"https:\/\/dev.garden.ee\/en\/wp-json\/wp\/v2\/product_tag?post=24712"}],"curies":[{"name":"wp","href":"https:\/\/api.w.org\/{rel}","templated":true}]}}