{"id":24705,"date":"2026-02-03T09:37:23","date_gmt":"2026-02-03T07:37:23","guid":{"rendered":"https:\/\/dev.garden.ee\/?post_type=product&#038;p=24705"},"modified":"2026-02-06T14:37:18","modified_gmt":"2026-02-06T12:37:18","slug":"desiree","status":"publish","type":"product","link":"https:\/\/dev.garden.ee\/en\/product\/desiree\/","title":{"rendered":"Desir\u00e9e\u00ae UUS!"},"content":{"rendered":"<input class=\"fooboxshare_post_id\" type=\"hidden\" value=\"24705\"\/>","protected":false},"excerpt":{"rendered":"<p>Lummav ja klassikaline p\u00f5\u00f5sasjas, p\u00fcstise kasvukujuga roosa roos, mis paistab silma eriti hea tervisega.<\/p>\n<p>Sobib kasutamiseks l\u00f5hnaaedades, l\u00f5ikelilleks, romantilistes aedades koos p\u00fcsikutega, segapeenardes, segaroosipeenardes, suurtes peenardes, pottides ja konteinerites, v\u00e4ikestes gruppides ning teeh\u00fcbriidpeenardes.<\/p>\n<p>Auhinnad: Fragrance prize Nantes (France 2023); Silver Medal cat. TH, Den Haag (Netherlands 2022); ADR Rose (2018); Prix Armand Zinsch Lyon (France, 2018).<\/p>\n<p><span style=\"color: #ff0000;\">ETTETELLIMINE, V\u00c4LJASTAMINE APRILLI TEISEST POOLEST<\/span><\/p>","protected":false},"featured_media":24709,"template":"","meta":[],"product_brand":[],"product_cat":[9637,4414,4416,4402,22],"product_tag":[9418],"class_list":{"0":"post-24705","1":"product","2":"type-product","3":"status-publish","4":"has-post-thumbnail","6":"product_cat-istutuskast","7":"product_cat-lohnaaed","8":"product_cat-roosiaed","9":"product_cat-roosid","10":"product_cat-taimed","11":"product_tag-adr-roos","12":"pa_adr-9707","13":"pa_aretus-rosen-tantau","14":"pa_avalikustamisaasta-saksamaa-2019","15":"pa_haiguskindlus-vaga-hea","16":"pa_kasvukorgus-100-130-cm","17":"pa_laius-45-50-cm","18":"pa_lisainfo-sobilik-istutuskasti-jaoks","19":"pa_lisainfo-sobib-lohnaaeda","20":"pa_lohn-tugev","21":"pa_lohn-intensiivne","22":"pa_lohn-teehubriidi","23":"pa_oie-suurus-suur","24":"pa_oie-varv-roosakas","25":"pa_oietuup-taidisois","26":"pa_oitsemine-korduvalt-oitsev","27":"pa_sort-teehubriidroos","28":"pa_taimede-arvestus-ruutmeetri-4-5","29":"pa_talvekindlus-vaga-hea","30":"pa_variatsioon-potis-2l-kevadel","31":"pa_variatsioon-potis-4-6l","33":"first","34":"outofstock","35":"purchasable","36":"product-type-variable"},"acf":[],"_links":{"self":[{"href":"https:\/\/dev.garden.ee\/en\/wp-json\/wp\/v2\/product\/24705","targetHints":{"allow":["GET"]}}],"collection":[{"href":"https:\/\/dev.garden.ee\/en\/wp-json\/wp\/v2\/product"}],"about":[{"href":"https:\/\/dev.garden.ee\/en\/wp-json\/wp\/v2\/types\/product"}],"wp:featuredmedia":[{"embeddable":true,"href":"https:\/\/dev.garden.ee\/en\/wp-json\/wp\/v2\/media\/24709"}],"wp:attachment":[{"href":"https:\/\/dev.garden.ee\/en\/wp-json\/wp\/v2\/media?parent=24705"}],"wp:term":[{"taxonomy":"product_brand","embeddable":true,"href":"https:\/\/dev.garden.ee\/en\/wp-json\/wp\/v2\/product_brand?post=24705"},{"taxonomy":"product_cat","embeddable":true,"href":"https:\/\/dev.garden.ee\/en\/wp-json\/wp\/v2\/product_cat?post=24705"},{"taxonomy":"product_tag","embeddable":true,"href":"https:\/\/dev.garden.ee\/en\/wp-json\/wp\/v2\/product_tag?post=24705"}],"curies":[{"name":"wp","href":"https:\/\/api.w.org\/{rel}","templated":true}]}}