{"id":24665,"date":"2026-02-03T09:02:55","date_gmt":"2026-02-03T07:02:55","guid":{"rendered":"https:\/\/dev.garden.ee\/?post_type=product&#038;p=24665"},"modified":"2026-02-03T09:12:38","modified_gmt":"2026-02-03T07:12:38","slug":"deep-love","status":"publish","type":"product","link":"https:\/\/dev.garden.ee\/en\/product\/deep-love\/","title":{"rendered":"Deep Love\u00ae"},"content":{"rendered":"<input class=\"fooboxshare_post_id\" type=\"hidden\" value=\"24665\"\/>","protected":false},"excerpt":{"rendered":"<p>Nostalgilised ja kerakujulised topelt \u00f5ied (8 &#8211; 10 cm), mille punane v\u00e4rv kannab lillakaid ja roosakaid alatoone. Traditsioonilise v\u00f5luga, mis on \u00fchendatud heade kaasaegsete kasvuharjumuste, k\u00fclmakindluse ja k\u00f5rge haiguskindusega.<\/p>\n<p>Sobib oma kaarja kasvuga pergolatele, v\u00f5redele ja kaartele.<\/p>\n<p>Kuulub esimese roniroosina Tantau rooside Nostalgic Roses\u00ae kollektsiooni.<\/p>\n<p>Auhinnad: Grand Prix de la Rose, Soci\u00e9t\u00e9 Nationale d\u2019Horticulture Fran\u00e7aise (France 2022).<\/p>","protected":false},"featured_media":24668,"template":"","meta":[],"product_brand":[],"product_cat":[4397,4416,4402,22],"product_tag":[],"class_list":{"0":"post-24665","1":"product","2":"type-product","3":"status-publish","4":"has-post-thumbnail","6":"product_cat-ronitaimed","7":"product_cat-roosiaed","8":"product_cat-roosid","9":"product_cat-taimed","10":"pa_aretus-rosen-tantau","11":"pa_avalikustamisaasta-saksamaa-2021","12":"pa_haiguskindlus-vaga-hea","13":"pa_kasvukorgus-200-300-cm","14":"pa_kollektsioon-nostalgic-roses","15":"pa_laius-80-cm","16":"pa_lisainfo-ronitaim","17":"pa_lohn-orn","18":"pa_oie-suurus-suur","19":"pa_oie-varv-punane","20":"pa_oie-varv-lilla","21":"pa_oie-varv-roosa","22":"pa_oietuup-taidisois","23":"pa_oitsemine-korduvalt-oitsev","24":"pa_sort-roniroos","25":"pa_taimede-arvestus-ruutmeetri-9216","26":"pa_talvekindlus-vaga-hea","27":"pa_variatsioon-potis-2l-kevadel","28":"pa_variatsioon-potis-4-6l","30":"first","31":"outofstock","32":"purchasable","33":"product-type-variable"},"acf":[],"_links":{"self":[{"href":"https:\/\/dev.garden.ee\/en\/wp-json\/wp\/v2\/product\/24665","targetHints":{"allow":["GET"]}}],"collection":[{"href":"https:\/\/dev.garden.ee\/en\/wp-json\/wp\/v2\/product"}],"about":[{"href":"https:\/\/dev.garden.ee\/en\/wp-json\/wp\/v2\/types\/product"}],"wp:featuredmedia":[{"embeddable":true,"href":"https:\/\/dev.garden.ee\/en\/wp-json\/wp\/v2\/media\/24668"}],"wp:attachment":[{"href":"https:\/\/dev.garden.ee\/en\/wp-json\/wp\/v2\/media?parent=24665"}],"wp:term":[{"taxonomy":"product_brand","embeddable":true,"href":"https:\/\/dev.garden.ee\/en\/wp-json\/wp\/v2\/product_brand?post=24665"},{"taxonomy":"product_cat","embeddable":true,"href":"https:\/\/dev.garden.ee\/en\/wp-json\/wp\/v2\/product_cat?post=24665"},{"taxonomy":"product_tag","embeddable":true,"href":"https:\/\/dev.garden.ee\/en\/wp-json\/wp\/v2\/product_tag?post=24665"}],"curies":[{"name":"wp","href":"https:\/\/api.w.org\/{rel}","templated":true}]}}