{"id":24660,"date":"2026-02-02T18:39:52","date_gmt":"2026-02-02T16:39:52","guid":{"rendered":"https:\/\/dev.garden.ee\/?post_type=product&#038;p=24660"},"modified":"2026-02-02T19:32:51","modified_gmt":"2026-02-02T17:32:51","slug":"david-hockney","status":"publish","type":"product","link":"https:\/\/dev.garden.ee\/en\/product\/david-hockney\/","title":{"rendered":"David Hockney UUS!"},"content":{"rendered":"<input class=\"fooboxshare_post_id\" type=\"hidden\" value=\"24660\"\/>","protected":false},"excerpt":{"rendered":"<p data-start=\"109\" data-end=\"378\">See sort \u00fchendab romantilise ilme ja kaasaegse vastupidavuse. J\u00f5ulise, kuid m\u00f5\u00f5duka kasvuga. Kaetud l\u00e4ikiva ja haiguskindla lehestikuga, mis toob esile \u00f5rnad kreemikasroosad \u00f5ied peente vaarika-, ooker- ja aprikoositoonidega. \u00d5ied paiknevad 2\u20135 kaupa kobarates, on tihedalt t\u00e4idetud (kuni 100 kroonlehte), kausja vormiga ja umbes 8 cm l\u00e4bim\u00f5\u00f5duga. L\u00f5hn on kerge ja meeldiv. Sort on v\u00e4ga korduv\u00f5itsev, \u00f5itsedes lainetena varakult kuni esimeste \u00f6\u00f6k\u00fclmadeni.<\/p>\n<p data-start=\"640\" data-end=\"934\">Taim kasvab 150 &#8211; 200 cm k\u00f5rguseks, katab kuni 5\u20136 m\u00b2 ning sobib kasvatamiseks seintel, aedadel, kaar- ja sammaskonstruktsioonidel, samuti suurtes pottides terrassidel ja r\u00f5dudel. Painduvad v\u00f5rsed on kergesti suunatavad lehvikukujuliselt v\u00f5i horisontaalselt. Ilma toestuseta kujuneb sellest laiuv p\u00f5\u00f5sas, mis sobib peenarde tagaplaanile ja segapeenardesse.<\/p>\n<p data-start=\"2182\" data-end=\"2515\" data-is-last-node=\"\" data-is-only-node=\"\">See kaunis roos on p\u00fchendatud David Hockneyle, maailmakuulsale kunstnikule ja fotograafile, kes sai tuntuks 1960. aastatel oma erksav\u00e4rviliste, h\u00fcperrealistlike popkunsti stiilis maalidega ning maalib t\u00e4naseni armastatud Normandia maastikke.<\/p>\n<p><span style=\"color: #ff0000;\">ETTETELLIMINE, V\u00c4LJASTAMINE APRILLI KESKPAIGAST<\/span><\/p>","protected":false},"featured_media":24663,"template":"","meta":[],"product_brand":[],"product_cat":[9637,9550,4397,4416,4402,22],"product_tag":[],"class_list":{"0":"post-24660","1":"product","2":"type-product","3":"status-publish","4":"has-post-thumbnail","6":"product_cat-istutuskast","7":"product_cat-rodu-ja-terrass","8":"product_cat-ronitaimed","9":"product_cat-roosiaed","10":"product_cat-roosid","11":"product_cat-taimed","12":"pa_aretus-meilland","13":"pa_avalikustamisaasta-prantsusmaa-2022","14":"pa_haiguskindlus-vaga-hea","15":"pa_kasvukorgus-175-cm","16":"pa_laius-150-200-cm","17":"pa_lisainfo-ronitaim","18":"pa_lisainfo-sobilik-istutuskasti-jaoks","19":"pa_lohn-orn","20":"pa_oie-suurus-keskmine","21":"pa_oie-varv-aprikoos","22":"pa_oie-varv-kreemjas","23":"pa_oie-varv-roosa","24":"pa_oietuup-taidisois","25":"pa_oitsemine-korduvalt-oitsev","26":"pa_sort-roniroos","27":"pa_taimede-arvestus-ruutmeetri-9220","28":"pa_talvekindlus-vaga-hea","29":"pa_variatsioon-paljasjuurne-ainult-kevadel","30":"pa_variatsioon-potis-4-6l","31":"pa_variatsioon-potis-4-6l-suvel-ja-sugisel","33":"first","34":"outofstock","35":"purchasable","36":"product-type-variable"},"acf":[],"_links":{"self":[{"href":"https:\/\/dev.garden.ee\/en\/wp-json\/wp\/v2\/product\/24660","targetHints":{"allow":["GET"]}}],"collection":[{"href":"https:\/\/dev.garden.ee\/en\/wp-json\/wp\/v2\/product"}],"about":[{"href":"https:\/\/dev.garden.ee\/en\/wp-json\/wp\/v2\/types\/product"}],"wp:featuredmedia":[{"embeddable":true,"href":"https:\/\/dev.garden.ee\/en\/wp-json\/wp\/v2\/media\/24663"}],"wp:attachment":[{"href":"https:\/\/dev.garden.ee\/en\/wp-json\/wp\/v2\/media?parent=24660"}],"wp:term":[{"taxonomy":"product_brand","embeddable":true,"href":"https:\/\/dev.garden.ee\/en\/wp-json\/wp\/v2\/product_brand?post=24660"},{"taxonomy":"product_cat","embeddable":true,"href":"https:\/\/dev.garden.ee\/en\/wp-json\/wp\/v2\/product_cat?post=24660"},{"taxonomy":"product_tag","embeddable":true,"href":"https:\/\/dev.garden.ee\/en\/wp-json\/wp\/v2\/product_tag?post=24660"}],"curies":[{"name":"wp","href":"https:\/\/api.w.org\/{rel}","templated":true}]}}