{"id":24654,"date":"2026-02-02T18:09:28","date_gmt":"2026-02-02T16:09:28","guid":{"rendered":"https:\/\/dev.garden.ee\/?post_type=product&#038;p=24654"},"modified":"2026-02-02T18:35:36","modified_gmt":"2026-02-02T16:35:36","slug":"dannahue-uudis","status":"publish","type":"product","link":"https:\/\/dev.garden.ee\/en\/product\/dannahue-uudis\/","title":{"rendered":"Dannahue UUDIS!"},"content":{"rendered":"<input class=\"fooboxshare_post_id\" type=\"hidden\" value=\"24654\"\/>","protected":false},"excerpt":{"rendered":"<p>Kompaktse ja vormika p\u00fcstise kasvuga roos, mis \u00f5itseb v\u00e4ga rikkalikult ja sobib kasvatamiseks k\u00f5ikidel mullat\u00fc\u00fcpidel. See roos on t\u00e4is iseloomu, mis \u00f5itseb hea meelega konteinerites, vastu seinu v\u00f5i aedu ja varjulisemates kohtades, muutes selle ideaalseks roosiks linnaelanikele ja kaasaegsele elule. Keskmiselt imal l\u00f5hn on h\u00f5rk sidruni, lit\u0161i ja v\u00e4rske aprikoosi nootidega. Sobib h\u00e4sti roosihekiks ja kondeineris kasvatamiseks.<\/p>\n<p><span style=\"color: #ff0000;\">ETTETELLIMINE, V\u00c4LJASTAMINE APRILLI KESKPAIGAST<\/span><\/p>","protected":false},"featured_media":24657,"template":"","meta":[],"product_brand":[],"product_cat":[4395,9637,9702,6934,4416,4402,22],"product_tag":[],"class_list":{"0":"post-24654","1":"product","2":"type-product","3":"status-publish","4":"has-post-thumbnail","6":"product_cat-hekid","7":"product_cat-istutuskast","8":"product_cat-linnaaed","9":"product_cat-mesilassobralik-aed","10":"product_cat-roosiaed","11":"product_cat-roosid","12":"product_cat-taimed","13":"pa_aretus-david-austin","14":"pa_avalikustamisaasta-uhendkuningriik-2023","15":"pa_kasvukorgus-90-110-cm","16":"pa_laius-125-cm","17":"pa_lisainfo-ideaalne-heki-loomiseks","18":"pa_lisainfo-mesilaste-lemmik","19":"pa_lisainfo-sobilik-istutuskasti-jaoks","20":"pa_lisainfo-sobib-osalise-varjuga-kasvualale","21":"pa_lohn-keskmine","22":"pa_lohn-puuviljane","23":"pa_oie-suurus-keskmine","24":"pa_oie-varv-aprikoos","25":"pa_oietuup-taidisois","26":"pa_oitsemine-korduvalt-oitsev","27":"pa_sort-poosasroos","28":"pa_sunonuum-ausa6b15","29":"pa_taimede-arvestus-ruutmeetri-9220","30":"pa_variatsioon-paljasjuurne-ainult-kevadel","31":"pa_variatsioon-potis-4-6l","32":"pa_variatsioon-potis-4-6l-suvel-ja-sugisel","34":"first","35":"outofstock","36":"purchasable","37":"product-type-variable"},"acf":[],"_links":{"self":[{"href":"https:\/\/dev.garden.ee\/en\/wp-json\/wp\/v2\/product\/24654","targetHints":{"allow":["GET"]}}],"collection":[{"href":"https:\/\/dev.garden.ee\/en\/wp-json\/wp\/v2\/product"}],"about":[{"href":"https:\/\/dev.garden.ee\/en\/wp-json\/wp\/v2\/types\/product"}],"wp:featuredmedia":[{"embeddable":true,"href":"https:\/\/dev.garden.ee\/en\/wp-json\/wp\/v2\/media\/24657"}],"wp:attachment":[{"href":"https:\/\/dev.garden.ee\/en\/wp-json\/wp\/v2\/media?parent=24654"}],"wp:term":[{"taxonomy":"product_brand","embeddable":true,"href":"https:\/\/dev.garden.ee\/en\/wp-json\/wp\/v2\/product_brand?post=24654"},{"taxonomy":"product_cat","embeddable":true,"href":"https:\/\/dev.garden.ee\/en\/wp-json\/wp\/v2\/product_cat?post=24654"},{"taxonomy":"product_tag","embeddable":true,"href":"https:\/\/dev.garden.ee\/en\/wp-json\/wp\/v2\/product_tag?post=24654"}],"curies":[{"name":"wp","href":"https:\/\/api.w.org\/{rel}","templated":true}]}}