{"id":24644,"date":"2026-02-02T02:17:44","date_gmt":"2026-02-02T00:17:44","guid":{"rendered":"https:\/\/dev.garden.ee\/?post_type=product&#038;p=24644"},"modified":"2026-03-11T18:02:26","modified_gmt":"2026-03-11T16:02:26","slug":"creme-brulee","status":"publish","type":"product","link":"https:\/\/dev.garden.ee\/en\/product\/creme-brulee\/","title":{"rendered":"Cr\u00e8me Br\u00fbl\u00e9e\u00ae UUDIS!"},"content":{"rendered":"<input class=\"fooboxshare_post_id\" type=\"hidden\" value=\"24644\"\/>","protected":false},"excerpt":{"rendered":"<p data-start=\"0\" data-end=\"221\">See p\u00fcstise kasvukujuga sort t\u00e4iendab Tantau peenrarooside valikut ereda ja sooja v\u00e4rviga. 6 &#8211; 8 cm \u00f5ite l\u00f5hn on \u00f5rnalt tajutav, kuid \u00f5itseb rikkalikult ja kordab \u00f5itsemist kohe p\u00e4rast esimest puhkemist, nii et \u00f5itsemises on vaevalt katkestust.<\/p>\n<p data-start=\"223\" data-end=\"402\">Sobib kasutamiseks pottides ja konteinerites, suurtel peenardel, segaroosipeenardel, terrassidel, v\u00e4ikestes gruppides, romantilistes aedades koos p\u00fcsikutega, segapeenardes, massistutustes, l\u00f5ikelilleks.<\/p>\n<p><span style=\"color: #ff0000;\">ETTETELLIMINE, V\u00c4LJASTAMINE APRILLI TEISEST POOLEST<\/span><\/p>","protected":false},"featured_media":24652,"template":"","meta":[],"product_brand":[],"product_cat":[9637,4413,9550,4416,4402,22],"product_tag":[],"class_list":{"0":"post-24644","1":"product","2":"type-product","3":"status-publish","4":"has-post-thumbnail","6":"product_cat-istutuskast","7":"product_cat-loikelilleaed","8":"product_cat-rodu-ja-terrass","9":"product_cat-roosiaed","10":"product_cat-roosid","11":"product_cat-taimed","12":"pa_aretus-rosen-tantau","13":"pa_avalikustamisaasta-saksamaa-2024","14":"pa_haiguskindlus-hea","15":"pa_kasvukorgus-70-100-cm","16":"pa_laius-45-50-cm","17":"pa_lisainfo-sobilik-istutuskasti-jaoks","18":"pa_lisainfo-sobib-loikelilleks","19":"pa_lohn-orn","20":"pa_oie-suurus-keskmine","21":"pa_oie-varv-aprikoos","22":"pa_oie-varv-oranz","23":"pa_oietuup-taidisois","24":"pa_oitsemine-korduvalt-oitsev","25":"pa_sort-peenraroos","26":"pa_taimede-arvestus-ruutmeetri-4-5","27":"pa_talvekindlus-hea","28":"pa_variatsioon-potis-2l-kevadel","29":"pa_variatsioon-potis-4-6l","31":"first","32":"outofstock","33":"purchasable","34":"product-type-variable"},"acf":[],"_links":{"self":[{"href":"https:\/\/dev.garden.ee\/en\/wp-json\/wp\/v2\/product\/24644","targetHints":{"allow":["GET"]}}],"collection":[{"href":"https:\/\/dev.garden.ee\/en\/wp-json\/wp\/v2\/product"}],"about":[{"href":"https:\/\/dev.garden.ee\/en\/wp-json\/wp\/v2\/types\/product"}],"wp:featuredmedia":[{"embeddable":true,"href":"https:\/\/dev.garden.ee\/en\/wp-json\/wp\/v2\/media\/24652"}],"wp:attachment":[{"href":"https:\/\/dev.garden.ee\/en\/wp-json\/wp\/v2\/media?parent=24644"}],"wp:term":[{"taxonomy":"product_brand","embeddable":true,"href":"https:\/\/dev.garden.ee\/en\/wp-json\/wp\/v2\/product_brand?post=24644"},{"taxonomy":"product_cat","embeddable":true,"href":"https:\/\/dev.garden.ee\/en\/wp-json\/wp\/v2\/product_cat?post=24644"},{"taxonomy":"product_tag","embeddable":true,"href":"https:\/\/dev.garden.ee\/en\/wp-json\/wp\/v2\/product_tag?post=24644"}],"curies":[{"name":"wp","href":"https:\/\/api.w.org\/{rel}","templated":true}]}}