{"id":24641,"date":"2026-02-02T01:29:40","date_gmt":"2026-02-01T23:29:40","guid":{"rendered":"https:\/\/dev.garden.ee\/?post_type=product&#038;p=24641"},"modified":"2026-02-03T09:33:05","modified_gmt":"2026-02-03T07:33:05","slug":"cornelia","status":"publish","type":"product","link":"https:\/\/dev.garden.ee\/en\/product\/cornelia\/","title":{"rendered":"Cornelia"},"content":{"rendered":"<input class=\"fooboxshare_post_id\" type=\"hidden\" value=\"24641\"\/>","protected":false},"excerpt":{"rendered":"<p>\u00d5ierikkad kobarad v\u00e4ikestest, formaalsetest rosetikujulistest \u00f5itest. Alguses on \u00f5ied virsiku\u2013aprikoosi tooni, mis aja jooksul helenevad virsiku\u2013roosaks. \u00d5itel on keskmise tugevusega teeh\u00fcbriidi l\u00f5hn. Lehestik on tumeroheline. Taim moodustab kauni, vormika p\u00f5\u00f5sa, kasvades j\u00f5uliste pikkade ja painduvate okstega kuni 150 cm k\u00f5rguseks.<\/p>\n<p data-start=\"418\" data-end=\"529\" data-is-last-node=\"\" data-is-only-node=\"\">Sobib suurep\u00e4raselt peenardesse, \u00e4\u00e4ristustesse v\u00f5i hekkidesse, olles samas ka hea l\u00f5ikelill.<\/p>\n<p>Sort on p\u00e4lvinud RHS Garden Merit auhinna.<\/p>\n<p><span style=\"color: #ff0000;\">ETTETELLIMINE, V\u00c4LJASTAMINE APRILLI KESKPAIGAST<\/span><\/p>","protected":false},"featured_media":24700,"template":"","meta":[],"product_brand":[],"product_cat":[4395,4414,4413,4416,4402,22],"product_tag":[9209],"class_list":{"0":"post-24641","1":"product","2":"type-product","3":"status-publish","4":"has-post-thumbnail","6":"product_cat-hekid","7":"product_cat-lohnaaed","8":"product_cat-loikelilleaed","9":"product_cat-roosiaed","10":"product_cat-roosid","11":"product_cat-taimed","12":"product_tag-rhs-award-of-garden-merit","13":"pa_aretus-david-austin","14":"pa_avalikustamisaasta-uhendkuningriigid-1925","15":"pa_haiguskindlus-vaga-hea","16":"pa_kasvukorgus-120-150-cm","17":"pa_laius-120-150-cm","18":"pa_lisainfo-ideaalne-heki-loomiseks","19":"pa_lisainfo-sobib-lohnaaeda","20":"pa_lisainfo-sobib-loikelilleks","21":"pa_lisainfo-sobib-osalise-varjuga-kasvualale","22":"pa_lohn-keskmine","23":"pa_lohn-teehubriidi","24":"pa_oie-suurus-vaike","25":"pa_oie-varv-virsikuroosa","26":"pa_oietuup-taidisois","27":"pa_oitsemine-korduvalt-oitsev","28":"pa_sort-poosasroos","29":"pa_taimede-arvestus-ruutmeetri-9220","30":"pa_talvekindlus-hea","31":"pa_variatsioon-paljasjuurne-ainult-kevadel","32":"pa_variatsioon-potis-4-6l","33":"pa_variatsioon-potis-4-6l-suvel-ja-sugisel","35":"first","36":"outofstock","37":"purchasable","38":"product-type-variable"},"acf":[],"_links":{"self":[{"href":"https:\/\/dev.garden.ee\/en\/wp-json\/wp\/v2\/product\/24641","targetHints":{"allow":["GET"]}}],"collection":[{"href":"https:\/\/dev.garden.ee\/en\/wp-json\/wp\/v2\/product"}],"about":[{"href":"https:\/\/dev.garden.ee\/en\/wp-json\/wp\/v2\/types\/product"}],"wp:featuredmedia":[{"embeddable":true,"href":"https:\/\/dev.garden.ee\/en\/wp-json\/wp\/v2\/media\/24700"}],"wp:attachment":[{"href":"https:\/\/dev.garden.ee\/en\/wp-json\/wp\/v2\/media?parent=24641"}],"wp:term":[{"taxonomy":"product_brand","embeddable":true,"href":"https:\/\/dev.garden.ee\/en\/wp-json\/wp\/v2\/product_brand?post=24641"},{"taxonomy":"product_cat","embeddable":true,"href":"https:\/\/dev.garden.ee\/en\/wp-json\/wp\/v2\/product_cat?post=24641"},{"taxonomy":"product_tag","embeddable":true,"href":"https:\/\/dev.garden.ee\/en\/wp-json\/wp\/v2\/product_tag?post=24641"}],"curies":[{"name":"wp","href":"https:\/\/api.w.org\/{rel}","templated":true}]}}