{"id":24638,"date":"2026-02-02T01:02:15","date_gmt":"2026-02-01T23:02:15","guid":{"rendered":"https:\/\/dev.garden.ee\/?post_type=product&#038;p=24638"},"modified":"2026-02-10T10:40:20","modified_gmt":"2026-02-10T08:40:20","slug":"cl-red-flame-uus","status":"publish","type":"product","link":"https:\/\/dev.garden.ee\/en\/product\/cl-red-flame-uus\/","title":{"rendered":"Cl. Red Flame UUS!"},"content":{"rendered":"<input class=\"fooboxshare_post_id\" type=\"hidden\" value=\"24638\"\/>","protected":false},"excerpt":{"rendered":"<p data-start=\"0\" data-end=\"370\">See roniroos kannab 14 cm t\u00e4idis\u00f5isi (u. 35 kroonlehte) kaunis sametpunases toonis. Tal on kaks silmapaistvat omadust: v\u00e4ga hea haiguskindlus (mida toetab v\u00e4ga l\u00e4ikiv tumeroheline lehestik) ning suurep\u00e4rane l\u00f5hn, mida spetsialistid on kirjeldanud kui <em data-start=\"268\" data-end=\"367\">\u201epuuviljane vaarikal\u00f5hn klassikalise roosi noodiga, milles on tunda ka veini ja merelisi n\u00fcansse\u201c<\/em>. \u00d5itseb kuni k\u00fclmadeni.<\/p>\n<p data-start=\"441\" data-end=\"534\" data-is-last-node=\"\" data-is-only-node=\"\">Sobib kasutamiseks seintel, aedadel, sammaste ja pergolate katmiseks.<\/p>\n<p>Auhinnad: Prize Gold Star of the South Pacific (2012 PALMERSTON, NZ); Fragrance Award &#8211; June Hocking (2012 PALMERSTON, NZ).<\/p>\n<p><span style=\"color: #ff0000;\">ETTETELLIMINE, V\u00c4LJASTAMINE APRILLI KESKPAIGAST<\/span><\/p>","protected":false},"featured_media":24699,"template":"","meta":[],"product_brand":[],"product_cat":[4414,4416,4402,22],"product_tag":[],"class_list":{"0":"post-24638","1":"product","2":"type-product","3":"status-publish","4":"has-post-thumbnail","6":"product_cat-lohnaaed","7":"product_cat-roosiaed","8":"product_cat-roosid","9":"product_cat-taimed","10":"pa_aretus-nirp","11":"pa_avalikustamisaasta-prantsusmaa-1997","12":"pa_haiguskindlus-vaga-hea","13":"pa_kasvukorgus-250-300-cm","14":"pa_laius-100-150-cm","15":"pa_lisainfo-ronitaim","16":"pa_lisainfo-sobib-lohnaaeda","17":"pa_lohn-tugev","18":"pa_lohn-puuviljane","19":"pa_oie-suurus-ulisuur","20":"pa_oie-varv-punane","21":"pa_oietuup-taidisois","22":"pa_oitsemine-korduvalt-oitsev","23":"pa_sort-roniroos","24":"pa_taimede-arvestus-ruutmeetri-9220","25":"pa_variatsioon-paljasjuurne-ainult-kevadel","26":"pa_variatsioon-potis-4-6l","27":"pa_variatsioon-potis-4-6l-suvel-ja-sugisel","29":"first","30":"outofstock","31":"purchasable","32":"product-type-variable"},"acf":[],"_links":{"self":[{"href":"https:\/\/dev.garden.ee\/en\/wp-json\/wp\/v2\/product\/24638","targetHints":{"allow":["GET"]}}],"collection":[{"href":"https:\/\/dev.garden.ee\/en\/wp-json\/wp\/v2\/product"}],"about":[{"href":"https:\/\/dev.garden.ee\/en\/wp-json\/wp\/v2\/types\/product"}],"wp:featuredmedia":[{"embeddable":true,"href":"https:\/\/dev.garden.ee\/en\/wp-json\/wp\/v2\/media\/24699"}],"wp:attachment":[{"href":"https:\/\/dev.garden.ee\/en\/wp-json\/wp\/v2\/media?parent=24638"}],"wp:term":[{"taxonomy":"product_brand","embeddable":true,"href":"https:\/\/dev.garden.ee\/en\/wp-json\/wp\/v2\/product_brand?post=24638"},{"taxonomy":"product_cat","embeddable":true,"href":"https:\/\/dev.garden.ee\/en\/wp-json\/wp\/v2\/product_cat?post=24638"},{"taxonomy":"product_tag","embeddable":true,"href":"https:\/\/dev.garden.ee\/en\/wp-json\/wp\/v2\/product_tag?post=24638"}],"curies":[{"name":"wp","href":"https:\/\/api.w.org\/{rel}","templated":true}]}}