{"id":24634,"date":"2026-02-01T21:26:55","date_gmt":"2026-02-01T19:26:55","guid":{"rendered":"https:\/\/dev.garden.ee\/?post_type=product&#038;p=24634"},"modified":"2026-02-03T09:26:18","modified_gmt":"2026-02-03T07:26:18","slug":"cherry-frost","status":"publish","type":"product","link":"https:\/\/dev.garden.ee\/en\/product\/cherry-frost\/","title":{"rendered":"Cherry Frost\u00ae Overedclimb UUS!"},"content":{"rendered":"<input class=\"fooboxshare_post_id\" type=\"hidden\" value=\"24634\"\/>","protected":false},"excerpt":{"rendered":"<p data-start=\"111\" data-end=\"455\">Paistab silma oma sametjate, intensiivselt punaste \u00f5ite ja l\u00e4ikiva rohelise lehestikuga. Tuntud oma suurep\u00e4rase haiguskindluse ja ilmastikutaluvuse poolest. Sort on aretatud taluma \u00e4\u00e4rmuslikke k\u00fclmi ning j\u00e4tkab rikkalikku \u00f5itsemist ka kuumadel suvedel, s\u00e4ilitades terve ja kauni lehestiku kogu hooaja v\u00e4ltel. Taim kasvab j\u00f5uliselt, kuid tasakaalukalt, saavutades maksimaalse k\u00f5rguse 200 cm, vajadusel saab teda hoida ka 150\u2013175 cm k\u00f5rgusena. \u00d5ied puhkevad kobarates, on t\u00e4idis\u00f5ielised (20\u201330 kroonlehte), \u00fcmarad ja t\u00e4idlased ning v\u00f5ivad vahel paljastada kuldse tolmukate s\u00fcdame.<\/p>\n<p data-start=\"823\" data-end=\"1171\">Ideaalne valik neile, kes otsivad lihtsasti hooldatavat, kompaktset, vastupidavat ja rikkalikult \u00f5itsevat roniroosi, mis pakub silmailu kogu hooaja v\u00e4ltel ka keerulisemates kasvutingimustes.<\/p>\n<p data-start=\"111\" data-end=\"455\">See sort sobib suurep\u00e4raselt r\u00f5dudele, terrassidele, seinte ja aedade katmiseks, olles \u00fcks ideaalsemaid roniroose ka v\u00e4iksematesse aedadesse ja konteineritesse.<\/p>\n<p data-start=\"1775\" data-end=\"1796\">Sobib h\u00e4sti kokku lavendli, naisten\u00f5gese\u00a0ja k\u00f5rrelistega (nt. stepirohi siidp\u00f6\u00f6ris), mis toovad esile roosi s\u00fcgavpunase v\u00e4rvi. Romantilise koosluse loomiseks v\u00f5ib lisada ka elul\u00f5ngu.<\/p>\n<p><span style=\"color: #ff0000;\">ETTETELLIMINE, V\u00c4LJASTAMINE APRILLI KESKPAIGAST<\/span><\/p>","protected":false},"featured_media":24695,"template":"","meta":[],"product_brand":[],"product_cat":[9637,4413,9550,4416,4402,4408,22],"product_tag":[],"class_list":{"0":"post-24634","1":"product","2":"type-product","3":"status-publish","4":"has-post-thumbnail","6":"product_cat-istutuskast","7":"product_cat-loikelilleaed","8":"product_cat-rodu-ja-terrass","9":"product_cat-roosiaed","10":"product_cat-roosid","11":"product_cat-vaike-aed","12":"product_cat-taimed","13":"pa_aretus-julie-overom","14":"pa_avalikustamisaasta-ameerika-uhendriigid-2010ndad","15":"pa_haiguskindlus-vaga-hea","16":"pa_kasvukorgus-200-cm","17":"pa_laius-200-cm","18":"pa_lisainfo-ronitaim","19":"pa_lisainfo-sobilik-istutuskasti-jaoks","20":"pa_lisainfo-sobib-loikelilleks","21":"pa_lisainfo-sobib-osalise-varjuga-kasvualale","22":"pa_lohn-lohnatu","23":"pa_oie-suurus-keskmine","24":"pa_oie-varv-punane","25":"pa_oietuup-taidisois","26":"pa_oitsemine-korduvalt-oitsev","27":"pa_sort-roniroos","28":"pa_taimede-arvestus-ruutmeetri-9220","29":"pa_talvekindlus-vaga-hea","30":"pa_variatsioon-paljasjuurne-ainult-kevadel","31":"pa_variatsioon-potis-4-6l","32":"pa_variatsioon-potis-4-6l-suvel-ja-sugisel","34":"first","35":"outofstock","36":"purchasable","37":"product-type-variable"},"acf":[],"_links":{"self":[{"href":"https:\/\/dev.garden.ee\/en\/wp-json\/wp\/v2\/product\/24634","targetHints":{"allow":["GET"]}}],"collection":[{"href":"https:\/\/dev.garden.ee\/en\/wp-json\/wp\/v2\/product"}],"about":[{"href":"https:\/\/dev.garden.ee\/en\/wp-json\/wp\/v2\/types\/product"}],"wp:featuredmedia":[{"embeddable":true,"href":"https:\/\/dev.garden.ee\/en\/wp-json\/wp\/v2\/media\/24695"}],"wp:attachment":[{"href":"https:\/\/dev.garden.ee\/en\/wp-json\/wp\/v2\/media?parent=24634"}],"wp:term":[{"taxonomy":"product_brand","embeddable":true,"href":"https:\/\/dev.garden.ee\/en\/wp-json\/wp\/v2\/product_brand?post=24634"},{"taxonomy":"product_cat","embeddable":true,"href":"https:\/\/dev.garden.ee\/en\/wp-json\/wp\/v2\/product_cat?post=24634"},{"taxonomy":"product_tag","embeddable":true,"href":"https:\/\/dev.garden.ee\/en\/wp-json\/wp\/v2\/product_tag?post=24634"}],"curies":[{"name":"wp","href":"https:\/\/api.w.org\/{rel}","templated":true}]}}