{"id":24630,"date":"2026-02-01T16:15:31","date_gmt":"2026-02-01T14:15:31","guid":{"rendered":"https:\/\/dev.garden.ee\/?post_type=product&#038;p=24630"},"modified":"2026-02-03T09:25:15","modified_gmt":"2026-02-03T07:25:15","slug":"bring-me-sunshine","status":"publish","type":"product","link":"https:\/\/dev.garden.ee\/en\/product\/bring-me-sunshine\/","title":{"rendered":"Bring me Sunshine"},"content":{"rendered":"<input class=\"fooboxshare_post_id\" type=\"hidden\" value=\"24630\"\/>","protected":false},"excerpt":{"rendered":"<p>R\u00f5\u00f5msalt soe ja kutsuv sort, mis kannab s\u00fcgavalt t\u00e4idiseid, kupukujulisi rosett\u00f5isi. Rikkaliku p\u00e4ikeseloojanguoran\u017ei-kollase varjundiga, mis aja jooksul pleegib heledamate aprikoositoonideni. Terve, p\u00fcstise kasvuga ja p\u00f5\u00f5sasjas taim, millel on keerukas, keskmise tugevusega m\u00fcrrine l\u00f5hn. Sobib kondeineris kasvatamiseks.<\/p>\n<p>Nime sai Morecambe&#8217;i ja Wise&#8217;i laulu &#8220;Bring me Sunshine&#8221; j\u00e4rgi.<\/p>","protected":false},"featured_media":24692,"template":"","meta":[],"product_brand":[],"product_cat":[9637,4413,9550,4416,4402,22],"product_tag":[],"class_list":{"0":"post-24630","1":"product","2":"type-product","3":"status-publish","4":"has-post-thumbnail","6":"product_cat-istutuskast","7":"product_cat-loikelilleaed","8":"product_cat-rodu-ja-terrass","9":"product_cat-roosiaed","10":"product_cat-roosid","11":"product_cat-taimed","12":"pa_aretus-david-austin","13":"pa_avalikustamisaasta-uhendkuningriik-2022","14":"pa_haiguskindlus-vaga-hea","15":"pa_kasvukorgus-125-cm","16":"pa_laius-110-cm","17":"pa_lisainfo-sobilik-istutuskasti-jaoks","18":"pa_lisainfo-sobib-loikelilleks","19":"pa_lisainfo-sobib-osalise-varjuga-kasvualale","20":"pa_lohn-keskmine","21":"pa_lohn-murrine","22":"pa_oie-varv-kollane","23":"pa_oie-varv-oranz","24":"pa_oietuup-taidisois","25":"pa_oitsemine-korduvalt-oitsev","26":"pa_sort-poosasroos","27":"pa_sunonuum-ausernie","28":"pa_taimede-arvestus-ruutmeetri-9220","29":"pa_talvekindlus-vaga-hea","30":"pa_variatsioon-paljasjuurne-ainult-kevadel","31":"pa_variatsioon-potis-4-6l","32":"pa_variatsioon-potis-4-6l-suvel-ja-sugisel","34":"first","35":"outofstock","36":"purchasable","37":"product-type-variable"},"acf":[],"_links":{"self":[{"href":"https:\/\/dev.garden.ee\/en\/wp-json\/wp\/v2\/product\/24630","targetHints":{"allow":["GET"]}}],"collection":[{"href":"https:\/\/dev.garden.ee\/en\/wp-json\/wp\/v2\/product"}],"about":[{"href":"https:\/\/dev.garden.ee\/en\/wp-json\/wp\/v2\/types\/product"}],"wp:featuredmedia":[{"embeddable":true,"href":"https:\/\/dev.garden.ee\/en\/wp-json\/wp\/v2\/media\/24692"}],"wp:attachment":[{"href":"https:\/\/dev.garden.ee\/en\/wp-json\/wp\/v2\/media?parent=24630"}],"wp:term":[{"taxonomy":"product_brand","embeddable":true,"href":"https:\/\/dev.garden.ee\/en\/wp-json\/wp\/v2\/product_brand?post=24630"},{"taxonomy":"product_cat","embeddable":true,"href":"https:\/\/dev.garden.ee\/en\/wp-json\/wp\/v2\/product_cat?post=24630"},{"taxonomy":"product_tag","embeddable":true,"href":"https:\/\/dev.garden.ee\/en\/wp-json\/wp\/v2\/product_tag?post=24630"}],"curies":[{"name":"wp","href":"https:\/\/api.w.org\/{rel}","templated":true}]}}