{"id":24624,"date":"2026-02-01T13:52:14","date_gmt":"2026-02-01T11:52:14","guid":{"rendered":"https:\/\/dev.garden.ee\/?post_type=product&#038;p=24624"},"modified":"2026-02-03T09:24:07","modified_gmt":"2026-02-03T07:24:07","slug":"bounty","status":"publish","type":"product","link":"https:\/\/dev.garden.ee\/en\/product\/bounty\/","title":{"rendered":"Bounty\u00ae"},"content":{"rendered":"<input class=\"fooboxshare_post_id\" type=\"hidden\" value=\"24624\"\/>","protected":false},"excerpt":{"rendered":"<p data-start=\"81\" data-end=\"633\">Pinnakatteroos, mis moodustab l\u00fchikese ajaga tugevad, puitunud v\u00f5rsed ning kasvab madala ja laiuva kujuga . Seet\u00f5ttu sobib ta h\u00e4sti nii v\u00e4ikeaedadesse, r\u00f5dudele ja terrassidele kui ka massistutusse. Keskmise suurusega, kuni 4 &#8211; 6 cm l\u00e4bim\u00f5\u00f5duga valged poolt\u00e4idis\u00f5ied on keskelt \u00f5rnalt kreemikama varjundiga, meeldivalt tagasihoidliku l\u00f5hnaga ning t\u00f5usevad eriti efektselt esile tumerohelise, l\u00e4ikiva lehestiku taustal. P\u00f5\u00f5sas \u00f5itseb rikkalikult ja pikalt juunist oktoobrini.<\/p>\n<p data-start=\"635\" data-end=\"983\">T\u00e4nu oma v\u00e4ga heale haiguskindlusele ja vastupidavale kasvule on Bounty\u00ae suurep\u00e4rane valik ka algajale roosikasvatajale. Sobib kasutamiseks avalikel haljasaladel, pottides ja konteinerites, \u00e4\u00e4ristustes, terrassidel, v\u00e4ikestes gruppides ning massistutustes, kus tema \u00fchtlane kasv ja pikk \u00f5itsemisaeg h\u00e4sti esile p\u00e4\u00e4sevad.<\/p>\n<p>Auhind: New Rose Gold Medal Den Haag (Holland 2020).<\/p>\n<p><span style=\"color: #ff0000;\">ETTETELLIMINE, V\u00c4LJASTAMINE APRILLI TEISEST POOLEST<\/span><\/p>","protected":false},"featured_media":24690,"template":"","meta":[],"product_brand":[],"product_cat":[9637,9550,4416,4402,4408,22],"product_tag":[],"class_list":{"0":"post-24624","1":"product","2":"type-product","3":"status-publish","4":"has-post-thumbnail","6":"product_cat-istutuskast","7":"product_cat-rodu-ja-terrass","8":"product_cat-roosiaed","9":"product_cat-roosid","10":"product_cat-vaike-aed","11":"product_cat-taimed","12":"pa_aretus-rosen-tantau","13":"pa_avalikustamisaasta-saksamaa-2020","14":"pa_haiguskindlus-vaga-hea","15":"pa_kasvukorgus-50-80-cm","16":"pa_laius-50-60-cm","17":"pa_lisainfo-hea-pinnakatja","18":"pa_lisainfo-sobilik-istutuskasti-jaoks","19":"pa_lohn-orn","20":"pa_oie-suurus-keskmine","21":"pa_oie-varv-kreemjas","22":"pa_oie-varv-valge","23":"pa_oietuup-pooltaidisois","24":"pa_oitsemine-korduvalt-oitsev","25":"pa_sort-pinnakatteroos","26":"pa_taimede-arvestus-ruutmeetri-3-4","27":"pa_talvekindlus-vaga-hea","28":"pa_variatsioon-potis-2l-kevadel","29":"pa_variatsioon-potis-4-6l","31":"first","32":"outofstock","33":"purchasable","34":"product-type-variable"},"acf":[],"_links":{"self":[{"href":"https:\/\/dev.garden.ee\/en\/wp-json\/wp\/v2\/product\/24624","targetHints":{"allow":["GET"]}}],"collection":[{"href":"https:\/\/dev.garden.ee\/en\/wp-json\/wp\/v2\/product"}],"about":[{"href":"https:\/\/dev.garden.ee\/en\/wp-json\/wp\/v2\/types\/product"}],"wp:featuredmedia":[{"embeddable":true,"href":"https:\/\/dev.garden.ee\/en\/wp-json\/wp\/v2\/media\/24690"}],"wp:attachment":[{"href":"https:\/\/dev.garden.ee\/en\/wp-json\/wp\/v2\/media?parent=24624"}],"wp:term":[{"taxonomy":"product_brand","embeddable":true,"href":"https:\/\/dev.garden.ee\/en\/wp-json\/wp\/v2\/product_brand?post=24624"},{"taxonomy":"product_cat","embeddable":true,"href":"https:\/\/dev.garden.ee\/en\/wp-json\/wp\/v2\/product_cat?post=24624"},{"taxonomy":"product_tag","embeddable":true,"href":"https:\/\/dev.garden.ee\/en\/wp-json\/wp\/v2\/product_tag?post=24624"}],"curies":[{"name":"wp","href":"https:\/\/api.w.org\/{rel}","templated":true}]}}