{"id":24621,"date":"2026-01-31T23:35:26","date_gmt":"2026-01-31T21:35:26","guid":{"rendered":"https:\/\/dev.garden.ee\/?post_type=product&#038;p=24621"},"modified":"2026-02-03T09:23:25","modified_gmt":"2026-02-03T07:23:25","slug":"blue-girl","status":"publish","type":"product","link":"https:\/\/dev.garden.ee\/en\/product\/blue-girl\/","title":{"rendered":"Blue Girl\u00ae UUS!"},"content":{"rendered":"<input class=\"fooboxshare_post_id\" type=\"hidden\" value=\"24621\"\/>","protected":false},"excerpt":{"rendered":"<p data-start=\"153\" data-end=\"546\">Suured \u00f5ied kuni 12 cm, topelt ja kausja kujuga, koos 40 delikaatse kroonlehega. \u00d5ied on unikaalse lavendlililla v\u00e4rviga, intensiivselt l\u00f5hnavad ja korduv\u00f5itsevad, suve algusest kuni esimeste \u00f6\u00f6k\u00fclmadeni. Taim on tihe p\u00f5\u00f5sasjas, lehestik pooltumeroheline kuni tumeroheline, pooll\u00e4ikiv ning v\u00e4ga haiguskindel.<\/p>\n<p data-start=\"548\" data-end=\"793\">Sobib \u00fcksikult v\u00f5i gruppides, potikasvatuseks, peenraroosina v\u00f5i l\u00f5ikelilleks suurtes kimpudes.<\/p>\n<p><span style=\"color: #ff0000;\">ETTETELLIMINE, V\u00c4LJASTAMINE APRILLI KESKPAIGAST<\/span><\/p>","protected":false},"featured_media":24689,"template":"","meta":[],"product_brand":[],"product_cat":[9637,4413,9550,4416,4402,22],"product_tag":[],"class_list":{"0":"post-24621","1":"product","2":"type-product","3":"status-publish","4":"has-post-thumbnail","6":"product_cat-istutuskast","7":"product_cat-loikelilleaed","8":"product_cat-rodu-ja-terrass","9":"product_cat-roosiaed","10":"product_cat-roosid","11":"product_cat-taimed","12":"pa_aretus-nirp","13":"pa_avalikustamisaasta-prantsusmaa-2008","14":"pa_haiguskindlus-vaga-hea","15":"pa_kasvukorgus-60-70-cm","16":"pa_laius-60-cm","17":"pa_lisainfo-sobilik-istutuskasti-jaoks","18":"pa_lisainfo-sobib-lohnaaeda","19":"pa_lisainfo-sobib-loikelilleks","20":"pa_lohn-tugev","21":"pa_oie-suurus-suur","22":"pa_oie-varv-lavendlililla","23":"pa_oietuup-taidisois","24":"pa_oitsemine-korduvalt-oitsev","25":"pa_sort-poosasroos","26":"pa_taimede-arvestus-ruutmeetri-5-6","27":"pa_variatsioon-paljasjuurne-ainult-kevadel","28":"pa_variatsioon-potis-4-6l-suvel-ja-sugisel","30":"first","31":"outofstock","32":"purchasable","33":"product-type-variable"},"acf":[],"_links":{"self":[{"href":"https:\/\/dev.garden.ee\/en\/wp-json\/wp\/v2\/product\/24621","targetHints":{"allow":["GET"]}}],"collection":[{"href":"https:\/\/dev.garden.ee\/en\/wp-json\/wp\/v2\/product"}],"about":[{"href":"https:\/\/dev.garden.ee\/en\/wp-json\/wp\/v2\/types\/product"}],"wp:featuredmedia":[{"embeddable":true,"href":"https:\/\/dev.garden.ee\/en\/wp-json\/wp\/v2\/media\/24689"}],"wp:attachment":[{"href":"https:\/\/dev.garden.ee\/en\/wp-json\/wp\/v2\/media?parent=24621"}],"wp:term":[{"taxonomy":"product_brand","embeddable":true,"href":"https:\/\/dev.garden.ee\/en\/wp-json\/wp\/v2\/product_brand?post=24621"},{"taxonomy":"product_cat","embeddable":true,"href":"https:\/\/dev.garden.ee\/en\/wp-json\/wp\/v2\/product_cat?post=24621"},{"taxonomy":"product_tag","embeddable":true,"href":"https:\/\/dev.garden.ee\/en\/wp-json\/wp\/v2\/product_tag?post=24621"}],"curies":[{"name":"wp","href":"https:\/\/api.w.org\/{rel}","templated":true}]}}